{"id":790,"date":"2023-01-11T12:11:49","date_gmt":"2023-01-11T12:11:49","guid":{"rendered":"https:\/\/q9s.5f0.myftpupload.com\/colision-trasera\/"},"modified":"2024-05-14T20:18:54","modified_gmt":"2024-05-14T20:18:54","slug":"colision-trasera","status":"publish","type":"page","link":"https:\/\/q9s.5f0.myftpupload.com\/es\/colision-trasera\/","title":{"rendered":"Colisi\u00f3n trasera"},"content":{"rendered":"<h1>Abogados en Houston expertos en colisi\u00f3n trasera, Ayudan a los clientes a cobrar los da\u00f1os y perjuicios.<\/h1>\n<p>Las colisiones por alcance ocurren a diario en las concurridas calles de Houston. Aunque estos sucesos pueden parecer menos graves que otros accidentes de coche, un choque por alcance puede causar graves da\u00f1os materiales y lesiones personales tanto para el conductor como para el pasajero. Estos accidentes de tr\u00e1fico pueden ser peligrosos tanto a baja como a alta velocidad.<\/p>\n<p>Usted tiene opciones legales si es v\u00edctima de un accidente de transito por alcance debido a la negligencia de otra persona. Con la ayuda de nuestro talentoso equipo legal, puede cobrar una indemnizaci\u00f3n por gastos m\u00e9dicos, salarios perdidos, dolor, sufrimiento, y mucho m\u00e1s. Sea cual sea el tipo de accidente de tr\u00e1fico que haya sufrido, merece una compensaci\u00f3n econ\u00f3mica por los da\u00f1os econ\u00f3micos y no econ\u00f3micos sufridos.<\/p>\n<p>Obtenga la ayuda legal que necesita para lograr una demanda exitosa por lesiones personales llamando a The Shariff Law Firm, PLLC, hoy. P\u00f3ngase en contacto con nosotros de inmediato llamando al 713-881-9739.<\/p>\n<h2>\u00bfCu\u00e1les son las razones mas comunes durante las colisiones traseras que se producen en Houston?<\/h2>\n<p>Los accidentes por alcance pueden ocurrir en varios escenarios, y no siempre son culpa del conductor que va atr\u00e1s. La raz\u00f3n m\u00e1s com\u00fan de un accidente de coche por alcance es la conducci\u00f3n distra\u00edda, como el uso del tel\u00e9fono m\u00f3vil o comer mientras se conduce.<\/p>\n<p><strong>Algunas de las razones m\u00e1s comunes durante las colisiones traseras en Houston son:<\/strong><\/p>\n<ul>\n<li><strong>Conducci\u00f3n distra\u00edda: <\/strong>incluye diversos comportamientos que hacen que una persona desv\u00ede la mirada de la carretera o no se centre en la conducci\u00f3n. Algunas distracciones habituales al volante son enviar mensajes de texto o hablar por tel\u00e9fono, comer, beber, maquillarse o ajustar la configuraci\u00f3n de audio del coche.<\/li>\n<li><strong>Conducir fatigado &#8211; <\/strong>Los conductores somnolientos tambi\u00e9n pueden provocar colisiones por alcance, ya que su tiempo de respuesta es m\u00e1s lento debido al cansancio.<\/li>\n<li><strong>Ir a rebufo<\/strong> <strong>&#8211; <\/strong>Es necesario mantener una distancia de seguridad para que los conductores puedan detenerse en caso de emergencia. Los conductores agresivos a veces siguen demasiado de cerca al coche de adelante, lo que hace imposible frenar de repente y evitar un choque por alcance.<\/li>\n<li><strong>Exceso de velocidad &#8211; <\/strong>Cuando los conductores superan el l\u00edmite de velocidad, esto tambi\u00e9n puede reducir su tiempo de reacci\u00f3n y provocar un accidente por alcance. Las colisiones a alta velocidad tienen da\u00f1os y lesiones m\u00e1s devastadores debido al mayor impacto en ambos veh\u00edculos.<\/li>\n<li><strong>Malas condiciones meteorol\u00f3gicas: <\/strong>Houston no es conocida por sus carreteras heladas, pero nuestra ciudad tiene su buena dosis de condiciones peligrosas, como niebla y lluvias torrenciales. Las carreteras resbaladizas y la falta de visibilidad pueden contribuir a un accidente por alcance.<\/li>\n<\/ul>\n<p>Cualquiera que sea la raz\u00f3n de su accidente de coche, usted debe hablar con un <a href=\"https:\/\/www.google.com\/maps?cid=3735074471423390345\">abogado experto en colisi\u00f3n trasera<\/a> de inmediato para ver si usted puede recuperar los da\u00f1os. Confiar en una indemnizaci\u00f3n de la compa\u00f1\u00eda de seguros puede no ser suficiente para cubrir su carga financiera. P\u00f3ngase en contacto con nosotros hoy mismo.<\/p>\n<h2>\u00bfQu\u00e9 lesiones pueden derivarse de una colisi\u00f3n por alcance?<\/h2>\n<p>Las v\u00edctimas de un accidente por alcance pueden sufrir lesiones dolorosas que pueden tardar meses en curarse. Si ha sufrido cualquier accidente de tr\u00e1fico, por peque\u00f1o que sea, debe buscar atenci\u00f3n m\u00e9dica inmediatamente. El subid\u00f3n de adrenalina luego del accidente puede enmascarar el dolor incluso de las lesiones m\u00e1s graves, por lo que es esencial que te examine un profesional m\u00e9dico. Las lesiones no tratadas pueden causar da\u00f1os devastadores y de por vida, as\u00ed que no se demore en recibir el tratamiento que necesita.<\/p>\n<p><strong>Las colisiones por alcance pueden causar lesiones graves, como:<\/strong><\/p>\n<ul>\n<li>Latigazo cervical <strong>&#8211; <\/strong>El brusco movimiento de los coches al colisionar puede da\u00f1ar las v\u00e9rtebras y los m\u00fasculos del cuello, provocando una dolorosa afecci\u00f3n conocida como latigazo cervical. El latigazo cervical puede hacer que los movimientos cotidianos resulten dolorosos, afectando la capacidad de la v\u00edctima para trabajar y continuar con su vida diaria.<\/li>\n<li><strong>Traumatismo cr\u00e1neo encef\u00e1lico (TCE): <\/strong>el movimiento del coche en un accidente tambi\u00e9n puede da\u00f1ar los tejidos blandos del cerebro al golpearlo dentro del cr\u00e1neo. Este movimiento puede provocar una conmoci\u00f3n cerebral u otras lesiones cerebrales.<\/li>\n<li><strong>Lesiones en manos y pies &#8211; <\/strong>Otro problema frecuente tras una colisi\u00f3n trasera son los da\u00f1os en manos y pies del conductor. Esto ocurre cuando las mu\u00f1ecas o los tobillos se golpean contra el volante o los frenos y puede causar fracturas o esguinces.<\/li>\n<li><strong>Lesiones de espalda &#8211; <\/strong>Algunas lesiones de espalda que pueden producirse son hernias discales, lesiones nerviosas, pinzamientos nerviosos o fracturas. Las lesiones de espalda son extremadamente dolorosas y pueden reducir el movimiento, dificultando la vida cotidiana. Algunas lesiones medulares requieren intervenci\u00f3n quir\u00fargica, que puede ser costosa y conllevar un largo periodo de recuperaci\u00f3n.<\/li>\n<\/ul>\n<p>Cuando usted sufre porque un conductor negligente caus\u00f3 un accidente por alcance, es posible que necesite ayuda para cubrir sus gastos. Llame a The Shariff Law Firm, PLLC, para abogados de lesiones personales que defender\u00e1n sus derechos y luchar\u00e1n agresivamente para obtener la compensaci\u00f3n que se merece.<\/p>\n<h2>\u00bfQui\u00e9n tiene la culpa en una colisi\u00f3n por alcance?<\/h2>\n<p>Determinar la culpa en cualquier colisi\u00f3n es esencial a la hora de reclamar una indemnizaci\u00f3n por da\u00f1os y perjuicios. Uno de los aspectos cr\u00edticos de una demanda por lesiones personales es que la otra persona no haya actuado con diligencia y que sus actos hayan causado lesiones graves. En un accidente por alcance, demostrar qui\u00e9n tiene la culpa puede ser complicado. Sin embargo, un abogado experto en colisiones traseras investigar\u00e1 el caso y demostrar\u00e1 al juez que usted no tuvo la culpa del accidente.<\/p>\n<p>Un error com\u00fan en las colisiones por alcance es que el conductor delantero nunca tiene la culpa. Esto no es cierto. Si la persona que iba delante no respet\u00f3 una se\u00f1al de tr\u00e1fico, cambi\u00f3 de carril sin se\u00f1alizar o se detuvo de repente, podr\u00eda ser considerada responsable de los da\u00f1os causados por el accidente. Sin embargo, si el conductor de atr\u00e1s conduc\u00eda de forma temeraria, como exceso de velocidad, ir pegado al volante, utilizar el tel\u00e9fono mientras conduc\u00eda o no respetar las normas de tr\u00e1fico, podr\u00eda considerarse culpable.<\/p>\n<p>Texas es un estado de culpa comparativa, lo que significa que tambi\u00e9n es posible que ambos conductores compartan parte de la culpa. Dependiendo de la decisi\u00f3n del tribunal, la indemnizaci\u00f3n concedida se basar\u00e1 en el grado de responsabilidad compartida de los conductores en el accidente. Por ejemplo, si un conductor circulaba con exceso de velocidad y choc\u00f3 por detr\u00e1s a otro veh\u00edculo, pero el conductor delantero ten\u00eda una luz trasera rota, ambas personas pueden compartir parte de la responsabilidad del accidente.<\/p>\n<p>El tribunal puede asignar a cada conductor un determinado porcentaje de responsabilidad, y el conductor con una parte m\u00e1s importante de culpa no recibir\u00e1 indemnizaci\u00f3n alguna. Si el nivel de culpa de la v\u00edctima es del 30%, por ejemplo, recibir\u00e1 el 70% del coste de sus da\u00f1os.<\/p>\n<p>P\u00f3ngase en contacto con nuestro bufete de abogados de inmediato para saber si usted podr\u00eda solicitar da\u00f1os y perjuicios por sus lesiones y lo que puede esperar recibir en su caso.<\/p>\n<h2>\u00bfCual es la indemnizaci\u00f3n que debo recibir por mis lesiones?<\/h2>\n<p>Cuando ha sufrido un accidente de tr\u00e1fico, es posible que le preocupe cubrir sus gastos cuando no pueda trabajar. Es posible que la cobertura de su seguro no cubra las crecientes facturas derivadas de estancias hospitalarias, visitas a especialistas, intervenciones quir\u00fargicas y equipos m\u00e9dicos. Es posible que no pueda volver al trabajo mientras se recupera. Sin embargo, usted podr\u00eda reclamar da\u00f1os y perjuicios por todo esto y m\u00e1s.<\/p>\n<p><strong>Algunos elementos que podr\u00edan cubrirse en una demanda por lesiones personales son:<\/strong><\/p>\n<ul>\n<li>Visitas al m\u00e9dico<\/li>\n<li>Facturas hospitalarias<\/li>\n<li>Visitas de especialistas<\/li>\n<li>Equipamiento m\u00e9dico<\/li>\n<li>Reparaci\u00f3n de veh\u00edculos<\/li>\n<li>P\u00e9rdida de sueldo o salario<\/li>\n<li>Reducci\u00f3n de la capacidad de ganancia<\/li>\n<li>Vacaciones y primas perdidas<\/li>\n<li>Dolor y sufrimiento<\/li>\n<li>Trauma emocional<\/li>\n<li>Desfiguraci\u00f3n<\/li>\n<\/ul>\n<p>Su abogado puede ayudarle a reunir los documentos y otras pruebas que necesite para demostrar que ha sufrido lesiones importantes. Pueden ocuparse de los aspectos jur\u00eddicos de su caso para que usted pueda centrarse en descansar y curarse. P\u00f3ngase en contacto con nosotros inmediatamente para saber m\u00e1s sobre lo que podemos hacer por usted.<\/p>\n<h2>\u00bfDebe contratar a nuestros abogados de Houston colisi\u00f3n trasera?<\/h2>\n<p>Si usted es la v\u00edctima de una colisi\u00f3n trasera Houston, necesita asesoramiento jur\u00eddico y la representaci\u00f3n que puede confiar. En <a href=\"https:\/\/q9s.5f0.myftpupload.com\/es\/\">The Shariff Law Firm, PLLC<\/a>, hemos ayudado a innumerables clientes a recuperar los da\u00f1os que se merecen despu\u00e9s de un accidente automovil\u00edstico. Nuestra experiencia y conocimientos nos dan una visi\u00f3n profunda de la ley de Texas, lo que nos permite obtener los resultados positivos que nuestros clientes necesitan.<\/p>\n<p>No te enfrentes solo a una prueba tan dif\u00edcil. Puede confiar en nuestra habilidad y talento para obtener la indemnizaci\u00f3n que merece por sus lesiones. Prometemos escuchar atentamente sus preocupaciones y volcarnos en cada detalle de su caso para encontrar la mejor soluci\u00f3n para usted. Llame hoy mismo al <a href=\"tel:+17138819739\">713-881-9739.<\/a><\/p>\n","protected":false},"excerpt":{"rendered":"<p>Abogados en Houston expertos en colisi\u00f3n trasera, Ayudan a los clientes a cobrar los da\u00f1os y perjuicios. Las colisiones por alcance ocurren a diario en las concurridas calles de Houston. Aunque estos sucesos pueden parecer menos graves que otros accidentes de coche, un choque por alcance puede causar graves da\u00f1os materiales y lesiones personales tanto [&hellip;]<\/p>\n","protected":false},"author":2,"featured_media":0,"parent":0,"menu_order":0,"comment_status":"closed","ping_status":"closed","template":"","meta":{"inline_featured_image":false,"_genesis_hide_title":false,"_genesis_hide_breadcrumbs":false,"_genesis_hide_singular_image":false,"_genesis_hide_footer_widgets":false,"_genesis_custom_body_class":"","_genesis_custom_post_class":"","_genesis_layout":"","footnotes":""},"class_list":{"0":"post-790","1":"page","2":"type-page","3":"status-publish","5":"entry"},"yoast_head":"<!-- This site is optimized with the Yoast SEO plugin v27.4 - https:\/\/yoast.com\/product\/yoast-seo-wordpress\/ -->\n<title>Abogados expertos en accidentes Colisi\u00f3n Trasera - Houston, TX<\/title>\n<meta name=\"description\" content=\"\u00bfHa resultado herido en una colisi\u00f3n por alcance dentro de Houston? Puede optar a una indemnizaci\u00f3n. P\u00f3ngase en contacto con nuestros excelentes abogados para que le ayuden a cobrar el total de los da\u00f1os y perjuicios que se le deben tras su colisi\u00f3n por alcance.\" \/>\n<meta name=\"robots\" content=\"noindex, follow, max-snippet:-1, max-image-preview:large, max-video-preview:-1\" \/>\n<meta property=\"og:locale\" content=\"es_ES\" \/>\n<meta property=\"og:type\" content=\"article\" \/>\n<meta property=\"og:title\" content=\"Abogados expertos en accidentes Colisi\u00f3n Trasera - Houston, TX\" \/>\n<meta property=\"og:description\" content=\"\u00bfHa resultado herido en una colisi\u00f3n por alcance dentro de Houston? Puede optar a una indemnizaci\u00f3n. P\u00f3ngase en contacto con nuestros excelentes abogados para que le ayuden a cobrar el total de los da\u00f1os y perjuicios que se le deben tras su colisi\u00f3n por alcance.\" \/>\n<meta property=\"og:url\" content=\"https:\/\/q9s.5f0.myftpupload.com\/es\/colision-trasera\/\" \/>\n<meta property=\"og:site_name\" content=\"The Shariff Law Firm, PLLC\" \/>\n<meta property=\"article:modified_time\" content=\"2024-05-14T20:18:54+00:00\" \/>\n<meta name=\"twitter:card\" content=\"summary_large_image\" \/>\n<meta name=\"twitter:label1\" content=\"Est. reading time\" \/>\n\t<meta name=\"twitter:data1\" content=\"7 minutes\" \/>\n<!-- \/ Yoast SEO plugin. -->","yoast_head_json":{"title":"Abogados expertos en accidentes Colisi\u00f3n Trasera - Houston, TX","description":"\u00bfHa resultado herido en una colisi\u00f3n por alcance dentro de Houston? Puede optar a una indemnizaci\u00f3n. P\u00f3ngase en contacto con nuestros excelentes abogados para que le ayuden a cobrar el total de los da\u00f1os y perjuicios que se le deben tras su colisi\u00f3n por alcance.","robots":{"index":"noindex","follow":"follow","max-snippet":"max-snippet:-1","max-image-preview":"max-image-preview:large","max-video-preview":"max-video-preview:-1"},"og_locale":"es_ES","og_type":"article","og_title":"Abogados expertos en accidentes Colisi\u00f3n Trasera - Houston, TX","og_description":"\u00bfHa resultado herido en una colisi\u00f3n por alcance dentro de Houston? Puede optar a una indemnizaci\u00f3n. P\u00f3ngase en contacto con nuestros excelentes abogados para que le ayuden a cobrar el total de los da\u00f1os y perjuicios que se le deben tras su colisi\u00f3n por alcance.","og_url":"https:\/\/q9s.5f0.myftpupload.com\/es\/colision-trasera\/","og_site_name":"The Shariff Law Firm, PLLC","article_modified_time":"2024-05-14T20:18:54+00:00","twitter_card":"summary_large_image","twitter_misc":{"Est. reading time":"7 minutes"},"schema":{"@context":"https:\/\/schema.org","@graph":[{"@type":"WebPage","@id":"https:\/\/q9s.5f0.myftpupload.com\/es\/colision-trasera\/","url":"https:\/\/q9s.5f0.myftpupload.com\/es\/colision-trasera\/","name":"Abogados expertos en accidentes Colisi\u00f3n Trasera - Houston, TX","isPartOf":{"@id":"https:\/\/q9s.5f0.myftpupload.com\/es\/#website"},"datePublished":"2023-01-11T12:11:49+00:00","dateModified":"2024-05-14T20:18:54+00:00","description":"\u00bfHa resultado herido en una colisi\u00f3n por alcance dentro de Houston? Puede optar a una indemnizaci\u00f3n. P\u00f3ngase en contacto con nuestros excelentes abogados para que le ayuden a cobrar el total de los da\u00f1os y perjuicios que se le deben tras su colisi\u00f3n por alcance.","breadcrumb":{"@id":"https:\/\/q9s.5f0.myftpupload.com\/es\/colision-trasera\/#breadcrumb"},"inLanguage":"es-ES","potentialAction":[{"@type":"ReadAction","target":["https:\/\/q9s.5f0.myftpupload.com\/es\/colision-trasera\/"]}]},{"@type":"BreadcrumbList","@id":"https:\/\/q9s.5f0.myftpupload.com\/es\/colision-trasera\/#breadcrumb","itemListElement":[{"@type":"ListItem","position":1,"name":"Home","item":"https:\/\/q9s.5f0.myftpupload.com\/es\/"},{"@type":"ListItem","position":2,"name":"Colisi\u00f3n trasera"}]},{"@type":"WebSite","@id":"https:\/\/q9s.5f0.myftpupload.com\/es\/#website","url":"https:\/\/q9s.5f0.myftpupload.com\/es\/","name":"The Shariff Law Firm, PLLC","description":"","potentialAction":[{"@type":"SearchAction","target":{"@type":"EntryPoint","urlTemplate":"https:\/\/q9s.5f0.myftpupload.com\/es\/?s={search_term_string}"},"query-input":{"@type":"PropertyValueSpecification","valueRequired":true,"valueName":"search_term_string"}}],"inLanguage":"es-ES"}]}},"_links":{"self":[{"href":"https:\/\/q9s.5f0.myftpupload.com\/es\/wp-json\/wp\/v2\/pages\/790","targetHints":{"allow":["GET"]}}],"collection":[{"href":"https:\/\/q9s.5f0.myftpupload.com\/es\/wp-json\/wp\/v2\/pages"}],"about":[{"href":"https:\/\/q9s.5f0.myftpupload.com\/es\/wp-json\/wp\/v2\/types\/page"}],"author":[{"embeddable":true,"href":"https:\/\/q9s.5f0.myftpupload.com\/es\/wp-json\/wp\/v2\/users\/2"}],"replies":[{"embeddable":true,"href":"https:\/\/q9s.5f0.myftpupload.com\/es\/wp-json\/wp\/v2\/comments?post=790"}],"version-history":[{"count":0,"href":"https:\/\/q9s.5f0.myftpupload.com\/es\/wp-json\/wp\/v2\/pages\/790\/revisions"}],"wp:attachment":[{"href":"https:\/\/q9s.5f0.myftpupload.com\/es\/wp-json\/wp\/v2\/media?parent=790"}],"curies":[{"name":"wp","href":"https:\/\/api.w.org\/{rel}","templated":true}]}}