{"id":793,"date":"2023-01-11T13:03:43","date_gmt":"2023-01-11T13:03:43","guid":{"rendered":"https:\/\/q9s.5f0.myftpupload.com\/accidentes-de-camiones\/"},"modified":"2023-10-16T11:49:43","modified_gmt":"2023-10-16T11:49:43","slug":"accidentes-de-camiones","status":"publish","type":"page","link":"https:\/\/q9s.5f0.myftpupload.com\/es\/accidentes-de-camiones\/","title":{"rendered":"Accidentes de camiones"},"content":{"rendered":"<h1>Houston Abogados de accidentes de camiones que representan a las v\u00edctimas en necesidad<\/h1>\n<p>Todo accidente automovil\u00edstico puede ser despiadado, violento y alterar la vida de un modo que pocos accidentes lo hacen. Pero un accidente de coche t\u00edpico rara vez rivaliza con los da\u00f1os y el peligro inherentes a una colisi\u00f3n con un semirremolque. Los grandes camiones son varias veces m\u00e1s grandes, pesados y potentes que casi todos los dem\u00e1s veh\u00edculos que circulan por las carreteras, por lo que es l\u00f3gico que sean capaces de descargar semejante violencia sobre todo lo que encuentran a su paso. Muchos accidentes de camiones grandes provocan lesiones graves o incluso la muerte. Y, por desgracia, en el estado de Texas se producen muchos m\u00e1s accidentes de tr\u00e1fico mortales que en cualquier otro estado del pa\u00eds.<\/p>\n<p>Para complicar a\u00fan m\u00e1s las cosas, un accidente de cami\u00f3n es m\u00e1s complicado de resolver legalmente que un accidente de coche t\u00edpico. Esto se debe a que los semirremolques suelen ser propiedad de empresas de transporte multimillonarias, que tambi\u00e9n los explotan. Estas empresas de camiones est\u00e1n muy reguladas, pero tambi\u00e9n son poderosas entidades empresariales con p\u00f3lizas de seguro protectoras y equipos de abogados para proteger sus intereses.<\/p>\n<p>No es tan sencillo como presentar una demanda por lesiones personales o homicidio culposo contra un conductor negligente. La negligencia del camionero puede haber influido en el accidente, pero los propietarios de ese cami\u00f3n y de su carga tambi\u00e9n encontrar\u00e1n formas de implicarse, influyendo potencialmente en el resultado del caso.<\/p>\n<p>Como v\u00edctima de un accidente, usted no debe ser responsable de la carga financiera de las costosas facturas m\u00e9dicas de un accidente que no fue culpa suya. Y, desde luego, no se le debe pedir que se enfrente por su cuenta a compa\u00f1\u00edas de seguros, abogados combativos y a la poderosa industria de los camiones, y menos cuando a\u00fan se est\u00e1 recuperando de sus lesiones.<\/p>\n<p>Estamos aqu\u00ed para ayudarle. Los abogados de accidentes de camiones con sede en Houston de The Shariff Law Firm, PLLC est\u00e1n bien versados en el manejo de casos complejos de lesiones personales en el estado de Texas, incluyendo la toma de la poderosa industria de camiones. Nos enorgullecemos de ofrecer a los clientes y a sus familiares una representaci\u00f3n legal compasiva en la b\u00fasqueda de los objetivos y deseos del cliente.<\/p>\n<p>El bufete de abogados Shariff ofrece una evaluaci\u00f3n gratuita del caso a los posibles nuevos clientes. Si desea hablar sobre su caso de accidente de cami\u00f3n con m\u00e1s detalle, por favor p\u00f3ngase en contacto con nuestras oficinas legales para programar su consulta inicial gratuita con un miembro de nuestro equipo legal \u00fatil llamando al (713) 881-9739.<\/p>\n<h2>\u00bfCu\u00e1les son las estad\u00edsticas de accidentes de camiones en Texas?<\/h2>\n<p>Es cierto que en Texas se producen m\u00e1s accidentes de tr\u00e1fico mortales que en ning\u00fan otro estado. En Texas se producen anualmente m\u00e1s del 10% de los accidentes mortales de cami\u00f3n del pa\u00eds. California, Florida, Pensilvania y Georgia siguen a Texas, pero no llegan a disputarle el primer puesto.<\/p>\n<p>En el a\u00f1o 2020, el Estado de la Estrella Solitaria sufri\u00f3 32.562 accidentes de camiones comerciales, con el resultado de 581 muertos y 1.245 heridos graves. En todo el pa\u00eds, m\u00e1s del 90% de las v\u00edctimas mortales en accidentes de cami\u00f3n viajaban en veh\u00edculos de pasajeros; s\u00f3lo la m\u00e1s peque\u00f1a minor\u00eda de las v\u00edctimas mortales eran conductores de cami\u00f3n.<\/p>\n<p>Houston es com\u00fanmente reconocida como la ciudad m\u00e1s peligrosa del estado en cuanto a accidentes de tr\u00e1fico, lo que la convierte en la ciudad m\u00e1s peligrosa del pa\u00eds. Solo en Houston se produjeron casi 3.000 accidentes de camiones con resultado de lesiones en el a\u00f1o 2020.<\/p>\n<p>Entre las autopistas e intersecciones m\u00e1s peligrosas de Houston se encuentran la Interestatal 45, la US 290, la Interestatal 10, la US 69 y la Beltway 8.<\/p>\n<h2>\u00bfCu\u00e1les son las lesiones m\u00e1s comunes en los accidentes de semirremolque?<\/h2>\n<p>En los accidentes de cami\u00f3n se producen lesiones similares a las sufridas en otros accidentes de autom\u00f3vil. Sin embargo, con un semirremolque, esas lesiones pueden ser mucho m\u00e1s graves, debido al mayor peso y tama\u00f1o del cami\u00f3n.<\/p>\n<p><strong>Las lesiones graves que suelen producirse en los accidentes de camiones son:<\/strong><\/p>\n<ul>\n<li>Huesos rotos y fracturas.<\/li>\n<li>Contusiones.<\/li>\n<li>Quemaduras.<\/li>\n<li>Coma.<\/li>\n<li>Par\u00e1lisis total o parcial.<\/li>\n<li>Conmociones cerebrales.<\/li>\n<li>Cortes profundos y laceraciones.<\/li>\n<li>Discapacidad.<\/li>\n<li>Desfiguraci\u00f3n.<\/li>\n<li>Hemorragia interna.<\/li>\n<li>Da\u00f1os en \u00f3rganos internos.<\/li>\n<li>P\u00e9rdida de audici\u00f3n.<\/li>\n<li>P\u00e9rdida de miembros y amputaci\u00f3n.<\/li>\n<li>P\u00e9rdida de visi\u00f3n.<\/li>\n<li>Lesiones de cuello y espalda.<\/li>\n<li>Da\u00f1o nervioso.<\/li>\n<li>Trastorno de estr\u00e9s postraum\u00e1tico (TEPT).<\/li>\n<li>Lesiones medulares.<\/li>\n<li>Lesiones de tejidos blandos.<\/li>\n<li>Lesiones cerebrales traum\u00e1ticas.<\/li>\n<li>Whiplash.<\/li>\n<li>  Muerte por negligencia.<\/li>\n<\/ul>\n<p>Tanto si ha sufrido lesiones leves como algo mucho peor, es vital que busque atenci\u00f3n m\u00e9dica sin demora. Algunas lesiones tardan d\u00edas o semanas en manifestarse plenamente, y no querr\u00e1 perder la oportunidad de que su dolor y sufrimiento sean tratados adecuadamente.<\/p>\n<h2>\u00bfCu\u00e1les son las causas de los accidentes de cami\u00f3n?<\/h2>\n<p>Los accidentes de camiones de gran tonelaje pueden ocurrir por innumerables razones, algunas de ellas obvias y otras mucho menos. Lo m\u00e1s triste es que muchos de estos accidentes pueden evitarse y que se han promulgado leyes federales estrictas para garantizar que estas tragedias no se repitan. Por desgracia, a pesar de las estrictas normas de la Administraci\u00f3n Federal de Seguridad de Autotransportes (FMCSA), muchas empresas de transporte por carretera y sus conductores siguen eludiendo estas medidas de seguridad, lo que provoca accidentes y muertes.<\/p>\n<p><strong>Las causas m\u00e1s comunes de los accidentes de camiones comerciales incluyen:<\/strong><\/p>\n<ul>\n<li>Condiciones meteorol\u00f3gicas peligrosas.<\/li>\n<li>Escombros en la carretera.<\/li>\n<li>Conducci\u00f3n distra\u00edda.<\/li>\n<li>Error del conductor.<\/li>\n<li>Fatiga del conductor.<\/li>\n<li>Conducir bajo los efectos de las drogas.<\/li>\n<li>Conducci\u00f3n bajo los efectos del alcohol.<\/li>\n<li>Fallo del equipo.<\/li>\n<li>No ceder el paso.<\/li>\n<li>Cambios de carril inadecuados.<\/li>\n<li>Formaci\u00f3n inadecuada e inexperiencia.<\/li>\n<li>Mantenimiento inadecuado de los camiones.<\/li>\n<li>Carga mal cargada.<\/li>\n<li>Carga sobrecargada.<\/li>\n<li>Carreteras en mal estado.<\/li>\n<li>Infracciones de seguridad.<\/li>\n<li>Inspecciones omitidas.<\/li>\n<li>Exceso de velocidad.<\/li>\n<li>Defectos del cami\u00f3n.<\/li>\n<\/ul>\n<p>Estas causas pueden provocar accidentes peligrosos, como vuelcos, empotramientos y colisiones m\u00faltiples.<\/p>\n<h2>\u00bfQui\u00e9n puede ser considerado responsable de un accidente de cami\u00f3n comercial?<\/h2>\n<p>Aunque la presentaci\u00f3n de reclamaciones por accidentes de cami\u00f3n puede ser m\u00e1s complicada que otras reclamaciones de veh\u00edculos de motor debido al n\u00famero de partes implicadas, hay una compensaci\u00f3n en este caso. Mientras que antes s\u00f3lo pod\u00eda esperar presentar una demanda contra un conductor culpable, en un caso de accidente de cami\u00f3n puede haber otras muchas partes a las que puede exigir responsabilidades. Es posible que no tenga \u00e9xito en la b\u00fasqueda de compensaci\u00f3n de todas las partes, pero su <a href=\"https:\/\/www.google.com\/maps?cid=3735074471423390345\">abogado de accidente de cami\u00f3n<\/a> puede ayudar a examinar los hechos y determinar qu\u00e9 l\u00edneas de investigaci\u00f3n legal puede dar sus frutos.<\/p>\n<p><strong>Las partes que pueden ser consideradas responsables de su reclamaci\u00f3n por accidente de tractor-remolque incluyen:<\/strong><\/p>\n<ul>\n<li>Conductores de otros veh\u00edculos m\u00e1s peque\u00f1os, si son culpables del accidente.<\/li>\n<li>La empresa de carga.<\/li>\n<li>Entidad gubernamental o municipal responsable del estado de las carreteras.<\/li>\n<li>El camionero.<\/li>\n<li>El equipo de mantenimiento del cami\u00f3n.<\/li>\n<li>El fabricante del cami\u00f3n.<\/li>\n<li>La compa\u00f1\u00eda de camiones.<\/li>\n<\/ul>\n<h2>\u00bfEs necesario contratar a un abogado de accidentes de cami\u00f3n para representar su caso?<\/h2>\n<p>Usted no est\u00e1 legalmente obligado a contratar a un abogado de accidente de cami\u00f3n para representar su caso. Sin embargo, hay muchas razones por las que esto deber\u00eda considerarse una decisi\u00f3n inteligente. No s\u00f3lo los demandantes que contratan representaci\u00f3n legal profesional tienen una mayor tasa de \u00e9xito en los tribunales, sino que usted todav\u00eda se est\u00e1 recuperando de una lesi\u00f3n o de la p\u00e9rdida de un ser querido, y su salud debe ser su principal preocupaci\u00f3n.<\/p>\n<p>Hemos esbozado algunas de las preocupaciones para enfrentarse a una empresa de camiones comerciales, pero incluso si el cami\u00f3n era de propiedad privada, sigue siendo prudente considerar un asesoramiento jur\u00eddico experimentado. Independientemente de que en la colisi\u00f3n del cami\u00f3n estuviera implicado un contratista independiente o un sindicalista de una gran empresa, el sector del transporte por carretera es uno de los elementos m\u00e1s significativos y esenciales de la econom\u00eda estadounidense. No piense que por ser &#8220;el peque\u00f1o&#8221; los tribunales se apiadar\u00e1n de su situaci\u00f3n.<\/p>\n<p>Sus abogados le ayudar\u00e1n a enfrentarse al conductor del cami\u00f3n, a su empleador, a los fabricantes del cami\u00f3n y a cualquier otra parte responsable implicada en el accidente de cami\u00f3n de 18 ruedas. El equipo legal examinar\u00e1 los hechos del caso, revisar\u00e1 los informes policiales, hablar\u00e1 con testigos presenciales, grabar\u00e1 el testimonio de expertos y revisar\u00e1 sus registros m\u00e9dicos en un intento de construir el caso m\u00e1s s\u00f3lido posible.<\/p>\n<h2>\u00bfQu\u00e9 tipo de compensaci\u00f3n podr\u00eda recibir para Big Rig caso de accidente?<\/h2>\n<p>Es posible que queramos que nuestra compa\u00f1\u00eda de seguros, o la aseguradora del conductor, nos proporcione el nivel de indemnizaci\u00f3n adecuado al nivel de lesiones que hemos sufrido. Sin embargo, con demasiada frecuencia, nos encontramos con que las compa\u00f1\u00edas de seguros lowball v\u00edctimas de accidentes de camiones y no proporcionan suficiente de un acuerdo para su reclamaci\u00f3n de seguro.<\/p>\n<p>Un equipo legal capaz puede ayudarle a recuperar da\u00f1os que van m\u00e1s all\u00e1 de lo ofrecido por la compa\u00f1\u00eda de seguros. Este acuerdo puede adoptar la forma de da\u00f1os econ\u00f3micos y no econ\u00f3micos.<\/p>\n<p><strong>Los da\u00f1os econ\u00f3micos pueden incluir:<\/strong><\/p>\n<ul>\n<li>P\u00e9rdida del potencial de ingresos futuros.<\/li>\n<li>Salarios perdidos.<\/li>\n<li>Gastos m\u00e9dicos.<\/li>\n<li>Fisioterapia.<\/li>\n<li>Da\u00f1os materiales.<\/li>\n<li>Rehabilitaci\u00f3n.<\/li>\n<li>Reclamaciones por homicidio culposo.<\/li>\n<\/ul>\n<p><strong>Los da\u00f1os no econ\u00f3micos pueden incluir:<\/strong><\/p>\n<ul>\n<li>Discapacidad.<\/li>\n<li>Angustia emocional.<\/li>\n<li>P\u00e9rdida de calidad de vida.<\/li>\n<li>Compa\u00f1erismo perdido.<\/li>\n<li>Dolor y sufrimiento.<\/li>\n<\/ul>\n<p>Sus abogados pueden ayudarle a conseguir la m\u00e1xima indemnizaci\u00f3n para su caso. No hay garant\u00edas en ning\u00fan asunto legal ante los tribunales. Sin embargo, nuestro bufete de abogados cree que podemos proporcionarle el nivel de atenci\u00f3n jur\u00eddica en el que puede sentirse seguro. P\u00f3ngase en contacto con nuestras oficinas legales en Houston para programar su consulta sin compromiso.<\/p>\n<h2>\u00a1Programar una consulta gratuita con nuestros abogados de accidentes de camiones Houston hoy!<\/h2>\n<p>Si usted ha sufrido lesiones graves en un accidente de cami\u00f3n comercial, usted tiene el derecho legal a solicitar una indemnizaci\u00f3n por sus gastos m\u00e9dicos, p\u00e9rdida de ingresos, y la angustia mental. Puede que no se trate de un caso sencillo de lesiones personales. La industria del transporte por carretera es uno de los elementos m\u00e1s ricos y poderosos de la econom\u00eda estadounidense. Emplean a equipos de abogados experimentados que han hecho de la defensa de los intereses financieros de sus empleadores su profesi\u00f3n. Es posible que necesite un abogado propio si espera obtener una indemnizaci\u00f3n.<\/p>\n<p>Del mismo modo, si ha perdido a un ser querido o a un familiar en un caso de homicidio culposo tras un accidente de cami\u00f3n de gran tonelaje, deber\u00eda considerar la posibilidad de contratar asesoramiento jur\u00eddico profesional. Este es un momento incre\u00edblemente dif\u00edcil en tu vida. Debes tener tiempo para llorar. No deber\u00eda verse obligado a pasar este tiempo luchando contra aseguradoras y empresas de transporte por carretera. Perm\u00edtanos quitarle ese peso de encima. Presentaremos su demanda por homicidio culposo y buscaremos la indemnizaci\u00f3n que su familia merece. Ninguna recuperaci\u00f3n econ\u00f3mica podr\u00e1 devolverle a sus seres queridos, pero un acuerdo justo puede ayudarle a vivir m\u00e1s c\u00f3modamente en los d\u00edas venideros.<\/p>\n<p>El bufete de abogados Shariff Law Firm, PLLC, ofrece una revisi\u00f3n gratuita del caso a los nuevos clientes que buscan entender mejor sus opciones legales. Recuerde que esta consulta se ofrece sin ning\u00fan compromiso. Para programar su consulta gratuita, ll\u00e1menos al <a href=\"tel:+17138819739\">(713) 881-9739.<\/a><\/p>\n","protected":false},"excerpt":{"rendered":"<p>Houston Abogados de accidentes de camiones que representan a las v\u00edctimas en necesidad Todo accidente automovil\u00edstico puede ser despiadado, violento y alterar la vida de un modo que pocos accidentes lo hacen. Pero un accidente de coche t\u00edpico rara vez rivaliza con los da\u00f1os y el peligro inherentes a una colisi\u00f3n con un semirremolque. Los [&hellip;]<\/p>\n","protected":false},"author":2,"featured_media":639,"parent":0,"menu_order":0,"comment_status":"closed","ping_status":"closed","template":"","meta":{"inline_featured_image":false,"_genesis_hide_title":false,"_genesis_hide_breadcrumbs":false,"_genesis_hide_singular_image":false,"_genesis_hide_footer_widgets":false,"_genesis_custom_body_class":"","_genesis_custom_post_class":"","_genesis_layout":"","footnotes":""},"class_list":{"0":"post-793","1":"page","2":"type-page","3":"status-publish","4":"has-post-thumbnail","6":"entry"},"yoast_head":"<!-- This site is optimized with the Yoast SEO plugin v27.4 - https:\/\/yoast.com\/product\/yoast-seo-wordpress\/ -->\n<title>Abogados de accidentes de camiones en Houston | The Shariff Law Firm, PLLC.<\/title>\n<meta name=\"description\" content=\"\u00bfHa resultado herido o ha perdido a un ser querido en un accidente de cami\u00f3n? \u00a1Programe una consulta gratuita con The Shariff Law Firm, PLLC hoy!\" \/>\n<meta name=\"robots\" content=\"noindex, follow, max-snippet:-1, max-image-preview:large, max-video-preview:-1\" \/>\n<meta property=\"og:locale\" content=\"es_ES\" \/>\n<meta property=\"og:type\" content=\"article\" \/>\n<meta property=\"og:title\" content=\"Abogados de accidentes de camiones en Houston | The Shariff Law Firm, PLLC.\" \/>\n<meta property=\"og:description\" content=\"\u00bfHa resultado herido o ha perdido a un ser querido en un accidente de cami\u00f3n? \u00a1Programe una consulta gratuita con The Shariff Law Firm, PLLC hoy!\" \/>\n<meta property=\"og:url\" content=\"https:\/\/q9s.5f0.myftpupload.com\/es\/accidentes-de-camiones\/\" \/>\n<meta property=\"og:site_name\" content=\"The Shariff Law Firm, PLLC\" \/>\n<meta property=\"article:modified_time\" content=\"2023-10-16T11:49:43+00:00\" \/>\n<meta property=\"og:image\" content=\"https:\/\/q9s.5f0.myftpupload.com\/wp-content\/uploads\/2023\/07\/shariff-image.jpg\" \/>\n\t<meta property=\"og:image:width\" content=\"1146\" \/>\n\t<meta property=\"og:image:height\" content=\"914\" \/>\n\t<meta property=\"og:image:type\" content=\"image\/jpeg\" \/>\n<meta name=\"twitter:card\" content=\"summary_large_image\" \/>\n<meta name=\"twitter:label1\" content=\"Est. reading time\" \/>\n\t<meta name=\"twitter:data1\" content=\"10 minutes\" \/>\n<!-- \/ Yoast SEO plugin. -->","yoast_head_json":{"title":"Abogados de accidentes de camiones en Houston | The Shariff Law Firm, PLLC.","description":"\u00bfHa resultado herido o ha perdido a un ser querido en un accidente de cami\u00f3n? \u00a1Programe una consulta gratuita con The Shariff Law Firm, PLLC hoy!","robots":{"index":"noindex","follow":"follow","max-snippet":"max-snippet:-1","max-image-preview":"max-image-preview:large","max-video-preview":"max-video-preview:-1"},"og_locale":"es_ES","og_type":"article","og_title":"Abogados de accidentes de camiones en Houston | The Shariff Law Firm, PLLC.","og_description":"\u00bfHa resultado herido o ha perdido a un ser querido en un accidente de cami\u00f3n? \u00a1Programe una consulta gratuita con The Shariff Law Firm, PLLC hoy!","og_url":"https:\/\/q9s.5f0.myftpupload.com\/es\/accidentes-de-camiones\/","og_site_name":"The Shariff Law Firm, PLLC","article_modified_time":"2023-10-16T11:49:43+00:00","og_image":[{"width":1146,"height":914,"url":"https:\/\/q9s.5f0.myftpupload.com\/wp-content\/uploads\/2023\/07\/shariff-image.jpg","type":"image\/jpeg"}],"twitter_card":"summary_large_image","twitter_misc":{"Est. reading time":"10 minutes"},"schema":{"@context":"https:\/\/schema.org","@graph":[{"@type":"WebPage","@id":"https:\/\/q9s.5f0.myftpupload.com\/es\/accidentes-de-camiones\/","url":"https:\/\/q9s.5f0.myftpupload.com\/es\/accidentes-de-camiones\/","name":"Abogados de accidentes de camiones en Houston | The Shariff Law Firm, PLLC.","isPartOf":{"@id":"https:\/\/q9s.5f0.myftpupload.com\/es\/#website"},"primaryImageOfPage":{"@id":"https:\/\/q9s.5f0.myftpupload.com\/es\/accidentes-de-camiones\/#primaryimage"},"image":{"@id":"https:\/\/q9s.5f0.myftpupload.com\/es\/accidentes-de-camiones\/#primaryimage"},"thumbnailUrl":"https:\/\/q9s.5f0.myftpupload.com\/wp-content\/uploads\/2023\/07\/shariff-image.jpg","datePublished":"2023-01-11T13:03:43+00:00","dateModified":"2023-10-16T11:49:43+00:00","description":"\u00bfHa resultado herido o ha perdido a un ser querido en un accidente de cami\u00f3n? \u00a1Programe una consulta gratuita con The Shariff Law Firm, PLLC hoy!","breadcrumb":{"@id":"https:\/\/q9s.5f0.myftpupload.com\/es\/accidentes-de-camiones\/#breadcrumb"},"inLanguage":"es-ES","potentialAction":[{"@type":"ReadAction","target":["https:\/\/q9s.5f0.myftpupload.com\/es\/accidentes-de-camiones\/"]}]},{"@type":"ImageObject","inLanguage":"es-ES","@id":"https:\/\/q9s.5f0.myftpupload.com\/es\/accidentes-de-camiones\/#primaryimage","url":"https:\/\/q9s.5f0.myftpupload.com\/wp-content\/uploads\/2023\/07\/shariff-image.jpg","contentUrl":"https:\/\/q9s.5f0.myftpupload.com\/wp-content\/uploads\/2023\/07\/shariff-image.jpg","width":1146,"height":914,"caption":"Houston truck accident lawyers."},{"@type":"BreadcrumbList","@id":"https:\/\/q9s.5f0.myftpupload.com\/es\/accidentes-de-camiones\/#breadcrumb","itemListElement":[{"@type":"ListItem","position":1,"name":"Home","item":"https:\/\/q9s.5f0.myftpupload.com\/es\/"},{"@type":"ListItem","position":2,"name":"Accidentes de camiones"}]},{"@type":"WebSite","@id":"https:\/\/q9s.5f0.myftpupload.com\/es\/#website","url":"https:\/\/q9s.5f0.myftpupload.com\/es\/","name":"The Shariff Law Firm, PLLC","description":"","potentialAction":[{"@type":"SearchAction","target":{"@type":"EntryPoint","urlTemplate":"https:\/\/q9s.5f0.myftpupload.com\/es\/?s={search_term_string}"},"query-input":{"@type":"PropertyValueSpecification","valueRequired":true,"valueName":"search_term_string"}}],"inLanguage":"es-ES"}]}},"_links":{"self":[{"href":"https:\/\/q9s.5f0.myftpupload.com\/es\/wp-json\/wp\/v2\/pages\/793","targetHints":{"allow":["GET"]}}],"collection":[{"href":"https:\/\/q9s.5f0.myftpupload.com\/es\/wp-json\/wp\/v2\/pages"}],"about":[{"href":"https:\/\/q9s.5f0.myftpupload.com\/es\/wp-json\/wp\/v2\/types\/page"}],"author":[{"embeddable":true,"href":"https:\/\/q9s.5f0.myftpupload.com\/es\/wp-json\/wp\/v2\/users\/2"}],"replies":[{"embeddable":true,"href":"https:\/\/q9s.5f0.myftpupload.com\/es\/wp-json\/wp\/v2\/comments?post=793"}],"version-history":[{"count":0,"href":"https:\/\/q9s.5f0.myftpupload.com\/es\/wp-json\/wp\/v2\/pages\/793\/revisions"}],"wp:featuredmedia":[{"embeddable":true,"href":"https:\/\/q9s.5f0.myftpupload.com\/es\/wp-json\/wp\/v2\/media\/639"}],"wp:attachment":[{"href":"https:\/\/q9s.5f0.myftpupload.com\/es\/wp-json\/wp\/v2\/media?parent=793"}],"curies":[{"name":"wp","href":"https:\/\/api.w.org\/{rel}","templated":true}]}}