{"id":796,"date":"2023-01-11T12:36:18","date_gmt":"2023-01-11T12:36:18","guid":{"rendered":"https:\/\/q9s.5f0.myftpupload.com\/conflictos-comerciales\/"},"modified":"2023-10-30T23:03:00","modified_gmt":"2023-10-30T23:03:00","slug":"conflictos-comerciales","status":"publish","type":"page","link":"https:\/\/q9s.5f0.myftpupload.com\/es\/conflictos-comerciales\/","title":{"rendered":"Conflictos comerciales"},"content":{"rendered":"<h1>Abogados de Houston especializados en litigios empresariales ayudan a las empresas a resolver conflictos<\/h1>\n<p>El hecho de que una entidad empresarial se vea envuelta en alg\u00fan tipo de disputa contractual u otro litigio empresarial no debe tomarse como un fracaso. En un plazo suficientemente largo, todas las empresas se ver\u00e1n envueltas en disputas y litigios legales en un momento u otro. No importa si la empresa es de escala nacional o si se trata de una peque\u00f1a operaci\u00f3n familiar; surgen disputas que a veces no pueden resolverse sin la ayuda de una representaci\u00f3n legal con experiencia en este tipo de asuntos empresariales.<\/p>\n<p>Para muchos estadounidenses, la inversi\u00f3n m\u00e1s importante que har\u00e1n en su vida es comprar una casa o un terreno para su familia. Pero otras personas m\u00e1s emprendedoras pueden optar por crear su propia empresa. Es un objetivo ambicioso, pero que puede recompensar y ha recompensado con \u00e9xito a millones de estadounidenses en el pasado. Incluso m\u00e1s que su vivienda familiar, su negocio puede convertirse en su inversi\u00f3n m\u00e1s importante. Por eso, cuando algo amenaza esa inversi\u00f3n, no hay que escatimar a la hora de proteger la propiedad intelectual.<\/p>\n<p>Nuestros abogados especializados en litigios comerciales ofrecen una evaluaci\u00f3n gratuita de casos a entidades comerciales, empleados y socios gestores que buscan resolver disputas para volver a la normalidad. Cada caso es \u00fanico; no todas las disputas empresariales requieren un litigio, y no todos los pleitos empresariales van a acabar igual. Pero estamos seguros de que en nuestro bufete encontrar\u00e1 una representaci\u00f3n legal \u00fatil por parte de un abogado especializado en disputas comerciales. Para discutir los detalles de su caso y determinar mejor c\u00f3mo proceder, por favor llame The Shariff Law Firm, PLLC hoy al 713-881-9739 para programar su consulta inicial gratuita.<\/p>\n<h2>\u00bfQu\u00e9 tipos de litigios atienden nuestros abogados de litigios mercantiles?<\/h2>\n<p>Si decide contratar los servicios de un <a href=\"https:\/\/www.google.com\/maps?cid=3735074471423390345\">abogado de litigios comerciales<\/a> de nuestro bufete, trabajar\u00e1 con un profesional del derecho con experiencia en una amplia gama de casos de transacciones comerciales y litigios comerciales.<\/p>\n<p><strong>Un abogado de litigios comerciales de nuestro bufete puede ayudarle con cualquiera de los siguientes tipos de casos:<\/strong><\/p>\n<ul>\n<li>Mala praxis contable y empresarial.<\/li>\n<li>Incumplimiento de contrato.<\/li>\n<li>Incumplimiento del deber fiduciario.<\/li>\n<li>Incumplimiento de garant\u00edas impl\u00edcitas o expresamente declaradas.<\/li>\n<li>Incumplimiento de un acuerdo verbal o de un &#8220;apret\u00f3n de manos&#8221;.<\/li>\n<li>Fraude empresarial.<\/li>\n<li>Disputas sobre la propiedad de empresas.<\/li>\n<li>Infracci\u00f3n de los derechos de autor.<\/li>\n<li>Litigios sobre la construcci\u00f3n.<\/li>\n<li>Litigios contractuales.<\/li>\n<li>Disoluci\u00f3n de una sociedad colectiva, una SRL o una empresa conjunta.<\/li>\n<li>Infracciones de la legislaci\u00f3n laboral.<\/li>\n<li>Litigios sobre franquicias.<\/li>\n<li>Infracci\u00f3n de la propiedad intelectual.<\/li>\n<li>Resoluci\u00f3n de litigios entre propietarios e inquilinos.<\/li>\n<li>Mediaci\u00f3n.<\/li>\n<li>Litigios sobre fusiones y adquisiciones.<\/li>\n<li>Uso indebido de activos empresariales.<\/li>\n<li>Acuerdos de no competencia.<\/li>\n<li>Litigios inmobiliarios.<\/li>\n<li>Litigios entre accionistas.<\/li>\n<li>Robo de secretos comerciales.<\/li>\n<li>Infracci\u00f3n de marcas.<\/li>\n<li>Violaci\u00f3n de un acuerdo de confidencialidad.<\/li>\n<li>Disputas sobre el C\u00f3digo de Comercio Uniforme (UCC).<\/li>\n<\/ul>\n<h2>\u00bfQu\u00e9 tipos de litigios puedo entablar?<\/h2>\n<p>El tipo espec\u00edfico de litigio que debe seguirse en sus disputas empresariales var\u00eda en funci\u00f3n de varios factores, entre ellos qu\u00e9 partes est\u00e1n implicadas y qu\u00e9 acusaci\u00f3n se ha presentado. Un abogado experto en litigios comerciales puede analizar los hechos y el contexto de su caso para ver cu\u00e1l de los siguientes tipos de litigio debe seguir para proteger su empresa.<\/p>\n<h2>Litigios comerciales<\/h2>\n<p>Los litigios comerciales son lo mismo que los litigios empresariales. Muchos tipos de litigios empresariales entran en el \u00e1mbito de los litigios comerciales. Los agravios comerciales, el incumplimiento de un contrato, una demanda de un empleado, las disputas entre accionistas y las demandas colectivas interpuestas contra una entidad empresarial son ejemplos de litigios comerciales.<\/p>\n<p>Si se ve involucrado en un pleito empresarial, debe buscar representaci\u00f3n legal para defender sus derechos y perseguir sus objetivos. Tenga en cuenta que un abogado especializado en litigios empresariales y un abogado especializado en litigios comerciales realizan las mismas tareas; son s\u00f3lo dos nombres diferentes para el mismo campo de pr\u00e1ctica.<\/p>\n<p>Los abogados de litigios comerciales de The Shariff Law Firm tienen a\u00f1os de experiencia en la prestaci\u00f3n de asistencia jur\u00eddica \u00fatil a los clientes necesitados en todo el \u00e1rea metropolitana de Houston. Proteja sus intereses comerciales y sus bienes personales programando una revisi\u00f3n gratuita de su caso con nuestros abogados hoy mismo.<\/p>\n<h2>Litigios civiles<\/h2>\n<p>Un litigio civil es una disputa legal no penal. Las demandas civiles son habituales, tanto entre particulares como entre empresas. Por ejemplo, una persona puede presentar una demanda civil por lesiones personales contra la parte culpable. La parte culpable puede ser otra persona, o puede ser un establecimiento comercial que no tom\u00f3 las medidas de precauci\u00f3n necesarias para mantener a salvo a sus visitantes y empleados.<\/p>\n<p>Una disputa empresarial es un tipo de litigio civil. Estos casos pueden darse entre personas que trabajan en la misma empresa, dos empresas enfrentadas en una posible fusi\u00f3n o varias empresas en otros tipos de acuerdos comerciales. Estos asuntos legales pueden ser dif\u00edciles de resolver sin la ayuda de un \u00e1rbitro profesional. Contrate a los abogados especialistas en litigios mercantiles de nuestro bufete para que le ayuden en el arbitraje.<\/p>\n<h2>Conflictos laborales<\/h2>\n<p><strong>Los litigios laborales se producen entre las empresas y sus empleados e incluyen:<\/strong><\/p>\n<ul>\n<li>Reclamaciones por discriminaci\u00f3n.<\/li>\n<li>Denuncias de acoso.<\/li>\n<li>Cierres patronales.<\/li>\n<li>Acuerdos de despido.<\/li>\n<li>Huelgas.<\/li>\n<li>Conflictos salariales.<\/li>\n<li>Condiciones de trabajo.<\/li>\n<li>Acusaciones de despido improcedente.<\/li>\n<\/ul>\n<h2>\u00bfDisputas empresariales internas y externas?<\/h2>\n<p>Los empresarios pueden tener que enfrentarse a conflictos internos y externos. El conflicto interno puede surgir si un empleado tiene un problema con su salario, las condiciones de su contrato o las condiciones peligrosas del lugar de trabajo. Adem\u00e1s, pueden surgir conflictos entre socios que requieran arbitraje para resolverse.<\/p>\n<p>Ejemplos de conflictos empresariales externos pueden ser fusiones que salen mal, acusaciones de robo de propiedad intelectual o pleitos comerciales entre varias empresas no relacionadas.<\/p>\n<h2>Litigios inmobiliarios<\/h2>\n<p>El litigio inmobiliario m\u00e1s com\u00fan surge de la rescisi\u00f3n anticipada de un contrato. Por desgracia, los problemas de comunicaci\u00f3n tambi\u00e9n son habituales y pueden dar lugar a errores costosos.<\/p>\n<p>Adem\u00e1s, aunque confiamos en un agente inmobiliario para que act\u00fae en nuestro inter\u00e9s, a veces este tercero puede ser responsable de graves errores y tergiversaciones.<\/p>\n<h2>Casos de interferencia perjudicial<\/h2>\n<p>La injerencia en los negocios se refiere a la interferencia de un tercero en la asociaci\u00f3n, las negociaciones o la firma de un contrato entre dos partes. Esta interferencia suele provocar el fracaso de un acuerdo y p\u00e9rdidas financieras para al menos una de las partes.<\/p>\n<p>Si hay una disputa empresarial en la que una parte interfiere en las negociaciones contractuales y puede demostrarse que la parte que interfiri\u00f3 caus\u00f3 intencionadamente la perturbaci\u00f3n, puede ser posible recuperar da\u00f1os y perjuicios ante un tribunal civil.<\/p>\n<h2>Disputas sobre sociedades mercantiles<\/h2>\n<p><strong>Los litigios sobre sociedades mercantiles se producen entre socios legalmente vinculados de una empresa e incluyen:<\/strong><\/p>\n<ul>\n<li>Incumplimiento del acuerdo de asociaci\u00f3n.<\/li>\n<li>Incumplimiento de las responsabilidades financieras.<\/li>\n<li>Informaci\u00f3n privilegiada.<\/li>\n<li>Divulgaci\u00f3n o venta no autorizada de propiedad intelectual y secretos comerciales.<\/li>\n<li>Violaci\u00f3n de las cl\u00e1usulas de no competencia.<\/li>\n<\/ul>\n<h2>Fraude<\/h2>\n<p><strong>Entre los ejemplos de fraude en los que puede ayudarle un abogado especializado en litigios comerciales figuran los siguientes:<\/strong><\/p>\n<ul>\n<li>Malversaci\u00f3n.<\/li>\n<li>Tergiversaci\u00f3n.<\/li>\n<li>Fraude de valores.<\/li>\n<li>Interferencia torticera.<\/li>\n<\/ul>\n<h2>\u00bfC\u00f3mo puede un abogado de Houston litigios de negocios ayudar a su caso?<\/h2>\n<p>Los litigios empresariales pueden ser complejos y costosos. Las resoluciones r\u00e1pidas son raras. Si las disputas contin\u00faan, su negocio y su medio de vida podr\u00edan peligrar. Por eso es aconsejable trabajar con un asesor jur\u00eddico profesional que haya llevado casos como el suyo con anterioridad. Un abogado especializado en litigios empresariales de nuestro bufete estar\u00e1 encantado de ayudarle a conseguir sus objetivos.<\/p>\n<p>Siempre que sea posible, su abogado especializado en disputas comerciales intentar\u00e1 evitar litigios potencialmente costosos y largos. Como sus abogados, buscaremos la negociaci\u00f3n y el compromiso a trav\u00e9s de la mediaci\u00f3n y el arbitraje para llegar a una conclusi\u00f3n satisfactoria para todas las partes implicadas.<\/p>\n<p>Ya sea presentando una demanda o entrando en mediaci\u00f3n, The Shariff Law Firm, PLLC, estar\u00eda orgulloso de prestarle nuestros servicios legales mientras intenta resolver sus disputas comerciales. P\u00f3ngase en contacto con nuestra oficina de Houston para programar una revisi\u00f3n gratuita de su caso con un miembro de nuestro equipo legal llamando al <a href=\"tel:+17138819739\">(713) 881-9739.<\/a><\/p>\n","protected":false},"excerpt":{"rendered":"<p>Abogados de Houston especializados en litigios empresariales ayudan a las empresas a resolver conflictos El hecho de que una entidad empresarial se vea envuelta en alg\u00fan tipo de disputa contractual u otro litigio empresarial no debe tomarse como un fracaso. En un plazo suficientemente largo, todas las empresas se ver\u00e1n envueltas en disputas y litigios [&hellip;]<\/p>\n","protected":false},"author":2,"featured_media":633,"parent":0,"menu_order":0,"comment_status":"closed","ping_status":"closed","template":"","meta":{"inline_featured_image":false,"_genesis_hide_title":false,"_genesis_hide_breadcrumbs":false,"_genesis_hide_singular_image":false,"_genesis_hide_footer_widgets":false,"_genesis_custom_body_class":"","_genesis_custom_post_class":"","_genesis_layout":"","footnotes":""},"class_list":{"0":"post-796","1":"page","2":"type-page","3":"status-publish","4":"has-post-thumbnail","6":"entry"},"yoast_head":"<!-- This site is optimized with the Yoast SEO plugin v27.4 - https:\/\/yoast.com\/product\/yoast-seo-wordpress\/ -->\n<title>Houston Abogados de Litigios de Negocios | The Shariff Law Firm, PLLC<\/title>\n<meta name=\"description\" content=\"\u00bfNecesita ayuda para resolver un litigio empresarial? \u00a1P\u00f3ngase en contacto con The Shariff Law Firm, PLLC de Houston para una sesi\u00f3n de estrategia gratuita hoy!\" \/>\n<meta name=\"robots\" content=\"noindex, follow, max-snippet:-1, max-image-preview:large, max-video-preview:-1\" \/>\n<meta property=\"og:locale\" content=\"es_ES\" \/>\n<meta property=\"og:type\" content=\"article\" \/>\n<meta property=\"og:title\" content=\"Houston Abogados de Litigios de Negocios | The Shariff Law Firm, PLLC\" \/>\n<meta property=\"og:description\" content=\"\u00bfNecesita ayuda para resolver un litigio empresarial? \u00a1P\u00f3ngase en contacto con The Shariff Law Firm, PLLC de Houston para una sesi\u00f3n de estrategia gratuita hoy!\" \/>\n<meta property=\"og:url\" content=\"https:\/\/q9s.5f0.myftpupload.com\/es\/conflictos-comerciales\/\" \/>\n<meta property=\"og:site_name\" content=\"The Shariff Law Firm, PLLC\" \/>\n<meta property=\"article:modified_time\" content=\"2023-10-30T23:03:00+00:00\" \/>\n<meta property=\"og:image\" content=\"https:\/\/q9s.5f0.myftpupload.com\/wp-content\/uploads\/2023\/07\/shariff-law.jpg\" \/>\n\t<meta property=\"og:image:width\" content=\"1140\" \/>\n\t<meta property=\"og:image:height\" content=\"992\" \/>\n\t<meta property=\"og:image:type\" content=\"image\/jpeg\" \/>\n<meta name=\"twitter:card\" content=\"summary_large_image\" \/>\n<meta name=\"twitter:label1\" content=\"Est. reading time\" \/>\n\t<meta name=\"twitter:data1\" content=\"7 minutes\" \/>\n<!-- \/ Yoast SEO plugin. -->","yoast_head_json":{"title":"Houston Abogados de Litigios de Negocios | The Shariff Law Firm, PLLC","description":"\u00bfNecesita ayuda para resolver un litigio empresarial? \u00a1P\u00f3ngase en contacto con The Shariff Law Firm, PLLC de Houston para una sesi\u00f3n de estrategia gratuita hoy!","robots":{"index":"noindex","follow":"follow","max-snippet":"max-snippet:-1","max-image-preview":"max-image-preview:large","max-video-preview":"max-video-preview:-1"},"og_locale":"es_ES","og_type":"article","og_title":"Houston Abogados de Litigios de Negocios | The Shariff Law Firm, PLLC","og_description":"\u00bfNecesita ayuda para resolver un litigio empresarial? \u00a1P\u00f3ngase en contacto con The Shariff Law Firm, PLLC de Houston para una sesi\u00f3n de estrategia gratuita hoy!","og_url":"https:\/\/q9s.5f0.myftpupload.com\/es\/conflictos-comerciales\/","og_site_name":"The Shariff Law Firm, PLLC","article_modified_time":"2023-10-30T23:03:00+00:00","og_image":[{"width":1140,"height":992,"url":"https:\/\/q9s.5f0.myftpupload.com\/wp-content\/uploads\/2023\/07\/shariff-law.jpg","type":"image\/jpeg"}],"twitter_card":"summary_large_image","twitter_misc":{"Est. reading time":"7 minutes"},"schema":{"@context":"https:\/\/schema.org","@graph":[{"@type":"WebPage","@id":"https:\/\/q9s.5f0.myftpupload.com\/es\/conflictos-comerciales\/","url":"https:\/\/q9s.5f0.myftpupload.com\/es\/conflictos-comerciales\/","name":"Houston Abogados de Litigios de Negocios | The Shariff Law Firm, PLLC","isPartOf":{"@id":"https:\/\/q9s.5f0.myftpupload.com\/es\/#website"},"primaryImageOfPage":{"@id":"https:\/\/q9s.5f0.myftpupload.com\/es\/conflictos-comerciales\/#primaryimage"},"image":{"@id":"https:\/\/q9s.5f0.myftpupload.com\/es\/conflictos-comerciales\/#primaryimage"},"thumbnailUrl":"https:\/\/q9s.5f0.myftpupload.com\/wp-content\/uploads\/2023\/07\/shariff-law.jpg","datePublished":"2023-01-11T12:36:18+00:00","dateModified":"2023-10-30T23:03:00+00:00","description":"\u00bfNecesita ayuda para resolver un litigio empresarial? \u00a1P\u00f3ngase en contacto con The Shariff Law Firm, PLLC de Houston para una sesi\u00f3n de estrategia gratuita hoy!","breadcrumb":{"@id":"https:\/\/q9s.5f0.myftpupload.com\/es\/conflictos-comerciales\/#breadcrumb"},"inLanguage":"es-ES","potentialAction":[{"@type":"ReadAction","target":["https:\/\/q9s.5f0.myftpupload.com\/es\/conflictos-comerciales\/"]}]},{"@type":"ImageObject","inLanguage":"es-ES","@id":"https:\/\/q9s.5f0.myftpupload.com\/es\/conflictos-comerciales\/#primaryimage","url":"https:\/\/q9s.5f0.myftpupload.com\/wp-content\/uploads\/2023\/07\/shariff-law.jpg","contentUrl":"https:\/\/q9s.5f0.myftpupload.com\/wp-content\/uploads\/2023\/07\/shariff-law.jpg","width":1140,"height":992,"caption":"Houston business litigation lawyers."},{"@type":"BreadcrumbList","@id":"https:\/\/q9s.5f0.myftpupload.com\/es\/conflictos-comerciales\/#breadcrumb","itemListElement":[{"@type":"ListItem","position":1,"name":"Home","item":"https:\/\/q9s.5f0.myftpupload.com\/es\/"},{"@type":"ListItem","position":2,"name":"Conflictos comerciales"}]},{"@type":"WebSite","@id":"https:\/\/q9s.5f0.myftpupload.com\/es\/#website","url":"https:\/\/q9s.5f0.myftpupload.com\/es\/","name":"The Shariff Law Firm, PLLC","description":"","potentialAction":[{"@type":"SearchAction","target":{"@type":"EntryPoint","urlTemplate":"https:\/\/q9s.5f0.myftpupload.com\/es\/?s={search_term_string}"},"query-input":{"@type":"PropertyValueSpecification","valueRequired":true,"valueName":"search_term_string"}}],"inLanguage":"es-ES"}]}},"_links":{"self":[{"href":"https:\/\/q9s.5f0.myftpupload.com\/es\/wp-json\/wp\/v2\/pages\/796","targetHints":{"allow":["GET"]}}],"collection":[{"href":"https:\/\/q9s.5f0.myftpupload.com\/es\/wp-json\/wp\/v2\/pages"}],"about":[{"href":"https:\/\/q9s.5f0.myftpupload.com\/es\/wp-json\/wp\/v2\/types\/page"}],"author":[{"embeddable":true,"href":"https:\/\/q9s.5f0.myftpupload.com\/es\/wp-json\/wp\/v2\/users\/2"}],"replies":[{"embeddable":true,"href":"https:\/\/q9s.5f0.myftpupload.com\/es\/wp-json\/wp\/v2\/comments?post=796"}],"version-history":[{"count":0,"href":"https:\/\/q9s.5f0.myftpupload.com\/es\/wp-json\/wp\/v2\/pages\/796\/revisions"}],"wp:featuredmedia":[{"embeddable":true,"href":"https:\/\/q9s.5f0.myftpupload.com\/es\/wp-json\/wp\/v2\/media\/633"}],"wp:attachment":[{"href":"https:\/\/q9s.5f0.myftpupload.com\/es\/wp-json\/wp\/v2\/media?parent=796"}],"curies":[{"name":"wp","href":"https:\/\/api.w.org\/{rel}","templated":true}]}}