{"id":798,"date":"2023-01-11T12:18:42","date_gmt":"2023-01-11T12:18:42","guid":{"rendered":"https:\/\/q9s.5f0.myftpupload.com\/resbalones-y-caidas\/"},"modified":"2023-10-16T11:49:43","modified_gmt":"2023-10-16T11:49:43","slug":"resbalones-y-caidas","status":"publish","type":"page","link":"https:\/\/q9s.5f0.myftpupload.com\/es\/resbalones-y-caidas\/","title":{"rendered":"Resbalones y ca\u00eddas"},"content":{"rendered":"<h1>Resbalones y Ca\u00eddas Abogados Ayudar a las V\u00edctimas de Houston, y sus familias a encontrar alivio<\/h1>\n<p>En el ajetreado mundo actual, nos desplazamos r\u00e1pidamente de un lugar a otro. Esto puede causar problemas si existe una situaci\u00f3n peligrosa en el lugar que estamos visitando o viviendo legalmente. Las condiciones peligrosas en una propiedad de alquiler, tienda u otro edificio pueden provocar lesiones graves cuando alguien resbala y cae. Tanto si la ca\u00edda se debe a un objeto en el pasillo, a un suelo en mal estado, a la presencia de hielo o humedad o a la falta de se\u00f1ales de advertencia, es posible que pueda obtener una indemnizaci\u00f3n.<\/p>\n<p>Los accidentes por resbalones y ca\u00eddas suelen provocar lesiones graves, sobre todo si la v\u00edctima es una persona mayor o padece determinadas afecciones m\u00e9dicas. Muchos de estos accidentes dan lugar a costosas intervenciones quir\u00fargicas e incluso a la muerte, lo que conlleva elevadas facturas m\u00e9dicas, dolor extremo y sufrimiento. La buena noticia es que la parte culpable puede ser considerada responsable de los da\u00f1os causados por su negligencia. Sin embargo, las demandas por resbalones y ca\u00eddas son complicadas y requieren mucha habilidad y conocimientos jur\u00eddicos. Si usted o un ser querido tiene una demanda por ca\u00edda, necesita abogados con experiencia en accidentes de ca\u00edda que entiendan profundamente la ley de Texas. Usted necesita a The Shariff Law Firm, PLLC.<\/p>\n<p>En nuestro grupo de abogados, hemos ayudado a muchas v\u00edctimas de ca\u00eddas a recuperar los da\u00f1os que se les deben por sus lesiones por ca\u00eddas. Prometemos dedicar nuestro tiempo y energ\u00eda a investigar cada detalle de su caso y encontrar una soluci\u00f3n positiva para usted y su familia. Haremos responsable al propietario negligente y le conseguiremos la compensaci\u00f3n econ\u00f3mica que se merece para que pueda seguir adelante con confianza tras su accidente por ca\u00edda. P\u00f3ngase en contacto con nosotros inmediatamente para obtener m\u00e1s informaci\u00f3n sobre c\u00f3mo podemos ayudarle llamando al 713-881-9739.<\/p>\n<h2>\u00bfCu\u00e1les son algunas de las causas comunes de accidentes por resbalones y ca\u00eddas en Houston?<\/h2>\n<p>La ley de Texas exige que los propietarios mantengan su propiedad privada y p\u00fablica en buenas condiciones para la seguridad de residentes y visitantes. Esto incluye mantener en buen estado el suelo, el cableado el\u00e9ctrico, el c\u00e9sped y otras zonas. Si se produce una situaci\u00f3n peligrosa debido a la negligencia de un propietario, esto podr\u00eda merecer una demanda para recuperar los da\u00f1os en nombre de la v\u00edctima. \u00a1Por favor, p\u00f3ngase en contacto con nuestro equipo legal de talento hoy para obtener ayuda con su demanda de responsabilidad de locales!<\/p>\n<p><strong>Algunas causas comunes de resbalones y ca\u00eddas en el \u00e1rea de Houston son:<\/strong><\/p>\n<ul>\n<li>Suelos mojados por derrames no limpiados a tiempo<\/li>\n<li>Se permite que se acumulen residuos en los pasillos<\/li>\n<li>Moquetas rotas o viejas<\/li>\n<li>Suelos recientemente pulidos sin avisar a visitantes y residentes<\/li>\n<li>Superficies de suelo irregulares, como moqueta amontonada o aceras rotas<\/li>\n<li>Falta de se\u00f1ales de advertencia de condiciones peligrosas<\/li>\n<li>Pasamanos rotos o ausentes<\/li>\n<li>Escaleras mec\u00e1nicas rotas o averiadas<\/li>\n<li>Mangueras abandonadas en los pasillos<\/li>\n<li>Tablones sueltos<\/li>\n<li>Acera helada por nieve y hielo no retirados con prontitud<\/li>\n<li>Escaleras en mal estado<\/li>\n<li>Iluminaci\u00f3n inadecuada<\/li>\n<li>Equipos, herramientas o cajas abandonados en una zona de paso<\/li>\n<li>Juegos infantiles da\u00f1ados<\/li>\n<li>Vertidos de sustancias t\u00f3xicas<\/li>\n<li>Cables el\u00e9ctricos abandonados en una pasarela<\/li>\n<li>Zonas de construcci\u00f3n desorganizadas<\/li>\n<li>Aparcamientos en mal estado<\/li>\n<\/ul>\n<p>Hay muchas causas de resbalones y ca\u00eddas. Nuestros abogados expertos en ca\u00eddas pueden ayudarle tanto si sufre una de las condiciones peligrosas mencionadas anteriormente como por cualquier otro motivo. Defenderemos sus derechos y lucharemos agresivamente por sus mejores intereses en su caso de accidente por ca\u00edda, \u00a1as\u00ed que ll\u00e1menos hoy mismo!<\/p>\n<h2>\u00bfC\u00f3mo se determina la culpa en un accidente por resbal\u00f3n y ca\u00edda?<\/h2>\n<p>La ley de Texas exige a los propietarios de bienes p\u00fablicos y privados que mantengan sus instalaciones en buenas condiciones para la seguridad de todos aquellos que las visiten legalmente. Si se produce una lesi\u00f3n por resbal\u00f3n y ca\u00edda en la propiedad de otra persona, existe la posibilidad de que el propietario negligente sea considerado responsable. Sin embargo, deben darse ciertos elementos para que la v\u00edctima pueda cobrar una indemnizaci\u00f3n del propietario.<\/p>\n<p>Las demandas por responsabilidad de las instalaciones que prosperan demuestran que el propietario conoc\u00eda los peligros de su propiedad pero no actu\u00f3 a tiempo para resolver el problema. Las v\u00edctimas de accidentes por ca\u00eddas tambi\u00e9n deben demostrar que sus lesiones son consecuencia directa de las condiciones peligrosas de la propiedad. Tambi\u00e9n es necesario demostrar que el individuo estaba all\u00ed legalmente, ya que los intrusos ilegales no pueden presentar la mayor\u00eda de las demandas de responsabilidad. Por ejemplo, los residentes, invitados, clientes y visitantes de un parque p\u00fablico pueden abrir un caso de resbal\u00f3n y ca\u00edda si una condici\u00f3n peligrosa provoca lesiones graves.<\/p>\n<p>Tambi\u00e9n es importante tener en cuenta que en Texas, se utilizan las leyes de culpa comparativa. Esto significa que la v\u00edctima podr\u00eda compartir parte de la culpa en el caso, por ejemplo, si llevaba un calzado especialmente resbaladizo. Si se determina que el demandante tiene m\u00e1s del 50% de culpa, no podr\u00e1 cobrar indemnizaci\u00f3n alguna por da\u00f1os y perjuicios. Para averiguar si tiene una reclamaci\u00f3n v\u00e1lida por tropiezo y ca\u00edda, p\u00f3ngase en contacto inmediatamente con un <a href=\"https:\/\/www.google.com\/maps?cid=3735074471423390345\">abogado de confianza especializado en ca\u00eddas<\/a>. Pueden analizar los detalles de su caso y representarle si decide reclamar una indemnizaci\u00f3n por sus lesiones.<\/p>\n<h2>\u00bfQu\u00e9 lesiones pueden derivarse de un accidente por resbal\u00f3n y ca\u00edda?<\/h2>\n<p>Un accidente por tropiezo y ca\u00edda puede provocar lesiones graves que requieren una larga recuperaci\u00f3n y costosas facturas m\u00e9dicas. Esto es especialmente cierto para las v\u00edctimas de ca\u00eddas de edad avanzada. Las personas mayores v\u00edctimas de accidentes por ca\u00eddas tienen m\u00e1s probabilidades de sufrir fracturas \u00f3seas, como fracturas de cadera y de cr\u00e1neo. Estas lesiones pueden provocar una hospitalizaci\u00f3n prolongada e incluso la muerte.<\/p>\n<p><strong>Algunas lesiones comunes que se encuentran en Houston demandas por ca\u00eddas incluyen:<\/strong><\/p>\n<ul>\n<li>Fractura de cadera<\/li>\n<li>Fractura de cr\u00e1neo<\/li>\n<li>Traumatismo craneoencef\u00e1lico (TCE)<\/li>\n<li>Contusiones<\/li>\n<li>Lesiones cervicales y craneales<\/li>\n<li>Par\u00e1lisis<\/li>\n<li>Ahogamiento<\/li>\n<li>Da\u00f1o nervioso<\/li>\n<li>Hemorragia interna<\/li>\n<li>Da\u00f1os en los \u00f3rganos internos<\/li>\n<li>Da\u00f1os en los tejidos blandos, como esguinces musculares y tendinosos<\/li>\n<li>Electrocuci\u00f3n<\/li>\n<li>Mu\u00f1ecas o brazos rotos<\/li>\n<li>Esguinces o roturas de tobillo<\/li>\n<li>Trauma emocional<\/li>\n<li>Lesiones medulares<\/li>\n<\/ul>\n<p>Si usted o un ser querido sufre un accidente por tropiezo y ca\u00edda debido a la negligencia de otra persona, es posible que pueda cobrar una indemnizaci\u00f3n en una demanda por lesiones por ca\u00edda. Como v\u00edctima de una ca\u00edda, tiene todo el derecho a recuperar los da\u00f1os sufridos por culpa de un propietario negligente.<\/p>\n<p>Por favor, no sufras solo. P\u00f3ngase en contacto con nuestros talentosos abogados especializados en resbalones y ca\u00eddas para que le ayuden a gestionar este complejo asunto legal. Resolveremos los aspectos legales de su caso para que pueda centrarse en descansar y recuperarse de sus lesiones. Llame hoy para una evaluaci\u00f3n gratuita de su caso al 713-881-9739.<\/p>\n<h2>\u00bfCu\u00e1nta indemnizaci\u00f3n puedo recibir por mis lesiones por resbal\u00f3n y tropiezo?<\/h2>\n<p>Nuestro equipo legal entiende que las v\u00edctimas de tropiezos y ca\u00eddas pueden acumular muchas facturas m\u00e9dicas no deseadas despu\u00e9s de sus accidentes. Puede resultar tentador volver tranquilamente a la vida cotidiana y olvidarse del accidente durante estos dif\u00edciles momentos. Muchas personas dudan en interponer una demanda porque piensan que no son &#8220;el tipo de persona&#8221; para demandar. Sin embargo, usted puede ayudar a ser una fuerza positiva para el cambio en la comunidad llevando a los propietarios negligentes ante la justicia. Esto puede incluso ayudar a salvar a futuras v\u00edctimas de lesiones por ca\u00eddas.<\/p>\n<p>En The Shariff Law Firm, PLLC, creemos que todas las v\u00edctimas merecen una compensaci\u00f3n por sus p\u00e9rdidas. En un caso de resbal\u00f3n y ca\u00edda, esto podr\u00eda incluir da\u00f1os econ\u00f3micos y da\u00f1os no econ\u00f3micos.<\/p>\n<p><strong>Algunos da\u00f1os econ\u00f3micos que las v\u00edctimas pueden cobrar en una demanda por resbal\u00f3n y ca\u00edda que prospere son:<\/strong><\/p>\n<ul>\n<li>Facturas m\u00e9dicas pasadas y futuras de m\u00e9dicos, hospitales, gastos de ambulancia, especialistas, fisioterapia, equipos m\u00e9dicos, etc.<\/li>\n<li>P\u00e9rdida de ingresos pasados y futuros, incluidos sueldos, salarios, vacaciones y primas.<\/li>\n<li>P\u00e9rdida de capacidad de ganancia si la lesi\u00f3n afecta a su capacidad para trabajar<\/li>\n<\/ul>\n<p><strong>Los da\u00f1os no econ\u00f3micos son m\u00e1s dif\u00edciles de calcular pero son igualmente importantes y pueden incluir lo siguiente:<\/strong><\/p>\n<ul>\n<li>El dolor y el sufrimiento pasados y futuros causados por el accidente de tropiezo y ca\u00edda<\/li>\n<li>Trauma emocional<\/li>\n<li>Desfiguraci\u00f3n<\/li>\n<li>P\u00e9rdida del disfrute de la vida<\/li>\n<li>P\u00e9rdida de compa\u00f1\u00eda<\/li>\n<li>Discapacidad y deficiencia<\/li>\n<\/ul>\n<p>Tanto si sus lesiones se derivan de una ca\u00edda en una propiedad privada o en un terreno propiedad de una entidad gubernamental, usted merece justicia por el da\u00f1o que se le ha causado. P\u00f3ngase en contacto inmediatamente con nuestros excelentes abogados especializados en resbalones y ca\u00eddas para obtener m\u00e1s informaci\u00f3n sobre la indemnizaci\u00f3n que podr\u00eda recibir por sus lesiones.<\/p>\n<h2>\u00bfC\u00f3mo puede ayudarme un abogado especializado en resbalones y ca\u00eddas?<\/h2>\n<p>Muchas v\u00edctimas piensan que recibir\u00e1n un trato justo de su compa\u00f1\u00eda de seguros y creen que pueden confiar en que un acuerdo cubrir\u00e1 sus gastos. Sin embargo, la mayor\u00eda de los agentes de seguros velan m\u00e1s por los intereses de la empresa que por los del cliente. Lamentablemente, es probable que no reciba suficientes pagos del seguro para cubrir sus crecientes facturas. Esto es especialmente cierto si su capacidad de ganancia es menor debido a sus lesiones. Si usted es v\u00edctima de un accidente de ca\u00edda, debe hablar con un representante legal de confianza para saber qu\u00e9 curso de acci\u00f3n ser\u00e1 mejor en su situaci\u00f3n particular.<\/p>\n<p>Su abogado puede ser un gran activo en este momento dif\u00edcil, ya que defender\u00e1 sus derechos y luchar\u00e1 agresivamente para que usted reciba la compensaci\u00f3n que se merece. Investigar\u00e1n el caso y le ayudar\u00e1n a aportar pruebas de que la otra parte fue culpable de sus lesiones. Su abogado tambi\u00e9n puede ayudarle a reunir la documentaci\u00f3n que necesita para demostrar los costes a los que se enfrenta por el accidente de ca\u00edda. Esto puede garantizar que reciba todos los da\u00f1os y perjuicios que se le deben.<\/p>\n<p>Por favor, act\u00fae inmediatamente si cree que tiene una reclamaci\u00f3n por resbal\u00f3n y ca\u00edda. En Texas, la ley de prescripci\u00f3n impide que las personas cobren indemnizaci\u00f3n alguna si la demanda se presenta m\u00e1s de dos a\u00f1os despu\u00e9s de que se produjera la lesi\u00f3n. Nunca se sabe lo que puede surgir en su vida o durante el proceso legal que podr\u00eda retrasar la finalizaci\u00f3n de su demanda, as\u00ed que por favor hable con un abogado inmediatamente.<\/p>\n<h2>\u00bfDeber\u00eda contratar a nuestros abogados de lesiones personales?<\/h2>\n<p>Los excelentes abogados de resbalones y ca\u00eddas de <a href=\"https:\/\/q9s.5f0.myftpupload.com\/es\/\">The Shariff Law Firm, PLLC<\/a> est\u00e1n esperando a que usted les hable de su accidente. Hemos ayudado a innumerables clientes a recuperar los da\u00f1os y perjuicios que se les deb\u00edan por culpa de propietarios negligentes. Nuestros a\u00f1os de experiencia nos han proporcionado un extraordinario historial de \u00e9xitos. Entendemos la ley de Texas, y sabemos c\u00f3mo obtener los resultados que est\u00e1 buscando.<\/p>\n<p>Por favor llame de inmediato para hablar con nuestro equipo legal compasivo y atento. Servimos el \u00e1rea de Houston, y nos comprometemos a escuchar sus preocupaciones y trabajar sin descanso para lograr los objetivos que desea en su caso. Ofrecemos una consulta gratuita, por lo que no tiene nada que perder por llegar y tener nuestros abogados con conocimientos evaluar su caso. Llame hoy para concertar una cita al <a href=\"tel:+17138819739\">713-881-9739<\/a><\/p>\n","protected":false},"excerpt":{"rendered":"<p>Resbalones y Ca\u00eddas Abogados Ayudar a las V\u00edctimas de Houston, y sus familias a encontrar alivio En el ajetreado mundo actual, nos desplazamos r\u00e1pidamente de un lugar a otro. Esto puede causar problemas si existe una situaci\u00f3n peligrosa en el lugar que estamos visitando o viviendo legalmente. Las condiciones peligrosas en una propiedad de alquiler, [&hellip;]<\/p>\n","protected":false},"author":2,"featured_media":0,"parent":0,"menu_order":0,"comment_status":"closed","ping_status":"closed","template":"","meta":{"inline_featured_image":false,"_genesis_hide_title":false,"_genesis_hide_breadcrumbs":false,"_genesis_hide_singular_image":false,"_genesis_hide_footer_widgets":false,"_genesis_custom_body_class":"","_genesis_custom_post_class":"","_genesis_layout":"","footnotes":""},"class_list":{"0":"post-798","1":"page","2":"type-page","3":"status-publish","5":"entry"},"yoast_head":"<!-- This site is optimized with the Yoast SEO plugin v27.4 - https:\/\/yoast.com\/product\/yoast-seo-wordpress\/ -->\n<title>Abogados de resbalones y ca\u00eddas - Texas - The Shariff Law Firm, PLLC.<\/title>\n<meta name=\"description\" content=\"\u00bfHa sufrido usted o un ser querido lesiones por un accidente de resbal\u00f3n y ca\u00edda debido a la mala acci\u00f3n o negligencia de otra persona? Usted puede tener derecho a una indemnizaci\u00f3n por gastos m\u00e9dicos, p\u00e9rdida de ingresos y mucho m\u00e1s. P\u00f3ngase en contacto con los abogados expertos de The Shariff Law Firm, PLLC de inmediato para iniciar su demanda por lesiones personales.\" \/>\n<meta name=\"robots\" content=\"noindex, follow, max-snippet:-1, max-image-preview:large, max-video-preview:-1\" \/>\n<meta property=\"og:locale\" content=\"es_ES\" \/>\n<meta property=\"og:type\" content=\"article\" \/>\n<meta property=\"og:title\" content=\"Abogados de resbalones y ca\u00eddas - Texas - The Shariff Law Firm, PLLC.\" \/>\n<meta property=\"og:description\" content=\"\u00bfHa sufrido usted o un ser querido lesiones por un accidente de resbal\u00f3n y ca\u00edda debido a la mala acci\u00f3n o negligencia de otra persona? Usted puede tener derecho a una indemnizaci\u00f3n por gastos m\u00e9dicos, p\u00e9rdida de ingresos y mucho m\u00e1s. P\u00f3ngase en contacto con los abogados expertos de The Shariff Law Firm, PLLC de inmediato para iniciar su demanda por lesiones personales.\" \/>\n<meta property=\"og:url\" content=\"https:\/\/q9s.5f0.myftpupload.com\/es\/resbalones-y-caidas\/\" \/>\n<meta property=\"og:site_name\" content=\"The Shariff Law Firm, PLLC\" \/>\n<meta property=\"article:modified_time\" content=\"2023-10-16T11:49:43+00:00\" \/>\n<meta name=\"twitter:card\" content=\"summary_large_image\" \/>\n<meta name=\"twitter:label1\" content=\"Est. reading time\" \/>\n\t<meta name=\"twitter:data1\" content=\"10 minutes\" \/>\n<!-- \/ Yoast SEO plugin. -->","yoast_head_json":{"title":"Abogados de resbalones y ca\u00eddas - Texas - The Shariff Law Firm, PLLC.","description":"\u00bfHa sufrido usted o un ser querido lesiones por un accidente de resbal\u00f3n y ca\u00edda debido a la mala acci\u00f3n o negligencia de otra persona? Usted puede tener derecho a una indemnizaci\u00f3n por gastos m\u00e9dicos, p\u00e9rdida de ingresos y mucho m\u00e1s. P\u00f3ngase en contacto con los abogados expertos de The Shariff Law Firm, PLLC de inmediato para iniciar su demanda por lesiones personales.","robots":{"index":"noindex","follow":"follow","max-snippet":"max-snippet:-1","max-image-preview":"max-image-preview:large","max-video-preview":"max-video-preview:-1"},"og_locale":"es_ES","og_type":"article","og_title":"Abogados de resbalones y ca\u00eddas - Texas - The Shariff Law Firm, PLLC.","og_description":"\u00bfHa sufrido usted o un ser querido lesiones por un accidente de resbal\u00f3n y ca\u00edda debido a la mala acci\u00f3n o negligencia de otra persona? Usted puede tener derecho a una indemnizaci\u00f3n por gastos m\u00e9dicos, p\u00e9rdida de ingresos y mucho m\u00e1s. P\u00f3ngase en contacto con los abogados expertos de The Shariff Law Firm, PLLC de inmediato para iniciar su demanda por lesiones personales.","og_url":"https:\/\/q9s.5f0.myftpupload.com\/es\/resbalones-y-caidas\/","og_site_name":"The Shariff Law Firm, PLLC","article_modified_time":"2023-10-16T11:49:43+00:00","twitter_card":"summary_large_image","twitter_misc":{"Est. reading time":"10 minutes"},"schema":{"@context":"https:\/\/schema.org","@graph":[{"@type":"WebPage","@id":"https:\/\/q9s.5f0.myftpupload.com\/es\/resbalones-y-caidas\/","url":"https:\/\/q9s.5f0.myftpupload.com\/es\/resbalones-y-caidas\/","name":"Abogados de resbalones y ca\u00eddas - Texas - The Shariff Law Firm, PLLC.","isPartOf":{"@id":"https:\/\/q9s.5f0.myftpupload.com\/es\/#website"},"datePublished":"2023-01-11T12:18:42+00:00","dateModified":"2023-10-16T11:49:43+00:00","description":"\u00bfHa sufrido usted o un ser querido lesiones por un accidente de resbal\u00f3n y ca\u00edda debido a la mala acci\u00f3n o negligencia de otra persona? Usted puede tener derecho a una indemnizaci\u00f3n por gastos m\u00e9dicos, p\u00e9rdida de ingresos y mucho m\u00e1s. P\u00f3ngase en contacto con los abogados expertos de The Shariff Law Firm, PLLC de inmediato para iniciar su demanda por lesiones personales.","breadcrumb":{"@id":"https:\/\/q9s.5f0.myftpupload.com\/es\/resbalones-y-caidas\/#breadcrumb"},"inLanguage":"es-ES","potentialAction":[{"@type":"ReadAction","target":["https:\/\/q9s.5f0.myftpupload.com\/es\/resbalones-y-caidas\/"]}]},{"@type":"BreadcrumbList","@id":"https:\/\/q9s.5f0.myftpupload.com\/es\/resbalones-y-caidas\/#breadcrumb","itemListElement":[{"@type":"ListItem","position":1,"name":"Home","item":"https:\/\/q9s.5f0.myftpupload.com\/es\/"},{"@type":"ListItem","position":2,"name":"Resbalones y ca\u00eddas"}]},{"@type":"WebSite","@id":"https:\/\/q9s.5f0.myftpupload.com\/es\/#website","url":"https:\/\/q9s.5f0.myftpupload.com\/es\/","name":"The Shariff Law Firm, PLLC","description":"","potentialAction":[{"@type":"SearchAction","target":{"@type":"EntryPoint","urlTemplate":"https:\/\/q9s.5f0.myftpupload.com\/es\/?s={search_term_string}"},"query-input":{"@type":"PropertyValueSpecification","valueRequired":true,"valueName":"search_term_string"}}],"inLanguage":"es-ES"}]}},"_links":{"self":[{"href":"https:\/\/q9s.5f0.myftpupload.com\/es\/wp-json\/wp\/v2\/pages\/798","targetHints":{"allow":["GET"]}}],"collection":[{"href":"https:\/\/q9s.5f0.myftpupload.com\/es\/wp-json\/wp\/v2\/pages"}],"about":[{"href":"https:\/\/q9s.5f0.myftpupload.com\/es\/wp-json\/wp\/v2\/types\/page"}],"author":[{"embeddable":true,"href":"https:\/\/q9s.5f0.myftpupload.com\/es\/wp-json\/wp\/v2\/users\/2"}],"replies":[{"embeddable":true,"href":"https:\/\/q9s.5f0.myftpupload.com\/es\/wp-json\/wp\/v2\/comments?post=798"}],"version-history":[{"count":0,"href":"https:\/\/q9s.5f0.myftpupload.com\/es\/wp-json\/wp\/v2\/pages\/798\/revisions"}],"wp:attachment":[{"href":"https:\/\/q9s.5f0.myftpupload.com\/es\/wp-json\/wp\/v2\/media?parent=798"}],"curies":[{"name":"wp","href":"https:\/\/api.w.org\/{rel}","templated":true}]}}