{"id":805,"date":"2023-01-11T14:02:00","date_gmt":"2023-01-11T14:02:00","guid":{"rendered":"https:\/\/q9s.5f0.myftpupload.com\/m-obaid-shariff-j-d\/"},"modified":"2023-12-29T12:49:51","modified_gmt":"2023-12-29T12:49:51","slug":"m-obaid-shariff-j-d","status":"publish","type":"page","link":"https:\/\/q9s.5f0.myftpupload.com\/es\/m-obaid-shariff-j-d\/","title":{"rendered":"M. Obaid Shariff, J.D."},"content":{"rendered":"<h1>M. Obaid Shariff, J.D.<\/h1>\n<div class=\"Inner-Image-Right\">\n<div class=\"Image\"><img loading=\"lazy\" decoding=\"async\" class=\"alignnone\" title=\"Abogado gerente M. Obaid Shariff, J.D. \" src=\"\/wp-content\/uploads\/2023\/12\/VCP_3652.jpg\" alt=\"M. Obaid Shariff, J.D. Abogado Gerente\" width=\"400\" height=\"400\"><\/div>\n<div class=\"Inner-Text-Div\">\n<div class=\"Title\"><\/div>\n<div class=\"Sub-Title\">Abogado gerente<\/div>\n<div class=\"Icon\"><\/div>\n<\/div>\n<\/div>\n<ul>\n<li>Licencia para ejercer la abogac\u00eda en el Estado de Texas<\/li>\n<li>Licenciado para ejercer ante el Tribunal Federal del Distrito Sur de Texas<\/li>\n<li>Doctorado en Derecho por el Centro de Derecho de la Universidad de Houston<\/li>\n<li>Licenciada por la Universidad de Houston, Escuela de Negocios Bauer<\/li>\n<\/ul>\n<p align=\"justify\">El abogado fundador M. Obaid Shariff ha estado inmerso en la ley de lesiones personales de Texas toda su carrera, con a\u00f1os de experiencia y resultados ganadores para completar su curr\u00edculum. Con nuestra dedicaci\u00f3n a nuestros clientes, nuestra atenci\u00f3n al detalle, y nuestro impulso para recuperar la mayor indemnizaci\u00f3n posible, puede estar seguro de que estar\u00e1 en buenas manos.<\/p>\n<p align=\"justify\">En The Shariff Law Firm, usted recibir\u00e1 atenci\u00f3n y orientaci\u00f3n individualizada e interactiva. Si busca una orientaci\u00f3n legal clara y pr\u00e1ctica y la defensa de sus intereses a largo plazo, p\u00f3ngase en contacto con nosotros en The Shariff Law Firm y solicite una evaluaci\u00f3n gratuita de su caso.<\/p>\n","protected":false},"excerpt":{"rendered":"<p>M. Obaid Shariff, J.D. Abogado gerente Licencia para ejercer la abogac\u00eda en el Estado de Texas Licenciado para ejercer ante el Tribunal Federal del Distrito Sur de Texas Doctorado en Derecho por el Centro de Derecho de la Universidad de Houston Licenciada por la Universidad de Houston, Escuela de Negocios Bauer El abogado fundador M. [&hellip;]<\/p>\n","protected":false},"author":2,"featured_media":0,"parent":0,"menu_order":0,"comment_status":"closed","ping_status":"closed","template":"","meta":{"inline_featured_image":false,"_genesis_hide_title":false,"_genesis_hide_breadcrumbs":false,"_genesis_hide_singular_image":false,"_genesis_hide_footer_widgets":false,"_genesis_custom_body_class":"","_genesis_custom_post_class":"","_genesis_layout":"","footnotes":""},"class_list":{"0":"post-805","1":"page","2":"type-page","3":"status-publish","5":"entry"},"yoast_head":"<!-- This site is optimized with the Yoast SEO plugin v27.4 - https:\/\/yoast.com\/product\/yoast-seo-wordpress\/ -->\n<title>Nuestra Pr\u00e1ctica | M. Obaid Shariff | Shariff Law Firm<\/title>\n<meta name=\"description\" content=\"El abogado fundador M. Obaid Shariff se ha centrado en la ley de lesiones personales de Texas toda su carrera, con a\u00f1os de experiencia y resultados ganadores.\" \/>\n<meta name=\"robots\" content=\"noindex, follow, max-snippet:-1, max-image-preview:large, max-video-preview:-1\" \/>\n<meta property=\"og:locale\" content=\"es_ES\" \/>\n<meta property=\"og:type\" content=\"article\" \/>\n<meta property=\"og:title\" content=\"Nuestra Pr\u00e1ctica | M. Obaid Shariff | Shariff Law Firm\" \/>\n<meta property=\"og:description\" content=\"El abogado fundador M. Obaid Shariff se ha centrado en la ley de lesiones personales de Texas toda su carrera, con a\u00f1os de experiencia y resultados ganadores.\" \/>\n<meta property=\"og:url\" content=\"https:\/\/q9s.5f0.myftpupload.com\/es\/m-obaid-shariff-j-d\/\" \/>\n<meta property=\"og:site_name\" content=\"The Shariff Law Firm, PLLC\" \/>\n<meta property=\"article:modified_time\" content=\"2023-12-29T12:49:51+00:00\" \/>\n<meta name=\"twitter:card\" content=\"summary_large_image\" \/>\n<meta name=\"twitter:label1\" content=\"Est. reading time\" \/>\n\t<meta name=\"twitter:data1\" content=\"1 minute\" \/>\n<!-- \/ Yoast SEO plugin. -->","yoast_head_json":{"title":"Nuestra Pr\u00e1ctica | M. Obaid Shariff | Shariff Law Firm","description":"El abogado fundador M. Obaid Shariff se ha centrado en la ley de lesiones personales de Texas toda su carrera, con a\u00f1os de experiencia y resultados ganadores.","robots":{"index":"noindex","follow":"follow","max-snippet":"max-snippet:-1","max-image-preview":"max-image-preview:large","max-video-preview":"max-video-preview:-1"},"og_locale":"es_ES","og_type":"article","og_title":"Nuestra Pr\u00e1ctica | M. Obaid Shariff | Shariff Law Firm","og_description":"El abogado fundador M. Obaid Shariff se ha centrado en la ley de lesiones personales de Texas toda su carrera, con a\u00f1os de experiencia y resultados ganadores.","og_url":"https:\/\/q9s.5f0.myftpupload.com\/es\/m-obaid-shariff-j-d\/","og_site_name":"The Shariff Law Firm, PLLC","article_modified_time":"2023-12-29T12:49:51+00:00","twitter_card":"summary_large_image","twitter_misc":{"Est. reading time":"1 minute"},"schema":{"@context":"https:\/\/schema.org","@graph":[{"@type":"WebPage","@id":"https:\/\/q9s.5f0.myftpupload.com\/es\/m-obaid-shariff-j-d\/","url":"https:\/\/q9s.5f0.myftpupload.com\/es\/m-obaid-shariff-j-d\/","name":"Nuestra Pr\u00e1ctica | M. Obaid Shariff | Shariff Law Firm","isPartOf":{"@id":"https:\/\/q9s.5f0.myftpupload.com\/es\/#website"},"datePublished":"2023-01-11T14:02:00+00:00","dateModified":"2023-12-29T12:49:51+00:00","description":"El abogado fundador M. Obaid Shariff se ha centrado en la ley de lesiones personales de Texas toda su carrera, con a\u00f1os de experiencia y resultados ganadores.","breadcrumb":{"@id":"https:\/\/q9s.5f0.myftpupload.com\/es\/m-obaid-shariff-j-d\/#breadcrumb"},"inLanguage":"es-ES","potentialAction":[{"@type":"ReadAction","target":["https:\/\/q9s.5f0.myftpupload.com\/es\/m-obaid-shariff-j-d\/"]}]},{"@type":"BreadcrumbList","@id":"https:\/\/q9s.5f0.myftpupload.com\/es\/m-obaid-shariff-j-d\/#breadcrumb","itemListElement":[{"@type":"ListItem","position":1,"name":"Home","item":"https:\/\/q9s.5f0.myftpupload.com\/es\/"},{"@type":"ListItem","position":2,"name":"M. Obaid Shariff, J.D."}]},{"@type":"WebSite","@id":"https:\/\/q9s.5f0.myftpupload.com\/es\/#website","url":"https:\/\/q9s.5f0.myftpupload.com\/es\/","name":"The Shariff Law Firm, PLLC","description":"","potentialAction":[{"@type":"SearchAction","target":{"@type":"EntryPoint","urlTemplate":"https:\/\/q9s.5f0.myftpupload.com\/es\/?s={search_term_string}"},"query-input":{"@type":"PropertyValueSpecification","valueRequired":true,"valueName":"search_term_string"}}],"inLanguage":"es-ES"}]}},"_links":{"self":[{"href":"https:\/\/q9s.5f0.myftpupload.com\/es\/wp-json\/wp\/v2\/pages\/805","targetHints":{"allow":["GET"]}}],"collection":[{"href":"https:\/\/q9s.5f0.myftpupload.com\/es\/wp-json\/wp\/v2\/pages"}],"about":[{"href":"https:\/\/q9s.5f0.myftpupload.com\/es\/wp-json\/wp\/v2\/types\/page"}],"author":[{"embeddable":true,"href":"https:\/\/q9s.5f0.myftpupload.com\/es\/wp-json\/wp\/v2\/users\/2"}],"replies":[{"embeddable":true,"href":"https:\/\/q9s.5f0.myftpupload.com\/es\/wp-json\/wp\/v2\/comments?post=805"}],"version-history":[{"count":0,"href":"https:\/\/q9s.5f0.myftpupload.com\/es\/wp-json\/wp\/v2\/pages\/805\/revisions"}],"wp:attachment":[{"href":"https:\/\/q9s.5f0.myftpupload.com\/es\/wp-json\/wp\/v2\/media?parent=805"}],"curies":[{"name":"wp","href":"https:\/\/api.w.org\/{rel}","templated":true}]}}