{"id":806,"date":"2023-01-11T12:21:30","date_gmt":"2023-01-11T12:21:30","guid":{"rendered":"https:\/\/q9s.5f0.myftpupload.com\/lesiones-laborales\/"},"modified":"2023-10-31T01:54:56","modified_gmt":"2023-10-31T01:54:56","slug":"lesiones-laborales","status":"publish","type":"page","link":"https:\/\/q9s.5f0.myftpupload.com\/es\/lesiones-laborales\/","title":{"rendered":"Lesiones laborales"},"content":{"rendered":"<h1>Abogados de lesiones de trabajo de Houston que defienden los derechos de los clientes<\/h1>\n<p>Los empleados dependen de sus empleadores para tener un lugar de trabajo seguro en el que puedan realizar su trabajo sin temor a sufrir lesiones. Cuando se producen accidentes por negligencia del empresario, la situaci\u00f3n puede ser extremadamente estresante. El trabajador puede temer presentar una demanda contra su empresario por posibles represalias u otros efectos secundarios adversos. Sin embargo, creemos que todo empresario negligente debe ser considerado responsable de los empleados lesionados. Es la \u00fanica manera de influir en el cambio y evitar que se produzcan m\u00e1s accidentes en el futuro.<\/p>\n<p>Interponer una demanda tambi\u00e9n es esencial para la v\u00edctima y su familia. Sufrir lesiones ya es bastante malo con el dolor y la angustia emocional que conlleva. Lo que empeora las cosas son las crecientes facturas m\u00e9dicas, junto con el tiempo perdido en el trabajo y la disminuci\u00f3n de la capacidad para obtener ingresos. Con una demanda por accidente laboral, es posible que pueda ofrecer una mayor seguridad para usted y las personas a su cargo recuperando los salarios perdidos, los gastos de tratamiento m\u00e9dico y los da\u00f1os emocionales del accidente.<\/p>\n<p>Si usted necesita ayuda para iniciar el proceso de reclamaciones de compensaci\u00f3n al trabajador en el \u00e1rea de Houston, o si desea presentar una reclamaci\u00f3n contra su empleador por sus lesiones, usted necesita un <a href=\"https:\/\/www.google.com\/maps?cid=3735074471423390345\">abogado con experiencia en compensaci\u00f3n al<\/a> trabajador como los de The Shariff Law Firm, PLLC. Luchamos agresivamente por los empleados lesionados que sufren a causa de la negligencia o la mala conducta de su empleador. Conocemos la ley de Texas y c\u00f3mo obtener resultados para usted y su familia. Vamos a luchar en su nombre para obtener la cobertura de compensaci\u00f3n de trabajadores y recuperar los da\u00f1os que se merece. P\u00f3ngase en contacto con nosotros hoy mismo llamando al 713-881-9739.<\/p>\n<h2>\u00bfCu\u00e1les son algunas lesiones de trabajo comunes en el \u00e1rea de Houston?<\/h2>\n<p>Algunos trabajos son m\u00e1s peligrosos que otros. Sin embargo, toda persona merece que su empresario tome todas las medidas posibles para evitar accidentes que provoquen lesiones catastr\u00f3ficas. Por desgracia, muchas empresas y directivos se toman la seguridad demasiado a la ligera, poniendo en riesgo la salud de sus empleados. Millones de personas presentan cada a\u00f1o demandas de indemnizaci\u00f3n por accidentes de trabajo en Estados Unidos por diversas lesiones.<\/p>\n<p><strong>Algunas de las lesiones m\u00e1s comunes que sufren los trabajadores en el trabajo son:<\/strong><\/p>\n<ul>\n<li><strong>P\u00e9rdida de extremidades &#8211; <\/strong>Perder una extremidad puede ser devastador para cualquier persona, especialmente para aquellas cuyo trabajo requiere movimiento f\u00edsico y destreza. Estos accidentes se producen en obras, accidentes de tr\u00e1fico o instalaciones de producci\u00f3n. La p\u00e9rdida de una extremidad puede dar lugar a una indemnizaci\u00f3n de por vida.<\/li>\n<li><strong>Lesionespor esfuerzo repetitivo<\/strong> &#8211; Aunque estas lesiones pueden parecer menos graves, las lesiones por esfuerzo repetitivo como el t\u00fanel carpiano pueden ser debilitantes. El uso excesivo de las manos y los brazos puede provocar dolor incapacitante y p\u00e9rdida de sensibilidad, lo que impide a la persona valerse por s\u00ed misma y requiere una intervenci\u00f3n quir\u00fargica costosa y dolorosa.<\/li>\n<li><strong>Lesi\u00f3n medular &#8211; <\/strong>Cuando alguien sufre un accidente laboral, puede da\u00f1ar f\u00e1cilmente los nervios y huesos de la columna vertebral. Esto puede causar un dolor terrible que dura meses o incluso a\u00f1os. Muchas lesiones medulares s\u00f3lo se curan con cirug\u00eda, que puede ser costosa y requerir una larga recuperaci\u00f3n.<\/li>\n<li><strong>Lesi\u00f3n cerebral traum\u00e1tica (LCT) <\/strong>: las LCT pueden ser algunas de las lesiones m\u00e1s catastr\u00f3ficas debido a lo vital que es el cerebro humano para el funcionamiento cotidiano. Las conmociones y contusiones cerebrales pueden provocar discapacidad de por vida, enfermedades mentales e incluso la muerte. Sin duda, estas lesiones pueden dar lugar a una indemnizaci\u00f3n en un caso de accidente laboral.<\/li>\n<li><strong>Fracturas \u00f3seas: <\/strong>las fracturas \u00f3seas pueden deberse a muchas causas, como accidentes en obras de construcci\u00f3n o resbalones y ca\u00eddas en el pasillo de una oficina desordenada. Incluso las fracturas simples de los dedos de manos y pies pueden ser dolorosas y costosas, y tardar varias semanas en curarse. La persona puede tener que faltar al trabajo, lo que hace que los gastos se acumulen mientras pierde ingresos al mismo tiempo.<\/li>\n<\/ul>\n<p>Sea cual sea su lesi\u00f3n, por favor, no se conforme con ninguna cantidad de la compa\u00f1\u00eda de seguros de su empleador sin antes hablar con un representante legal de confianza. Las compa\u00f1\u00edas de seguros buscan primero sus propios beneficios en lugar de velar por los intereses de la v\u00edctima. Un abogado experto en indemnizaci\u00f3n laboral como los de The Shariff Law Firm, PLLC, puede ayudarle a interactuar con los agentes de seguros para evitar que llegue a acuerdos que le har\u00edan ganar menos dinero del que merece. Ll\u00e1menos hoy mismo para concertar una cita gratuita.<\/p>\n<h2>\u00bfCu\u00e1les son las causas de las lesiones laborales en Texas?<\/h2>\n<p>El tipo de lesi\u00f3n puede afectar a la aprobaci\u00f3n o no de las prestaciones de compensaci\u00f3n de los trabajadores. Es esencial contar con un abogado con experiencia en compensaci\u00f3n de trabajadores revisar su caso para ayudar a reunir pruebas de sus lesiones para que reciba los beneficios que se merece.<\/p>\n<p><strong>Algunas lesiones laborales comunes en Texas son:<\/strong><\/p>\n<ul>\n<li>Ca\u00eddas desde andamios u otros <a href=\"https:\/\/q9s.5f0.myftpupload.com\/es\/cuales-son-las-causas-de-las-caidas-en-las-obras\/\">equipos de construcci\u00f3n<\/a><\/li>\n<li>Ca\u00eddas de altura<\/li>\n<li>Quemaduras por incendio o explosi\u00f3n<\/li>\n<li>Exposici\u00f3n qu\u00edmica, como el contacto con una sustancia t\u00f3xica<\/li>\n<li>Quedar atrapado entre dos objetos, como los trabajadores que se encuentran en zanjas o agujeros profundos.<\/li>\n<li>Ser golpeado por un objeto, como un cami\u00f3n u otra m\u00e1quina.<\/li>\n<li>Ser golpeado por un objeto que cae, como herramientas o materiales que caen desde lo alto.<\/li>\n<li>Accidentes con carretillas elevadoras<\/li>\n<li>Da\u00f1os auditivos por exposici\u00f3n a ruidos fuertes<\/li>\n<li>Mal funcionamiento de la maquinaria<\/li>\n<li>La gr\u00faa se derrumba<\/li>\n<li>Accidentes de tr\u00e1fico<\/li>\n<li>Sobreesfuerzo<\/li>\n<li>Lesiones por movimientos repetitivos<\/li>\n<li>Lesiones mar\u00edtimas, tanto en tierra como en alta mar<\/li>\n<li>Accidentes por resbalones y ca\u00eddas<\/li>\n<li>Enfermedad profesional, incluido el s\u00edndrome del t\u00fanel carpiano, enfermedad pulmonar y enfermedad cut\u00e1nea.<\/li>\n<\/ul>\n<h2>\u00bfC\u00f3mo se determina la culpa en una demanda por accidente laboral?<\/h2>\n<p>En Texas, los empresarios no est\u00e1n obligados a suscribir el programa estatal de seguros de accidentes de trabajo. Esto significa que es posible que no pueda optar a las prestaciones de indemnizaci\u00f3n por accidente de trabajo. Sin embargo, usted sigue teniendo derechos y puede recibir una indemnizaci\u00f3n por sus lesiones.<\/p>\n<p>Si usted ha sido lesionado en un lugar de trabajo y no est\u00e1 seguro de si su empleador ofrece compensaci\u00f3n al trabajador, usted debe hablar con uno de nuestros <a href=\"https:\/\/q9s.5f0.myftpupload.com\/es\/\">abogados de lesiones personales<\/a> con talento inmediatamente. Podemos ayudar a determinar qui\u00e9n tiene la culpa mediante la investigaci\u00f3n de los detalles de su accidente. Para que una demanda prospere, debemos demostrar que su empresario conoc\u00eda o deber\u00eda haber conocido las condiciones peligrosas y que no actu\u00f3 de forma razonable para evitar el accidente.<\/p>\n<p>Tambi\u00e9n es importante tener en cuenta que si eres un contratista independiente, la empresa no tiene un deber de diligencia tan elevado con tu seguridad como con los empleados. Sin embargo, a\u00fan puede demandar por da\u00f1os y perjuicios en los casos en que el empresario no haya actuado con diligencia razonable para evitar un da\u00f1o previsible.<\/p>\n<p>Para obtener ayuda para determinar qui\u00e9n tiene la culpa en su caso de lesi\u00f3n en el lugar de trabajo, p\u00f3ngase en contacto con un abogado experto en compensaci\u00f3n laboral como los de The Shariff Law Firm, PLLC.<\/p>\n<h2>\u00bfQu\u00e9 da\u00f1os y perjuicios puedo recibir si la demanda por accidente laboral prospera?<\/h2>\n<p>Lesionarse en el trabajo puede ser devastador y es a\u00fan m\u00e1s catastr\u00f3fico cuando un ser querido muere tr\u00e1gicamente en una lesi\u00f3n relacionada con el trabajo. Los trabajadores lesionados y sus familiares pueden solicitar una indemnizaci\u00f3n adicional si se reclaman prestaciones por fallecimiento como parte de la demanda. Para recibir las prestaciones por fallecimiento, debe ponerse en contacto con un abogado de compensaci\u00f3n de trabajadores inmediatamente. Ser\u00e1n su mejor fuente de ayuda a la hora de buscar un acuerdo justo con las compa\u00f1\u00edas de seguros, y pueden representarle ante los tribunales si decide demandar por otros da\u00f1os.<\/p>\n<p><strong>Algunos ejemplos de elementos que pueden estar cubiertos en las lesiones de trabajo en Texas son:<\/strong><\/p>\n<ul>\n<li>Prestaciones m\u00e9dicas, incluidas visitas al m\u00e9dico, hospitalizaci\u00f3n, medicamentos, visitas a especialistas, gastos de ambulancia, fisioterapia, etc.<\/li>\n<li>Prestaciones sustitutorias del salario, como compensaci\u00f3n por los sueldos, salarios, primas y vacaciones perdidos.<\/li>\n<li>Dolor y sufrimiento pasados y futuros<\/li>\n<li>Trauma emocional<\/li>\n<li>Gastos de entierro y funeral<\/li>\n<li>P\u00e9rdida de compa\u00f1\u00eda<\/li>\n<li>P\u00e9rdida del disfrute de la vida<\/li>\n<\/ul>\n<p>Para tener la mejor oportunidad de maximizar su compensaci\u00f3n bajo la cobertura m\u00e9dica de su plan de seguro, por favor hable con un representante legal de confianza inmediatamente.<\/p>\n<h2>\u00bfQu\u00e9 puede hacer por m\u00ed un abogado especializado en accidentes laborales?<\/h2>\n<p>Cuando luche por sus derechos en caso de accidente laboral, no es prudente hacerlo solo. Usted necesita un excelente asesoramiento y representaci\u00f3n legal de abogados expertos que entienden la ley de Texas y luchar\u00e1n agresivamente por su mejor inter\u00e9s. La triste realidad es que la mayor\u00eda de los agentes de seguros s\u00f3lo velan por los intereses de la compa\u00f1\u00eda y no por los de la v\u00edctima lesionada. Un abogado experto puede desbaratar las t\u00e1cticas de agentes de seguros experimentados que buscan cualquier excusa para minimizar o denegar su reclamaci\u00f3n.<\/p>\n<p>Tambi\u00e9n deber\u00edas contratar a un abogado, para saber que se defienden tus derechos legales. Los casos de lesiones laborales son muy complejos debido a los matices que implica trabajar con una empresa y con el empleado lesionado. Puede que tengas miedo de enfrentarte a tu jefe por posibles represalias. Su abogado puede ayudarle a garantizar la protecci\u00f3n de sus derechos y a que reciba el total de los da\u00f1os y perjuicios que se le adeudan.<\/p>\n<p>Algunas personas se preocupan por obtener beneficios bajo compensaci\u00f3n de trabajadores porque tienen condiciones pre-existentes. De hecho, las enfermedades preexistentes no est\u00e1n cubiertas en la mayor\u00eda de los casos de indemnizaci\u00f3n por accidente de trabajo. Sin embargo, contratar a un abogado con experiencia puede ayudarle a obtener una indemnizaci\u00f3n aunque padezca una enfermedad preexistente. Podemos ayudarle con el proceso de apelaci\u00f3n si su reclamaci\u00f3n es denegada, obteniendo un resultado m\u00e1s positivo de la junta de compensaci\u00f3n del trabajador.<\/p>\n<p>Dado que sus seres queridos dependen de usted para que les apoye, tiene demasiado para arriesgarse a ir por libre en lo que respecta a su lesi\u00f3n laboral. P\u00f3ngase en contacto con The Shariff Law Firm, PLLC, hoy para proceder con confianza en la obtenci\u00f3n de los beneficios que se merece en su reclamo de compensaci\u00f3n al trabajador.<\/p>\n<h2>\u00bfDeber\u00eda contratar a nuestros abogados de lesiones personales?<\/h2>\n<p>Cuando usted o un ser querido sufre un accidente laboral, puede preguntarse c\u00f3mo presentar una reclamaci\u00f3n y responsabilizar al empresario negligente. Se trata de un momento dif\u00edcil, ya que puede estar sufriendo un dolor extremo al recuperarse de la lesi\u00f3n o lamentando la p\u00e9rdida de un familiar. Probablemente le preocupe cubrir los crecientes gastos m\u00e9dicos al tiempo que hace frente a la p\u00e9rdida de ingresos derivada de la lesi\u00f3n. Necesita un profesional jur\u00eddico de confianza que le ofrezca asesoramiento y representaci\u00f3n en estos momentos dif\u00edciles. Usted necesita a The Shariff Law Firm, PLLC.<\/p>\n<p>Nuestro talentoso equipo legal ha ayudado a innumerables personas y familias a recuperar los da\u00f1os que merecen despu\u00e9s de una lesi\u00f3n en el lugar de trabajo. Entendemos los retos que conllevan las lesiones catastr\u00f3ficas, incluidos los casos de homicidio culposo. Escucharemos compasivamente su historia e investigaremos cada detalle para revelar la verdad sobre lo que realmente ocurri\u00f3 durante el accidente. Prometemos trabajar sin descanso para conseguirle las prestaciones que usted y sus seres queridos merecen.<\/p>\n<p>No sufras innecesariamente. Deje que nuestros h\u00e1biles y competentes abogados luchen por sus derechos. P\u00f3ngase en contacto con nosotros hoy en <a href=\"tel:+17138819739\">713-881-9739<\/a> para una consulta gratuita para ver c\u00f3mo podemos ayudar con su caso de accidente laboral.<\/p>\n","protected":false},"excerpt":{"rendered":"<p>Abogados de lesiones de trabajo de Houston que defienden los derechos de los clientes Los empleados dependen de sus empleadores para tener un lugar de trabajo seguro en el que puedan realizar su trabajo sin temor a sufrir lesiones. Cuando se producen accidentes por negligencia del empresario, la situaci\u00f3n puede ser extremadamente estresante. El trabajador [&hellip;]<\/p>\n","protected":false},"author":2,"featured_media":0,"parent":0,"menu_order":0,"comment_status":"closed","ping_status":"closed","template":"","meta":{"inline_featured_image":false,"_genesis_hide_title":false,"_genesis_hide_breadcrumbs":false,"_genesis_hide_singular_image":false,"_genesis_hide_footer_widgets":false,"_genesis_custom_body_class":"","_genesis_custom_post_class":"","_genesis_layout":"","footnotes":""},"class_list":{"0":"post-806","1":"page","2":"type-page","3":"status-publish","5":"entry"},"yoast_head":"<!-- This site is optimized with the Yoast SEO plugin v27.4 - https:\/\/yoast.com\/product\/yoast-seo-wordpress\/ -->\n<title>Abogados de Lesiones Laborales - Texas - The Shariff Law Firm, PLLC.<\/title>\n<meta name=\"description\" content=\"\u00bfSufre lesiones laborales? Podr\u00eda recibir una indemnizaci\u00f3n por el dolor y el sufrimiento, los gastos m\u00e9dicos y la p\u00e9rdida de ingresos. P\u00f3ngase en contacto con nuestro bufete de abogados de inmediato para los abogados de lesiones de trabajo con experiencia que se asegurar\u00e1 de obtener la m\u00e1xima compensaci\u00f3n que se merece.\" \/>\n<meta name=\"robots\" content=\"noindex, follow, max-snippet:-1, max-image-preview:large, max-video-preview:-1\" \/>\n<meta property=\"og:locale\" content=\"es_ES\" \/>\n<meta property=\"og:type\" content=\"article\" \/>\n<meta property=\"og:title\" content=\"Abogados de Lesiones Laborales - Texas - The Shariff Law Firm, PLLC.\" \/>\n<meta property=\"og:description\" content=\"\u00bfSufre lesiones laborales? Podr\u00eda recibir una indemnizaci\u00f3n por el dolor y el sufrimiento, los gastos m\u00e9dicos y la p\u00e9rdida de ingresos. P\u00f3ngase en contacto con nuestro bufete de abogados de inmediato para los abogados de lesiones de trabajo con experiencia que se asegurar\u00e1 de obtener la m\u00e1xima compensaci\u00f3n que se merece.\" \/>\n<meta property=\"og:url\" content=\"https:\/\/q9s.5f0.myftpupload.com\/es\/lesiones-laborales\/\" \/>\n<meta property=\"og:site_name\" content=\"The Shariff Law Firm, PLLC\" \/>\n<meta property=\"article:modified_time\" content=\"2023-10-31T01:54:56+00:00\" \/>\n<meta name=\"twitter:card\" content=\"summary_large_image\" \/>\n<meta name=\"twitter:label1\" content=\"Est. reading time\" \/>\n\t<meta name=\"twitter:data1\" content=\"11 minutes\" \/>\n<!-- \/ Yoast SEO plugin. -->","yoast_head_json":{"title":"Abogados de Lesiones Laborales - Texas - The Shariff Law Firm, PLLC.","description":"\u00bfSufre lesiones laborales? Podr\u00eda recibir una indemnizaci\u00f3n por el dolor y el sufrimiento, los gastos m\u00e9dicos y la p\u00e9rdida de ingresos. P\u00f3ngase en contacto con nuestro bufete de abogados de inmediato para los abogados de lesiones de trabajo con experiencia que se asegurar\u00e1 de obtener la m\u00e1xima compensaci\u00f3n que se merece.","robots":{"index":"noindex","follow":"follow","max-snippet":"max-snippet:-1","max-image-preview":"max-image-preview:large","max-video-preview":"max-video-preview:-1"},"og_locale":"es_ES","og_type":"article","og_title":"Abogados de Lesiones Laborales - Texas - The Shariff Law Firm, PLLC.","og_description":"\u00bfSufre lesiones laborales? Podr\u00eda recibir una indemnizaci\u00f3n por el dolor y el sufrimiento, los gastos m\u00e9dicos y la p\u00e9rdida de ingresos. P\u00f3ngase en contacto con nuestro bufete de abogados de inmediato para los abogados de lesiones de trabajo con experiencia que se asegurar\u00e1 de obtener la m\u00e1xima compensaci\u00f3n que se merece.","og_url":"https:\/\/q9s.5f0.myftpupload.com\/es\/lesiones-laborales\/","og_site_name":"The Shariff Law Firm, PLLC","article_modified_time":"2023-10-31T01:54:56+00:00","twitter_card":"summary_large_image","twitter_misc":{"Est. reading time":"11 minutes"},"schema":{"@context":"https:\/\/schema.org","@graph":[{"@type":"WebPage","@id":"https:\/\/q9s.5f0.myftpupload.com\/es\/lesiones-laborales\/","url":"https:\/\/q9s.5f0.myftpupload.com\/es\/lesiones-laborales\/","name":"Abogados de Lesiones Laborales - Texas - The Shariff Law Firm, PLLC.","isPartOf":{"@id":"https:\/\/q9s.5f0.myftpupload.com\/es\/#website"},"datePublished":"2023-01-11T12:21:30+00:00","dateModified":"2023-10-31T01:54:56+00:00","description":"\u00bfSufre lesiones laborales? Podr\u00eda recibir una indemnizaci\u00f3n por el dolor y el sufrimiento, los gastos m\u00e9dicos y la p\u00e9rdida de ingresos. P\u00f3ngase en contacto con nuestro bufete de abogados de inmediato para los abogados de lesiones de trabajo con experiencia que se asegurar\u00e1 de obtener la m\u00e1xima compensaci\u00f3n que se merece.","breadcrumb":{"@id":"https:\/\/q9s.5f0.myftpupload.com\/es\/lesiones-laborales\/#breadcrumb"},"inLanguage":"es-ES","potentialAction":[{"@type":"ReadAction","target":["https:\/\/q9s.5f0.myftpupload.com\/es\/lesiones-laborales\/"]}]},{"@type":"BreadcrumbList","@id":"https:\/\/q9s.5f0.myftpupload.com\/es\/lesiones-laborales\/#breadcrumb","itemListElement":[{"@type":"ListItem","position":1,"name":"Home","item":"https:\/\/q9s.5f0.myftpupload.com\/es\/"},{"@type":"ListItem","position":2,"name":"Lesiones laborales"}]},{"@type":"WebSite","@id":"https:\/\/q9s.5f0.myftpupload.com\/es\/#website","url":"https:\/\/q9s.5f0.myftpupload.com\/es\/","name":"The Shariff Law Firm, PLLC","description":"","potentialAction":[{"@type":"SearchAction","target":{"@type":"EntryPoint","urlTemplate":"https:\/\/q9s.5f0.myftpupload.com\/es\/?s={search_term_string}"},"query-input":{"@type":"PropertyValueSpecification","valueRequired":true,"valueName":"search_term_string"}}],"inLanguage":"es-ES"}]}},"_links":{"self":[{"href":"https:\/\/q9s.5f0.myftpupload.com\/es\/wp-json\/wp\/v2\/pages\/806","targetHints":{"allow":["GET"]}}],"collection":[{"href":"https:\/\/q9s.5f0.myftpupload.com\/es\/wp-json\/wp\/v2\/pages"}],"about":[{"href":"https:\/\/q9s.5f0.myftpupload.com\/es\/wp-json\/wp\/v2\/types\/page"}],"author":[{"embeddable":true,"href":"https:\/\/q9s.5f0.myftpupload.com\/es\/wp-json\/wp\/v2\/users\/2"}],"replies":[{"embeddable":true,"href":"https:\/\/q9s.5f0.myftpupload.com\/es\/wp-json\/wp\/v2\/comments?post=806"}],"version-history":[{"count":0,"href":"https:\/\/q9s.5f0.myftpupload.com\/es\/wp-json\/wp\/v2\/pages\/806\/revisions"}],"wp:attachment":[{"href":"https:\/\/q9s.5f0.myftpupload.com\/es\/wp-json\/wp\/v2\/media?parent=806"}],"curies":[{"name":"wp","href":"https:\/\/api.w.org\/{rel}","templated":true}]}}