{"id":808,"date":"2023-01-11T12:39:51","date_gmt":"2023-01-11T12:39:51","guid":{"rendered":"https:\/\/q9s.5f0.myftpupload.com\/accidentes-de-trafico\/"},"modified":"2024-05-15T11:50:49","modified_gmt":"2024-05-15T11:50:49","slug":"accidentes-de-trafico","status":"publish","type":"page","link":"https:\/\/q9s.5f0.myftpupload.com\/es\/accidentes-de-trafico\/","title":{"rendered":"Accidentes de tr\u00e1fico"},"content":{"rendered":"<h1>Abogados especialistas en accidentes de transito que proporcionan representaci\u00f3n legal compasiva a las v\u00edctimas lesionadas en Houston, Texas<\/h1>\n<p>\u00bfHa sufrido usted o un ser querido lesiones graves en un accidente de tr\u00e1fico? Los accidentes de coche no s\u00f3lo son sucesos violentos y traumatizantes, sino que pueden dejar a las v\u00edctimas con da\u00f1os duraderos en su econom\u00eda y calidad de vida. Si has sufrido a causa de un accidente de coche que no fue culpa tuya, no se debe esperar que seas responsable de las costosas facturas m\u00e9dicas y otros gastos que surgen tras el accidente. Y aunque a muchos de nosotros nos gustar\u00eda esperar que nuestro proveedor de seguros nos proporcionara una recuperaci\u00f3n financiera adecuada para nuestra reclamaci\u00f3n de seguros, demasiados de nosotros aprendimos que las compa\u00f1\u00edas de seguros dar\u00edan prioridad a sus propios intereses financieros en lugar de estar al lado de sus clientes.<\/p>\n<p>Usted merece una indemnizaci\u00f3n justa por sus lesiones y que su aseguradora y la de la otra parte le traten con respeto. Si fueron responsables de su accidente, usted tiene derecho a presentar una demanda por da\u00f1os y perjuicios.<\/p>\n<p>Para obtener una indemnizaci\u00f3n econ\u00f3mica de las partes potencialmente responsables, es posible que tenga que demostrar que su negligencia fue un factor decisivo en la causa del accidente. Conseguir esta victoria legal puede ser dif\u00edcil para una v\u00edctima de accidente de tr\u00e1fico que a\u00fan se est\u00e1 recuperando de sus lesiones y lucha por mantenerse a flote mientras se acumulan las costosas facturas m\u00e9dicas. Se recomienda encarecidamente que busque la orientaci\u00f3n profesional de un abogado experto en accidentes de tr\u00e1fico para que represente su reclamaci\u00f3n legal.<\/p>\n<p>En el bufete de abogados Shariff Law Firm, con sede en <a href=\"https:\/\/q9s.5f0.myftpupload.com\/es\/\">Houston, nuestros abogados de lesiones personales de Houston<\/a> se comprometen a ayudar a los clientes a recuperar una indemnizaci\u00f3n que les permita volver a sus vidas sin que la carga financiera de las secuelas del accidente les lastre. Si desea discutir el potencial de su demanda por accidente de coche con m\u00e1s detalle, por favor p\u00f3ngase en contacto con nuestras oficinas legales para programar una consulta gratuita con un miembro de nuestro equipo legal llamando al (713) 881-9739. Estamos aqu\u00ed para ayudarle.<\/p>\n<h2>\u00bfQu\u00e9 tan comunes son los accidentes automovil\u00edsticos fatales en Texas?<\/h2>\n<p>Texas se ha ganado una reputaci\u00f3n por sus grandes sombreros, su dura \u00e9tica del trabajo y su est\u00e9tica exagerada. Pero tambi\u00e9n tiene sus problemas, sobre todo en las carreteras. Por desgracia, el estado tambi\u00e9n se ha ganado la reputaci\u00f3n de ser el m\u00e1s peligroso para los conductores. Las cifras reflejan este poco envidiable t\u00edtulo, mostrando que el Estado de la Estrella Solitaria tiene cinco veces m\u00e1s accidentes de tr\u00e1fico mortales al a\u00f1o que otros estados, siendo Houston la ciudad m\u00e1s mort\u00edfera para los conductores de Texas.<\/p>\n<p>Sin embargo, estas cifras son m\u00e1s complicadas cuando se miran un poco m\u00e1s de cerca. Por ejemplo, aunque Texas es sin duda el estado con m\u00e1s muertes en carretera, se sit\u00faa m\u00e1s cerca de la mitad de la clasificaci\u00f3n de accidentes mortales de Estados Unidos si se tienen en cuenta las muertes per c\u00e1pita. Florida tiene m\u00e1s accidentes de coche en general pero menos v\u00edctimas mortales, y California tiene un elevado n\u00famero de accidentes pero un n\u00famero comparativamente peque\u00f1o de muertes. Dicho esto, estas cifras est\u00e1n aumentando en Texas, mientras que en los cursos de educaci\u00f3n vial el n\u00famero de alumnos disminuye a medida que avanza el a\u00f1o.<\/p>\n<p>En Texas, los grupos demogr\u00e1ficos m\u00e1s afectados por las muertes de tr\u00e1fico son las personas de entre 21 y 25 a\u00f1os, los hombres sufren m\u00e1s del doble de muertes de tr\u00e1fico que las mujeres. La conducci\u00f3n bajo los efectos del alcohol es responsable de aproximadamente el 40% de las muertes en accidente de tr\u00e1fico, los casos de exceso de velocidad ocupan el segundo lugar con alrededor del 33%, y las motocicletas est\u00e1n implicadas en cerca del 10% de todos los accidentes mortales de tr\u00e1fico de Texas. Curiosamente, la mayor\u00eda de las muertes por accidente de tr\u00e1fico en Texas est\u00e1n relacionadas con colisiones de un solo veh\u00edculo. En la \u00faltima d\u00e9cada, m\u00e1s del 50% de las muertes por accidente de tr\u00e1fico se produjeron en un solo veh\u00edculo.<\/p>\n<h2>\u00bfQu\u00e9 implica la modificaci\u00f3n por el Estado de la &#8220;responsabilidad proporcional&#8221; de las leyes de culpa comparativa?<\/h2>\n<p>Texas es un estado de culpa, lo que significa que las partes responsables de un accidente pueden ser consideradas legal y financieramente responsables durante un juicio civil. La culpa comparativa es una versi\u00f3n de la ley de culpa que dice que varias partes pueden ser responsables de un accidente. En virtud de la culpa comparativa o negligencia comparativa, la responsabilidad de un accidente se dividir\u00e1 y la culpa se repartir\u00e1 entre varias partes. Por ejemplo, una parte puede ser responsable en un 70% y otra s\u00f3lo en un 30%, y la cantidad de dinero que paguen por da\u00f1os y perjuicios as\u00ed lo reflejar\u00e1.<\/p>\n<p>Texas opera con una interpretaci\u00f3n modificada de la negligencia comparativa, que se denomina responsabilidad proporcional. En virtud de la culpa comparativa, la v\u00edctima del accidente puede ser parcialmente responsable del accidente. Con la responsabilidad proporcional, el demandante no puede recuperar nada en concepto de da\u00f1os si se determina que es responsable del accidente en un 51% o m\u00e1s. Esto significa que, aunque usted tenga alguna responsabilidad en el accidente de tr\u00e1fico, siempre que esa responsabilidad no supere el 50%, su abogado podr\u00e1 reclamar una indemnizaci\u00f3n por su siniestro.<\/p>\n<h2>\u00bfQu\u00e9 tipos de casos de accidentes de coche que representamos?<\/h2>\n<p>Nuestro bufete de abogados ha representado a los automovilistas en accidentes graves y leves. Ning\u00fan accidente o lesi\u00f3n es demasiado peque\u00f1o para no merecer consideraci\u00f3n jur\u00eddica.<\/p>\n<p><strong>Podemos ayudarle con casos de accidente en coche tales como:<\/strong><\/p>\n<ul>\n<li>Accidentes en los que est\u00e9 implicado un conductor sin seguro.<\/li>\n<li>Accidentes de ciclistas y motoristas.<\/li>\n<li>Accidentes de autob\u00fas.<\/li>\n<li>Accidentes por conducci\u00f3n distra\u00edda.<\/li>\n<li>Accidentes por conducir bajo los efectos de las drogas o el alcohol.<\/li>\n<li>Colisiones frontales.<\/li>\n<li>Incidentes de atropello y fuga.<\/li>\n<li>Accidentes de peatones.<\/li>\n<li>Colisiones por alcance.<\/li>\n<li>Accidentes de tr\u00e1fico.<\/li>\n<li>Accidentes laterales.<\/li>\n<li>Colisiones en T.<\/li>\n<li>Accidentes de camiones.<\/li>\n<\/ul>\n<h2>\u00bfCu\u00e1les son las lesiones m\u00e1s comunes en los accidentes de tr\u00e1fico?<\/h2>\n<p>Si se lesiona en un accidente de tr\u00e1fico, es crucial que busque tratamiento m\u00e9dico inmediatamente. Aunque usted no crea que est\u00e1 malherido, algunas lesiones tardan horas, d\u00edas o semanas en manifestarse plenamente. Si trata de ignorar las lesiones y asegura al conductor negligente que se encuentra bien, esas afirmaciones podr\u00edan ser utilizadas en su contra si alguna vez decide llevar su caso de accidente de coche a los tribunales.<\/p>\n<p><strong>Las lesiones m\u00e1s frecuentes en los accidentes de tr\u00e1fico son:<\/strong><\/p>\n<ul>\n<li>Huesos rotos.<\/li>\n<li>Quemaduras.<\/li>\n<li>Conmociones cerebrales.<\/li>\n<li>Cortes y laceraciones.<\/li>\n<li>Discapacidad.<\/li>\n<li>Hemorragia interna.<\/li>\n<li>P\u00e9rdida de visi\u00f3n y\/o audici\u00f3n.<\/li>\n<li>Da\u00f1o en los \u00f3rganos.<\/li>\n<li>Par\u00e1lisis.<\/li>\n<li>Lesiones de tejidos blandos.<\/li>\n<li>Lesiones medulares.<\/li>\n<li>Lesiones cerebrales traum\u00e1ticas.<\/li>\n<li>Whiplash.<\/li>\n<li>Muerte por negligencia.<\/li>\n<\/ul>\n<h2>\u00bfCu\u00e1les son las causas de los accidentes de tr\u00e1fico?<\/h2>\n<p>Adem\u00e1s de la conducci\u00f3n bajo los efectos del alcohol, la negligencia del conductor es la causa m\u00e1s com\u00fan de accidentes de tr\u00e1fico en las carreteras de Texas. Las distracciones al volante van en aumento en estos tiempos de omnipresencia de la tecnolog\u00eda port\u00e1til personal. Enviar mensajes de texto mientras se conduce, hablar por el tel\u00e9fono m\u00f3vil o utilizar un dispositivo de navegaci\u00f3n GPS suelen distraer al conductor de la carretera. El exceso de velocidad, los cambios bruscos de carril, las incorporaciones peligrosas y no ceder el paso son otras causas de colisi\u00f3n. En algunos casos, el mal estado de la carretera o veh\u00edculos defectuosos pueden hacer que un conductor pierda el control y colisione con obst\u00e1culos. El aseo personal, comer y hablar con los pasajeros del coche tambi\u00e9n pueden provocar accidentes.<\/p>\n<h2>\u00bfCu\u00e1l es la diferencia entre una colisi\u00f3n y un accidente de tr\u00e1fico?<\/h2>\n<p>La mayor\u00eda de la gente piensa que choque y accidente de tr\u00e1fico son t\u00e9rminos que pueden utilizarse indistintamente. Sin embargo, se trata de dos formas distintas de definir jur\u00eddicamente un siniestro en el que est\u00e1n implicados veh\u00edculos de motor. Cuando sufre una colisi\u00f3n, es esencial saber si se trata de un choque o de un accidente.<\/p>\n<h2>\u00bfQu\u00e9 es un accidente de tr\u00e1fico?<\/h2>\n<p>Entender qu\u00e9 es un accidente puede ayudarle a definir claramente cu\u00e1ndo un incidente en la carretera es un accidente y cu\u00e1ndo es un choque. Un accidente es un suceso inesperado en el que no ha habido culpa ni mala conducta de ninguna de las partes. Un accidente no implica negligencia, es simplemente un incidente desafortunado que ha ocurrido. Un ejemplo de accidente es cuando dos conductores respetan los l\u00edmites de velocidad y las se\u00f1ales de tr\u00e1fico, pero los coches chocan debido a los efectos del mal tiempo. Evidentemente, un accidente no puede dar lugar a una demanda porque no se puede responsabilizar a nadie.<\/p>\n<p>Por desgracia, las compa\u00f1\u00edas de seguros tienden a utilizar la palabra &#8220;accidente&#8221; para dar a entender que ninguno de los dos conductores tuvo la culpa. Por nuestra experiencia, no siempre es as\u00ed. En cambio, las compa\u00f1\u00edas de seguros tergiversan la descripci\u00f3n del accidente en un intento de eximirse de responsabilidad. Las compa\u00f1\u00edas de seguros son empresas con \u00e1nimo de lucro y quieren evitar el pago de indemnizaciones siempre que sea posible. Si el seguro de la otra parte insiste en calificar la colisi\u00f3n de accidente y se niega a pagarle la indemnizaci\u00f3n que merece, tener de su lado a un equipo de abogados con talento, como el nuestro, puede resultarle muy \u00fatil.<\/p>\n<h2>\u00bfQu\u00e9 es un accidente de tr\u00e1fico?<\/h2>\n<p>En el otro extremo del espectro, un accidente de tr\u00e1fico es un incidente causado por la negligencia o mala conducta de alguien. Otro t\u00e9rmino utilizado para este tipo de incidente es &#8220;colisi\u00f3n evitable&#8221;. Se trata de una colisi\u00f3n en la que un conductor no tom\u00f3 todas las precauciones responsables para intentar evitar el impacto. En estos incidentes, uno o ambos conductores pueden haber actuado con negligencia por sus acciones, como saltarse un sem\u00e1foro en rojo, o por su inacci\u00f3n, como no frenar. Cuando se produce un accidente, existe la posibilidad de interponer una demanda contra el conductor culpable.<\/p>\n<p>Para obtener ayuda para determinar si usted estaba en un accidente o un choque, dar a nuestro equipo legal con conocimientos de una llamada. Estaremos encantados de revisar los detalles de su caso y ayudarle a decidir si debe interponer una demanda contra la otra parte.<\/p>\n<h2>\u00bfQu\u00e9 debe hacer si se ve implicado en un accidente de tr\u00e1fico?<\/h2>\n<p>Los accidentes que ocurren repentinamente pueden dejarte conmocionado y malherido. Si bien puede ser dif\u00edcil mantener la calma despu\u00e9s de un accidente, permanecer lo m\u00e1s tranquilo y sereno posible en estas situaciones de miedo puede ser beneficioso tanto para su salud como para su futura reclamaci\u00f3n. Entre las medidas importantes que puede tomar tras un accidente figuran las siguientes:<\/p>\n<ul>\n<li><strong>Garantice su seguridad y la de las dem\u00e1s v\u00edctimas:<\/strong> Si es posible, despl\u00e1zate a un lugar en el arc\u00e9n de la carretera que est\u00e9 fuera del paso del tr\u00e1fico. Sin embargo, debes evitar mover a cualquier persona con una posible lesi\u00f3n medular porque podr\u00eda empeorarla. Llama al 911 si alguien tiene heridas graves.<\/li>\n<li><strong>Ponte en contacto con las autoridades locales:<\/strong> Los informes policiales proporcionan pruebas vitales sobre el accidente y los posibles responsables. Si la polic\u00eda no ha llegado, ponte en contacto con ella para informarle del incidente.<\/li>\n<li><strong>Recopila informaci\u00f3n del otro conductor o conductores:<\/strong> obt\u00e9n su nombre, direcci\u00f3n, datos de matriculaci\u00f3n y una foto de su tarjeta del seguro.<\/li>\n<li><strong>Haz fotos del lugar del accidente:<\/strong> Los lugares de los accidentes suelen limpiarse r\u00e1pidamente para que pueda reanudarse la circulaci\u00f3n normal. Las pruebas vitales pueden desaparecer, por lo que es crucial disponer de muchas fotos desde distintos \u00e1ngulos que puedan utilizarse para reconstruir la colisi\u00f3n en caso necesario.<\/li>\n<li><strong>Re\u00fana informaci\u00f3n de los testigos:<\/strong> Los testigos presenciales tambi\u00e9n pueden aportar informaci\u00f3n importante sobre el accidente. Solicite el nombre, la direcci\u00f3n y el n\u00famero de tel\u00e9fono de cualquier persona que haya visto el incidente.<\/li>\n<li><strong>P\u00f3ngase en contacto con un abogado experto en accidentes de tr\u00e1fico:<\/strong> Un abogado de confianza puede empezar a investigar el caso y le informar\u00e1 de cualquier otro paso que deba dar.<\/li>\n<\/ul>\n<h2>\u00bfPor qu\u00e9 son tan importantes las descripciones que utilizamos?<\/h2>\n<p>Utilizar la palabra &#8220;choque&#8221; en lugar de &#8220;accidente&#8221; puede parecer una cuesti\u00f3n sem\u00e1ntica, pero en Derecho, las palabras que se utilizan importan. Llamar a un incidente accidente en lugar de choque puede dar una idea equivocada de lo que realmente ocurri\u00f3 y no situar la responsabilidad donde corresponde por los da\u00f1os resultantes.<\/p>\n<p>Incluso la prestigiosa Associated Press actualiz\u00f3 su Libro de Estilo AP en 2016 para aclarar las diferencias entre los dos t\u00e9rminos. Con arreglo a las nuevas orientaciones, se anima a los periodistas a utilizar las palabras &#8220;choque&#8221; o &#8220;colisi\u00f3n&#8221; en lugar de &#8220;accidente&#8221; para evitar exonerar incorrectamente a una persona de responsabilidad por el choque. Esto es especialmente importante en los casos en que se ha alegado o probado la negligencia de un particular en el asunto.<\/p>\n<h2>\u00bfPuede un abogado especializado en accidentes de coche ayudar en su caso?<\/h2>\n<p>La protecci\u00f3n contra lesiones personales o cobertura PIP est\u00e1 dise\u00f1ada para cubrir todos los gastos m\u00e9dicos hasta el l\u00edmite de la p\u00f3liza. $2,500 es el m\u00ednimo que un conductor puede tener en cobertura PIP en Texas, aunque es altamente recomendable comprar cobertura adicional. Una reclamaci\u00f3n PIP de 2.500 d\u00f3lares puede no ser suficiente para pagar sus facturas m\u00e9dicas si sus lesiones son graves. Con la ayuda de un abogado, es posible recuperar los da\u00f1os punitivos, as\u00ed como una indemnizaci\u00f3n que va m\u00e1s all\u00e1 de su cobertura PIP.<\/p>\n<p>Sus abogados revisar\u00e1n todas las <a href=\"\/es\/?p=797\">pruebas relativas a su caso<\/a> en un intento de establecer la negligencia por parte de los otros conductores para que pueda recibir la m\u00e1xima indemnizaci\u00f3n por su reclamaci\u00f3n. En The Shariff Law Firm, nuestros abogados revisar\u00e1n los informes policiales y sus registros m\u00e9dicos, hablar\u00e1n con testigos oculares y obtendr\u00e1n testimonios de expertos que puedan ayudar a su caso.<\/p>\n<h2>\u00bfQu\u00e9 tipos de da\u00f1os pueden recuperarse en un acuerdo por accidente de tr\u00e1fico?<\/h2>\n<p>Con un caso s\u00f3lido, es posible que reciba una indemnizaci\u00f3n de las partes culpables. Es poco probable que el conductor o conductores culpables dispongan de fondos para pagar el acuerdo de conciliaci\u00f3n, por lo que es m\u00e1s probable que esos da\u00f1os se recuperen de su compa\u00f1\u00eda de seguros. La indemnizaci\u00f3n puede consistir en da\u00f1os econ\u00f3micos o no econ\u00f3micos.<\/p>\n<p><strong>Los da\u00f1os econ\u00f3micos que puede recuperar incluyen:<\/strong><\/p>\n<ul>\n<li>Coste de la atenci\u00f3n m\u00e9dica continuada.<\/li>\n<li>Coste de la fisioterapia.<\/li>\n<li>P\u00e9rdida futura de ingresos por incapacidad laboral.<\/li>\n<li>Salarios perdidos.<\/li>\n<li>Gastos m\u00e9dicos.<\/li>\n<li>Da\u00f1os materiales.<\/li>\n<li>Rehabilitaci\u00f3n.<\/li>\n<\/ul>\n<p><strong>Los da\u00f1os no econ\u00f3micos que puede recuperar incluyen:<\/strong><\/p>\n<ul>\n<li>Discapacidad.<\/li>\n<li>Desfiguraci\u00f3n.<\/li>\n<li>Trauma emocional.<\/li>\n<li>Compa\u00f1erismo perdido.<\/li>\n<li>P\u00e9rdida de calidad de vida.<\/li>\n<li>Dolor y sufrimiento mental.<\/li>\n<\/ul>\n<h2>Programe hoy mismo una evaluaci\u00f3n gratuita de su caso con abogados expertos en accidentes de tr\u00e1fico<\/h2>\n<p>Si ha sufrido una lesi\u00f3n grave en un accidente de tr\u00e1fico, es imprescindible que solicite atenci\u00f3n m\u00e9dica lo antes posible. Una vez hecho esto, p\u00f3ngase en contacto con un abogado especializado en accidentes de tr\u00e1fico para hablar de su caso. Usted tiene derechos legales como v\u00edctima de un accidente. Es injusto que usted, la v\u00edctima lesionada, deba responder de las lesiones sufridas en un accidente que no fue culpa suya.<\/p>\n<p>Si no act\u00faa con rapidez, es posible que las otras partes implicadas en el accidente aleguen que usted tuvo la culpa e intenten reclamarle da\u00f1os y perjuicios. Hablar con un abogado no es s\u00f3lo conseguir la indemnizaci\u00f3n que se merece. Tambi\u00e9n puede tratarse de proteger su responsabilidad legal en caso de que las cosas se tuerzan en los tribunales.<\/p>\n<p>Si ha perdido a un familiar o a un ser querido en un accidente de tr\u00e1fico, es posible que pueda exigir responsabilidades a las partes implicadas presentando una demanda por homicidio culposo. Aunque ninguna compensaci\u00f3n econ\u00f3mica podr\u00e1 devolverle a sus seres queridos, estos fondos podr\u00edan aliviar en gran medida la carga que le han dejado el accidente y la p\u00e9rdida de ingresos.<\/p>\n<p>Si necesita ayuda para presentar una demanda por homicidio culposo, p\u00f3ngase en contacto con uno de nuestros <a href=\"https:\/\/www.google.com\/maps?cid=3735074471423390345\">talentosos abogados.<\/a> El bufete de abogados Shariff Law Firm, PLLC ofrece una revisi\u00f3n gratuita del caso para todos los posibles nuevos clientes, as\u00ed que si usted tiene curiosidad sobre el potencial de su caso o desea orientaci\u00f3n sobre la mejor manera de proceder, por favor tome ventaja de esta consulta gratuita. Nuestro equipo legal es respetado en todo Houston para proporcionar representaci\u00f3n legal compasiva a los clientes lesionados y miembros de la familia en duelo. Si no cree que seamos el equipo adecuado para usted y sus objetivos, no tiene ninguna obligaci\u00f3n de contratar a nuestro abogado despu\u00e9s de la consulta inicial gratuita. Para programar la evaluaci\u00f3n gratuita de su caso, p\u00f3ngase en contacto con nuestro bufete de abogados al <a href=\"tel:+17138819739\">(713) 881-9739.<\/a><\/p>\n","protected":false},"excerpt":{"rendered":"<p>Abogados especialistas en accidentes de transito que proporcionan representaci\u00f3n legal compasiva a las v\u00edctimas lesionadas en Houston, Texas \u00bfHa sufrido usted o un ser querido lesiones graves en un accidente de tr\u00e1fico? Los accidentes de coche no s\u00f3lo son sucesos violentos y traumatizantes, sino que pueden dejar a las v\u00edctimas con da\u00f1os duraderos en su [&hellip;]<\/p>\n","protected":false},"author":2,"featured_media":0,"parent":0,"menu_order":0,"comment_status":"closed","ping_status":"closed","template":"","meta":{"inline_featured_image":false,"_genesis_hide_title":false,"_genesis_hide_breadcrumbs":false,"_genesis_hide_singular_image":false,"_genesis_hide_footer_widgets":false,"_genesis_custom_body_class":"","_genesis_custom_post_class":"","_genesis_layout":"","footnotes":""},"class_list":{"0":"post-808","1":"page","2":"type-page","3":"status-publish","5":"entry"},"yoast_head":"<!-- This site is optimized with the Yoast SEO plugin v27.4 - https:\/\/yoast.com\/product\/yoast-seo-wordpress\/ -->\n<title>Abogados de Accidente de transito en Houston | Shariff Law Firm,<\/title>\n<meta name=\"description\" content=\"\u00bfHa sufrido usted o un ser querido lesiones en un accidente de tr\u00e1fico? Dependiendo de la causa del accidente, usted puede ser elegible para responsabilizar al conductor culpable de los da\u00f1os.\" \/>\n<meta name=\"robots\" content=\"noindex, follow, max-snippet:-1, max-image-preview:large, max-video-preview:-1\" \/>\n<meta property=\"og:locale\" content=\"es_ES\" \/>\n<meta property=\"og:type\" content=\"article\" \/>\n<meta property=\"og:title\" content=\"Abogados de Accidente de transito en Houston | Shariff Law Firm,\" \/>\n<meta property=\"og:description\" content=\"\u00bfHa sufrido usted o un ser querido lesiones en un accidente de tr\u00e1fico? Dependiendo de la causa del accidente, usted puede ser elegible para responsabilizar al conductor culpable de los da\u00f1os.\" \/>\n<meta property=\"og:url\" content=\"https:\/\/q9s.5f0.myftpupload.com\/es\/accidentes-de-trafico\/\" \/>\n<meta property=\"og:site_name\" content=\"The Shariff Law Firm, PLLC\" \/>\n<meta property=\"article:modified_time\" content=\"2024-05-15T11:50:49+00:00\" \/>\n<meta name=\"twitter:card\" content=\"summary_large_image\" \/>\n<meta name=\"twitter:label1\" content=\"Est. reading time\" \/>\n\t<meta name=\"twitter:data1\" content=\"13 minutes\" \/>\n<!-- \/ Yoast SEO plugin. -->","yoast_head_json":{"title":"Abogados de Accidente de transito en Houston | Shariff Law Firm,","description":"\u00bfHa sufrido usted o un ser querido lesiones en un accidente de tr\u00e1fico? Dependiendo de la causa del accidente, usted puede ser elegible para responsabilizar al conductor culpable de los da\u00f1os.","robots":{"index":"noindex","follow":"follow","max-snippet":"max-snippet:-1","max-image-preview":"max-image-preview:large","max-video-preview":"max-video-preview:-1"},"og_locale":"es_ES","og_type":"article","og_title":"Abogados de Accidente de transito en Houston | Shariff Law Firm,","og_description":"\u00bfHa sufrido usted o un ser querido lesiones en un accidente de tr\u00e1fico? Dependiendo de la causa del accidente, usted puede ser elegible para responsabilizar al conductor culpable de los da\u00f1os.","og_url":"https:\/\/q9s.5f0.myftpupload.com\/es\/accidentes-de-trafico\/","og_site_name":"The Shariff Law Firm, PLLC","article_modified_time":"2024-05-15T11:50:49+00:00","twitter_card":"summary_large_image","twitter_misc":{"Est. reading time":"13 minutes"},"schema":{"@context":"https:\/\/schema.org","@graph":[{"@type":"WebPage","@id":"https:\/\/q9s.5f0.myftpupload.com\/es\/accidentes-de-trafico\/","url":"https:\/\/q9s.5f0.myftpupload.com\/es\/accidentes-de-trafico\/","name":"Abogados de Accidente de transito en Houston | Shariff Law Firm,","isPartOf":{"@id":"https:\/\/q9s.5f0.myftpupload.com\/es\/#website"},"datePublished":"2023-01-11T12:39:51+00:00","dateModified":"2024-05-15T11:50:49+00:00","description":"\u00bfHa sufrido usted o un ser querido lesiones en un accidente de tr\u00e1fico? Dependiendo de la causa del accidente, usted puede ser elegible para responsabilizar al conductor culpable de los da\u00f1os.","breadcrumb":{"@id":"https:\/\/q9s.5f0.myftpupload.com\/es\/accidentes-de-trafico\/#breadcrumb"},"inLanguage":"es-ES","potentialAction":[{"@type":"ReadAction","target":["https:\/\/q9s.5f0.myftpupload.com\/es\/accidentes-de-trafico\/"]}]},{"@type":"BreadcrumbList","@id":"https:\/\/q9s.5f0.myftpupload.com\/es\/accidentes-de-trafico\/#breadcrumb","itemListElement":[{"@type":"ListItem","position":1,"name":"Home","item":"https:\/\/q9s.5f0.myftpupload.com\/es\/"},{"@type":"ListItem","position":2,"name":"Accidentes de tr\u00e1fico"}]},{"@type":"WebSite","@id":"https:\/\/q9s.5f0.myftpupload.com\/es\/#website","url":"https:\/\/q9s.5f0.myftpupload.com\/es\/","name":"The Shariff Law Firm, PLLC","description":"","potentialAction":[{"@type":"SearchAction","target":{"@type":"EntryPoint","urlTemplate":"https:\/\/q9s.5f0.myftpupload.com\/es\/?s={search_term_string}"},"query-input":{"@type":"PropertyValueSpecification","valueRequired":true,"valueName":"search_term_string"}}],"inLanguage":"es-ES"}]}},"_links":{"self":[{"href":"https:\/\/q9s.5f0.myftpupload.com\/es\/wp-json\/wp\/v2\/pages\/808","targetHints":{"allow":["GET"]}}],"collection":[{"href":"https:\/\/q9s.5f0.myftpupload.com\/es\/wp-json\/wp\/v2\/pages"}],"about":[{"href":"https:\/\/q9s.5f0.myftpupload.com\/es\/wp-json\/wp\/v2\/types\/page"}],"author":[{"embeddable":true,"href":"https:\/\/q9s.5f0.myftpupload.com\/es\/wp-json\/wp\/v2\/users\/2"}],"replies":[{"embeddable":true,"href":"https:\/\/q9s.5f0.myftpupload.com\/es\/wp-json\/wp\/v2\/comments?post=808"}],"version-history":[{"count":0,"href":"https:\/\/q9s.5f0.myftpupload.com\/es\/wp-json\/wp\/v2\/pages\/808\/revisions"}],"wp:attachment":[{"href":"https:\/\/q9s.5f0.myftpupload.com\/es\/wp-json\/wp\/v2\/media?parent=808"}],"curies":[{"name":"wp","href":"https:\/\/api.w.org\/{rel}","templated":true}]}}