{"id":814,"date":"2023-01-11T14:05:25","date_gmt":"2023-01-11T14:05:25","guid":{"rendered":"https:\/\/q9s.5f0.myftpupload.com\/russell-ross-j-d-m-b-a\/"},"modified":"2023-10-24T00:52:54","modified_gmt":"2023-10-24T00:52:54","slug":"russell-ross-j-d-m-b-a","status":"publish","type":"page","link":"https:\/\/q9s.5f0.myftpupload.com\/es\/russell-ross-j-d-m-b-a\/","title":{"rendered":"Russell Ross, J.D., M.B.A."},"content":{"rendered":"<h1>Russell Ross, J.D., M.B.A.<\/h1>\n<div class=\"Inner-Image-Right\">\n<div class=\"Image\"><img loading=\"lazy\" decoding=\"async\" class=\"alignnone\" title=\"Abogado asociado Russell Ross, J.D., M.B.A.\" src=\"https:\/\/q9s.5f0.myftpupload.com\/wp-content\/uploads\/2023\/02\/ATTONEY-IAMGE-2.jpg\" alt=\"Russell Ross, J.D., M.B.A. Abogado asociado\" width=\"400\" height=\"400\"><\/div>\n<div class=\"Inner-Text-Div\">\n<div class=\"Title\"><\/div>\n<div class=\"Sub-Title\">Abogado asociado<\/div>\n<div class=\"Icon\"><\/div>\n<\/div>\n<\/div>\n<ul>\n<li>Licencia para ejercer la abogac\u00eda en el Estado de Texas<\/li>\n<li>Doctorado en Derecho por la Facultad de Derecho de la Universidad Emory<\/li>\n<li>MBA por la Jesse Jones Graduate School of Business de la Rice University<\/li>\n<li>Licenciada por la Universidad de Vanderbilt, magna cum laude<\/li>\n<\/ul>\n<p align=\"justify\">El abogado asociado Russell Ross se uni\u00f3 a The Shariff Law Firm a principios de 2018. Tiene licencia para ejercer la abogac\u00eda en el Estado de Texas desde noviembre de 2010. El Colegio de Abogados de Texas le concedi\u00f3 el premio Steve Kondos Most Continuing Legal Education Award en el verano de 2016. Tiene un MBA por la Jesse Jones Graduate School of Business de la Rice University y un JD por la Emory University School of Law.<\/p>\n<p align=\"justify\">Russell se licenci\u00f3 magna cum laude en la Facultad de Artes y Ciencias de la Universidad de Vanderbilt y es miembro de la junta directiva de la secci\u00f3n de antiguos alumnos de Vandy en Houston. Antes de iniciar su carrera jur\u00eddica, hizo pr\u00e1cticas en los despachos de los Houston Texans de la NFL, los Tennessee Titans de la NFL y los Houston Comets de la WNBA. Natural de Houston, se gradu\u00f3 en el instituto Mirabeau B. Lamar y aprendi\u00f3 espa\u00f1ol de su familia peruana.<\/p>\n","protected":false},"excerpt":{"rendered":"<p>Russell Ross, J.D., M.B.A. Abogado asociado Licencia para ejercer la abogac\u00eda en el Estado de Texas Doctorado en Derecho por la Facultad de Derecho de la Universidad Emory MBA por la Jesse Jones Graduate School of Business de la Rice University Licenciada por la Universidad de Vanderbilt, magna cum laude El abogado asociado Russell Ross [&hellip;]<\/p>\n","protected":false},"author":2,"featured_media":0,"parent":0,"menu_order":0,"comment_status":"closed","ping_status":"closed","template":"","meta":{"inline_featured_image":false,"_genesis_hide_title":false,"_genesis_hide_breadcrumbs":false,"_genesis_hide_singular_image":false,"_genesis_hide_footer_widgets":false,"_genesis_custom_body_class":"","_genesis_custom_post_class":"","_genesis_layout":"","footnotes":""},"class_list":{"0":"post-814","1":"page","2":"type-page","3":"status-publish","5":"entry"},"yoast_head":"<!-- This site is optimized with the Yoast SEO plugin v27.4 - https:\/\/yoast.com\/product\/yoast-seo-wordpress\/ -->\n<title>Nuestra Pr\u00e1ctica | Russell Ross | Shariff Law Firm<\/title>\n<meta name=\"description\" content=\"El abogado asociado Russell Ross es licenciado en Derecho por la Facultad de Derecho de la Universidad Emory y est\u00e1 autorizado para ejercer la abogac\u00eda en el Estado de Texas.\" \/>\n<meta name=\"robots\" content=\"noindex, follow, max-snippet:-1, max-image-preview:large, max-video-preview:-1\" \/>\n<meta property=\"og:locale\" content=\"es_ES\" \/>\n<meta property=\"og:type\" content=\"article\" \/>\n<meta property=\"og:title\" content=\"Nuestra Pr\u00e1ctica | Russell Ross | Shariff Law Firm\" \/>\n<meta property=\"og:description\" content=\"El abogado asociado Russell Ross es licenciado en Derecho por la Facultad de Derecho de la Universidad Emory y est\u00e1 autorizado para ejercer la abogac\u00eda en el Estado de Texas.\" \/>\n<meta property=\"og:url\" content=\"https:\/\/q9s.5f0.myftpupload.com\/es\/russell-ross-j-d-m-b-a\/\" \/>\n<meta property=\"og:site_name\" content=\"The Shariff Law Firm, PLLC\" \/>\n<meta property=\"article:modified_time\" content=\"2023-10-24T00:52:54+00:00\" \/>\n<meta property=\"og:image\" content=\"https:\/\/q9s.5f0.myftpupload.com\/wp-content\/uploads\/2023\/02\/ATTONEY-IAMGE-2.jpg\" \/>\n<meta name=\"twitter:card\" content=\"summary_large_image\" \/>\n<meta name=\"twitter:label1\" content=\"Est. reading time\" \/>\n\t<meta name=\"twitter:data1\" content=\"1 minute\" \/>\n<!-- \/ Yoast SEO plugin. -->","yoast_head_json":{"title":"Nuestra Pr\u00e1ctica | Russell Ross | Shariff Law Firm","description":"El abogado asociado Russell Ross es licenciado en Derecho por la Facultad de Derecho de la Universidad Emory y est\u00e1 autorizado para ejercer la abogac\u00eda en el Estado de Texas.","robots":{"index":"noindex","follow":"follow","max-snippet":"max-snippet:-1","max-image-preview":"max-image-preview:large","max-video-preview":"max-video-preview:-1"},"og_locale":"es_ES","og_type":"article","og_title":"Nuestra Pr\u00e1ctica | Russell Ross | Shariff Law Firm","og_description":"El abogado asociado Russell Ross es licenciado en Derecho por la Facultad de Derecho de la Universidad Emory y est\u00e1 autorizado para ejercer la abogac\u00eda en el Estado de Texas.","og_url":"https:\/\/q9s.5f0.myftpupload.com\/es\/russell-ross-j-d-m-b-a\/","og_site_name":"The Shariff Law Firm, PLLC","article_modified_time":"2023-10-24T00:52:54+00:00","og_image":[{"url":"https:\/\/q9s.5f0.myftpupload.com\/wp-content\/uploads\/2023\/02\/ATTONEY-IAMGE-2.jpg","type":"","width":"","height":""}],"twitter_card":"summary_large_image","twitter_misc":{"Est. reading time":"1 minute"},"schema":{"@context":"https:\/\/schema.org","@graph":[{"@type":"WebPage","@id":"https:\/\/q9s.5f0.myftpupload.com\/es\/russell-ross-j-d-m-b-a\/","url":"https:\/\/q9s.5f0.myftpupload.com\/es\/russell-ross-j-d-m-b-a\/","name":"Nuestra Pr\u00e1ctica | Russell Ross | Shariff Law Firm","isPartOf":{"@id":"https:\/\/q9s.5f0.myftpupload.com\/es\/#website"},"primaryImageOfPage":{"@id":"https:\/\/q9s.5f0.myftpupload.com\/es\/russell-ross-j-d-m-b-a\/#primaryimage"},"image":{"@id":"https:\/\/q9s.5f0.myftpupload.com\/es\/russell-ross-j-d-m-b-a\/#primaryimage"},"thumbnailUrl":"https:\/\/q9s.5f0.myftpupload.com\/wp-content\/uploads\/2023\/02\/ATTONEY-IAMGE-2.jpg","datePublished":"2023-01-11T14:05:25+00:00","dateModified":"2023-10-24T00:52:54+00:00","description":"El abogado asociado Russell Ross es licenciado en Derecho por la Facultad de Derecho de la Universidad Emory y est\u00e1 autorizado para ejercer la abogac\u00eda en el Estado de Texas.","breadcrumb":{"@id":"https:\/\/q9s.5f0.myftpupload.com\/es\/russell-ross-j-d-m-b-a\/#breadcrumb"},"inLanguage":"es-ES","potentialAction":[{"@type":"ReadAction","target":["https:\/\/q9s.5f0.myftpupload.com\/es\/russell-ross-j-d-m-b-a\/"]}]},{"@type":"ImageObject","inLanguage":"es-ES","@id":"https:\/\/q9s.5f0.myftpupload.com\/es\/russell-ross-j-d-m-b-a\/#primaryimage","url":"https:\/\/q9s.5f0.myftpupload.com\/wp-content\/uploads\/2023\/02\/ATTONEY-IAMGE-2.jpg","contentUrl":"https:\/\/q9s.5f0.myftpupload.com\/wp-content\/uploads\/2023\/02\/ATTONEY-IAMGE-2.jpg"},{"@type":"BreadcrumbList","@id":"https:\/\/q9s.5f0.myftpupload.com\/es\/russell-ross-j-d-m-b-a\/#breadcrumb","itemListElement":[{"@type":"ListItem","position":1,"name":"Home","item":"https:\/\/q9s.5f0.myftpupload.com\/es\/"},{"@type":"ListItem","position":2,"name":"Russell Ross, J.D., M.B.A."}]},{"@type":"WebSite","@id":"https:\/\/q9s.5f0.myftpupload.com\/es\/#website","url":"https:\/\/q9s.5f0.myftpupload.com\/es\/","name":"The Shariff Law Firm, PLLC","description":"","potentialAction":[{"@type":"SearchAction","target":{"@type":"EntryPoint","urlTemplate":"https:\/\/q9s.5f0.myftpupload.com\/es\/?s={search_term_string}"},"query-input":{"@type":"PropertyValueSpecification","valueRequired":true,"valueName":"search_term_string"}}],"inLanguage":"es-ES"}]}},"_links":{"self":[{"href":"https:\/\/q9s.5f0.myftpupload.com\/es\/wp-json\/wp\/v2\/pages\/814","targetHints":{"allow":["GET"]}}],"collection":[{"href":"https:\/\/q9s.5f0.myftpupload.com\/es\/wp-json\/wp\/v2\/pages"}],"about":[{"href":"https:\/\/q9s.5f0.myftpupload.com\/es\/wp-json\/wp\/v2\/types\/page"}],"author":[{"embeddable":true,"href":"https:\/\/q9s.5f0.myftpupload.com\/es\/wp-json\/wp\/v2\/users\/2"}],"replies":[{"embeddable":true,"href":"https:\/\/q9s.5f0.myftpupload.com\/es\/wp-json\/wp\/v2\/comments?post=814"}],"version-history":[{"count":0,"href":"https:\/\/q9s.5f0.myftpupload.com\/es\/wp-json\/wp\/v2\/pages\/814\/revisions"}],"wp:attachment":[{"href":"https:\/\/q9s.5f0.myftpupload.com\/es\/wp-json\/wp\/v2\/media?parent=814"}],"curies":[{"name":"wp","href":"https:\/\/api.w.org\/{rel}","templated":true}]}}