{"id":817,"date":"2023-01-11T12:46:47","date_gmt":"2023-01-11T12:46:47","guid":{"rendered":"https:\/\/q9s.5f0.myftpupload.com\/accidentes-de-moto\/"},"modified":"2023-10-25T02:02:22","modified_gmt":"2023-10-25T02:02:22","slug":"accidentes-de-moto","status":"publish","type":"page","link":"https:\/\/q9s.5f0.myftpupload.com\/es\/accidentes-de-moto\/","title":{"rendered":"Accidentes de moto"},"content":{"rendered":"<h1>Abogados de accidentes de motocicleta que proporcionan representaci\u00f3n legal compasiva a las v\u00edctimas en Houston, Texas<\/h1>\n<p>Por desgracia, las motocicletas tienen fama de ser m\u00e1quinas peligrosas y se han ganado una mala reputaci\u00f3n ante los ojos de las compa\u00f1\u00edas de seguros y los tribunales. Aunque un motociclista puede ser el conductor m\u00e1s seguro de la carretera en un momento dado, es probable que pague primas m\u00e1s altas que casi cualquier otro conductor con el que comparta la carretera. Esto se debe en parte al inmerecido estigma de que los motorizados son personas que asumen riesgos y que son culpables si alguna vez se encuentran a escasa distancia de una colisi\u00f3n con un veh\u00edculo de motor. Pero tambi\u00e9n se basa en parte en el triste hecho de que, al igual que los ciclistas y los peatones, los motorizados tienen menos posibilidades de sobrevivir a un accidente de tr\u00e1fico si alguna vez tienen la desgracia de sufrirlo.<\/p>\n<p>Pero los motorizados tienen derechos como cualquier otro conductor en la carretera. Y si su accidente fue culpa de otros conductores negligentes, los motorizados no deben ser los responsables de pagar los costosos gastos m\u00e9dicos y las cargas financieras adicionales que siguen a un accidente de este tipo. Y en el peor de los casos, cuando un accidente de moto ha provocado la muerte por negligencia del motorista, debe permitirse a su familia hacer el duelo sin preocuparse por los costes de los gastos funerarios y otras facturas inesperadas.<\/p>\n<p>Aunque puede presentar una reclamaci\u00f3n al seguro y esperar obtener una indemnizaci\u00f3n justa por sus lesiones, la mayor\u00eda de las v\u00edctimas de accidentes en moto descubren que las compa\u00f1\u00edas de seguros rara vez ofrecen una suma adecuada por sus facturas m\u00e9dicas, p\u00e9rdida de ingresos y angustia mental. Si desea obtener una recuperaci\u00f3n financiera m\u00e1s all\u00e1 del acuerdo inicial de la compa\u00f1\u00eda de seguros, considere la posibilidad de contratar a un <a href=\"https:\/\/www.google.com\/maps?cid=3735074471423390345\">abogado con experiencia en accidentes de motocicleta<\/a> para representar su demanda por lesiones personales.<\/p>\n<p>En el bufete de abogados con sede en Houston de <a href=\"https:\/\/q9s.5f0.myftpupload.com\/es\/\">The Shariff Law Firm, PLLC<\/a>, tenemos un experimentado equipo legal que se enorgullece de ofrecer a los clientes una atenci\u00f3n jur\u00eddica integral con un coraz\u00f3n compasivo. Entendemos que, para el cliente, no se trata de un mero caso legal. Este accidente fue una experiencia traum\u00e1tica y un acontecimiento que pudo cambiarle la vida. Haremos todo lo posible por respetar sus deseos mientras buscamos el resultado m\u00e1s satisfactorio para su caso, con la esperanza de que pueda volver a un cierto nivel de normalidad una vez que el polvo se haya disipado y sus heridas hayan cicatrizado.<\/p>\n<p>Para hablar con nuestros abogados acerca de su caso, por favor llame a nuestro bufete de abogados al (713) 881-9739 para programar una revisi\u00f3n gratuita de su caso en cualquier momento.<\/p>\n<h2>\u00bfQu\u00e9 debe hacer si ha sufrido un accidente de moto?<\/h2>\n<p>Como en cualquier otro accidente de tr\u00e1fico, lo primero que debe hacer tras un accidente de moto es evaluar el estado de sus propias lesiones. Si se encuentra lo suficientemente bien, puede comprobar las lesiones de otras personas implicadas en el accidente. Sin embargo, si est\u00e1 malherido o se siente &#8220;raro&#8221; de alguna manera, por favor permanezca en su sitio.<\/p>\n<p>Independientemente de lo leves que parezcan sus lesiones a primera vista, su primera preocupaci\u00f3n debe ser conseguir ayuda m\u00e9dica y llamar al 911. No intente &#8220;salir del paso&#8221; y no asegure a otros conductores o testigos que se encuentra bien. Estas palabras no s\u00f3lo podr\u00edan utilizarse en su contra m\u00e1s adelante, sino que algunas lesiones tardan horas, d\u00edas o incluso semanas en manifestarse por completo. Es importante acudir a profesionales m\u00e9dicos antes de alegar que no ha sufrido da\u00f1os en el accidente.<\/p>\n<p>Mientras espera a que lleguen los param\u00e9dicos de emergencia y las fuerzas del orden, puede intercambiar informaci\u00f3n sobre su seguro. Si llega un perito de la compa\u00f1\u00eda de seguros de la otra parte, no tiene que hablar con \u00e9l.<\/p>\n<p>Si tiene tiempo, intente documentar el lugar del accidente y hable con los testigos para conocer sus versiones. Los relatos de los testigos, as\u00ed como los suyos propios, se har\u00e1n m\u00e1s borrosos con el tiempo, por lo que es esencial documentar lo que pueda pronto, mientras el accidente est\u00e9 a\u00fan fresco en la memoria de todos.<\/p>\n<p>S\u00f3lo despu\u00e9s de haber recibido tratamiento m\u00e9dico debe considerar ponerse en contacto con el bufete de un abogado especialista en lesiones personales.<\/p>\n<h2>\u00bfCon qu\u00e9 frecuencia fallecen los motorizados en Texas?<\/h2>\n<p>En el a\u00f1o 2020, se registraron en EE.UU. 5.579 muertes en motocicleta. Las motocicletas representan un n\u00famero desproporcionado de v\u00edctimas mortales de tr\u00e1fico cada a\u00f1o en todo el pa\u00eds. Esto tiene sentido si lo pensamos por un momento, ya que los motoristas est\u00e1n relativamente desprotegidos en comparaci\u00f3n con otros automovilistas que disponen de bolsas de aire, cinturones de seguridad y otras medidas de seguridad para mantenerse a salvo.<\/p>\n<p>Sin embargo, otros hechos son m\u00e1s desconcertantes. \u00bfSab\u00edas que en el 30% de los accidentes mortales de moto est\u00e1n implicados motorizados que circulan sin carn\u00e9 de moto v\u00e1lido? \u00bfO que la conducci\u00f3n bajo los efectos del alcohol era m\u00e1s frecuente entre los motorizados que entre cualquier otro conductor? En los estados sin leyes universales sobre el uso del casco, m\u00e1s de la mitad de los motoristas heridos mortales eran motorizados que no llevaban casco. Tenga en cuenta que Texas es uno de los estados que no exige el uso del casco en todo el estado. El uso del casco sigue disminuyendo en todo el pa\u00eds, mientras que las muertes en motocicleta siguen aumentando.<\/p>\n<p>Mientras que Texas es el estado m\u00e1s peligroso para los accidentes mortales de tr\u00e1fico de cualquier tipo, cuando se trata de accidentes de motocicleta, que caen fuera del peor lugar. Estad\u00edsticamente, bas\u00e1ndonos en el n\u00famero de motocicletas registradas en cada estado, podemos determinar qu\u00e9 estado es el m\u00e1s peligroso para los motoristas. Cifras recientes sit\u00faan a Mississippi como el estado m\u00e1s peligroso en accidentes de moto, con Texas justo detr\u00e1s. Tras Texas se sit\u00faan Arkansas, Florida, Luisiana y Carolina del Sur. California tambi\u00e9n tiene un alto n\u00famero de muertes en motocicleta, pero tambi\u00e9n tienen m\u00e1s motociclistas que cualquier otro estado de la naci\u00f3n.<\/p>\n<h2>\u00bfCu\u00e1les son las lesiones m\u00e1s comunes en los accidentes de moto?<\/h2>\n<p>Las lesiones por accidente de moto suelen ser m\u00e1s graves y potencialmente mortales que las sufridas por quienes viajan en coche o cami\u00f3n. Una colisi\u00f3n por alcance puede que s\u00f3lo provoque un latigazo cervical al pasajero de un coche, pero puede hacer que un motorista salga volando por el parabrisas.<\/p>\n<p><strong>En un accidente de moto, el motorizados puede sufrir lesiones como:<\/strong><\/p>\n<ul>\n<li>Amputaci\u00f3n.<\/li>\n<li>Huesos rotos.<\/li>\n<li>Quemaduras.<\/li>\n<li>Conmociones cerebrales.<\/li>\n<li>Recortes.<\/li>\n<li>Desfiguraci\u00f3n facial.<\/li>\n<li>Incapacidad para volver a caminar.<\/li>\n<li>Hemorragia interna.<\/li>\n<li>P\u00e9rdida de visi\u00f3n o p\u00e9rdida de audici\u00f3n.<\/li>\n<li>Da\u00f1o en los \u00f3rganos.<\/li>\n<li>Par\u00e1lisis.<\/li>\n<li>Erupci\u00f3n en la carretera.<\/li>\n<li>Lesiones de tejidos blandos.<\/li>\n<li>Lesiones medulares.<\/li>\n<li>Lesi\u00f3n cerebral traum\u00e1tica.<\/li>\n<li>Whiplash.<\/li>\n<\/ul>\n<p>Si usted o un ser querido ha sufrido lesiones en un accidente de moto, solicite asistencia m\u00e9dica inmediatamente. Independientemente de lo leves que puedan ser sus lesiones, el coste de ignorar el dolor puede ser extremo tanto para su salud a largo plazo como para su cuenta bancaria. Por favor, p\u00f3ngase en contacto con nuestro bufete de abogados para discutir la posibilidad de recuperar la m\u00e1xima indemnizaci\u00f3n por sus lesiones y sufrimiento hoy mismo.<\/p>\n<h2>\u00bfCu\u00e1les son las causas mas comunes de accidentes en moto?<\/h2>\n<p>Al estudiar los accidentes de tr\u00e1fico, modificamos la forma de construir nuestras carreteras, de dise\u00f1ar nuestros veh\u00edculos y de elaborar nuestras leyes. A pesar de estos avances, los accidentes de tr\u00e1fico y las muertes contin\u00faan, creando nuevos y tristes r\u00e9cords estad\u00edsticos.<\/p>\n<p>Si hay una causa que podemos se\u00f1alar y decir que es un nuevo factor en la causa de accidentes en las carreteras de Estados Unidos, son los tel\u00e9fonos m\u00f3viles y los que env\u00edan mensajes de texto y conducen. La conducci\u00f3n distra\u00edda es un peligro cada vez m\u00e1s com\u00fan en la era de la tecnolog\u00eda port\u00e1til personal, y cuando los conductores apartan la vista de la carretera se producen errores, a veces con consecuencias catastr\u00f3ficas.<\/p>\n<p><strong>Entre las causas m\u00e1s comunes de los accidentes de motociclistas se incluyen:<\/strong><\/p>\n<ul>\n<li>Condiciones meteorol\u00f3gicas peligrosas.<\/li>\n<li>Moto defectuosa, de la que puede ser culpable el fabricante.<\/li>\n<li>Conducci\u00f3n distra\u00edda.<\/li>\n<li>Accidentes de puerta, en los que la puerta de un coche se abre en la trayectoria de una motocicleta.<\/li>\n<li>Fatiga del conductor.<\/li>\n<li>Conducir bajo los efectos de las drogas.<\/li>\n<li>Conducci\u00f3n bajo los efectos del alcohol.<\/li>\n<li>No ceder el paso.<\/li>\n<li>Conductores inexpertos.<\/li>\n<li>Se\u00f1alizaci\u00f3n de tr\u00e1fico inexistente o incorrecta.<\/li>\n<li>Motocicletas que circulan entre carriles.<\/li>\n<li>Las motocicletas se pierden en los \u00e1ngulos muertos de los dem\u00e1s conductores.<\/li>\n<li>Furia en la carretera.<\/li>\n<li>V\u00edas en mal estado.<\/li>\n<li>Paradas repentinas por parte de los motoristas que van delante.<\/li>\n<li>Cambios de carril inseguros.<\/li>\n<\/ul>\n<h2>\u00bfEs Texas un Estado sin culpa?<\/h2>\n<p>Texas es un estado de culpa. Esto significa que la culpa se asigna a la parte considerada responsable del accidente. Si la parte culpable no puede pagar la indemnizaci\u00f3n por el accidente, ser\u00e1 la compa\u00f1\u00eda de seguros del conductor la que se haga cargo de la factura.<\/p>\n<p>Para complicar m\u00e1s las cosas, el Estado de la Estrella Solitaria opera bajo un modelo modificado de culpa comparativa, en el que m\u00e1s de una parte puede ser considerada responsable del accidente. Por ejemplo, si se determina que la culpa es de dos partes, una de las cuales tiene el 70% de la culpa mientras que la otra es responsable del 30% restante, el pago del acuerdo se dividir\u00e1 en consecuencia 70\/30.<\/p>\n<p>Ganar o perder un caso puede reducirse a establecer la negligencia por parte del otro conductor o conductores. Esto puede parecer sencillo, pero a menudo no lo es. Por esta raz\u00f3n, es aconsejable contratar a un abogado profesional para investigar la reclamaci\u00f3n por accidente de moto y construir un caso s\u00f3lido.<\/p>\n<p>Como sus abogados, revisaremos todas las pruebas documentadas de la escena del accidente, examinaremos los informes policiales, buscaremos testimonios de testigos oculares, hablaremos con expertos en el campo de la reconstrucci\u00f3n de accidentes de tr\u00e1fico y revisaremos sus historiales m\u00e9dicos pertinentes en un intento de construir el caso m\u00e1s s\u00f3lido posible.<\/p>\n<h2>\u00bfQu\u00e9 tipo de indemnizaci\u00f3n pueden recibir las v\u00edctimas de accidentes de moto?<\/h2>\n<p>Su abogado de accidente de motocicleta intentar\u00e1 recuperar un acuerdo justo para su accidente y cualquier lesi\u00f3n relacionada. Este acuerdo puede adoptar la forma de da\u00f1os econ\u00f3micos y no econ\u00f3micos.<\/p>\n<p><strong>Los da\u00f1os econ\u00f3micos pueden incluir:<\/strong><\/p>\n<ul>\n<li>P\u00e9rdida de la capacidad de obtener ingresos en el futuro.<\/li>\n<li>Salarios perdidos.<\/li>\n<li>Facturas m\u00e9dicas.<\/li>\n<li>Fisioterapia.<\/li>\n<li>Da\u00f1os materiales.<\/li>\n<li>Muerte por negligencia.<\/li>\n<\/ul>\n<p><strong>Los da\u00f1os no econ\u00f3micos pueden incluir:<\/strong><\/p>\n<ul>\n<li>Desfiguraci\u00f3n.<\/li>\n<li>Dolor emocional.<\/li>\n<li>P\u00e9rdida de compa\u00f1\u00eda o p\u00e9rdida de consorcio.<\/li>\n<li>P\u00e9rdida de calidad de vida.<\/li>\n<li>Angustia mental, dolor y sufrimiento.<\/li>\n<li>TEPT.<\/li>\n<\/ul>\n<h2>Programe hoy mismo una evaluaci\u00f3n gratuita de su caso con abogados expertos en accidentes de motocicleta<\/h2>\n<p>Si usted ha sufrido una lesi\u00f3n catastr\u00f3fica en un accidente de motocicleta en las calles de Houston, usted tiene el derecho legal a reclamar una indemnizaci\u00f3n de cualquier parte negligente. Sin embargo, esto puede no ser tarea f\u00e1cil, y podr\u00eda ser a\u00fan m\u00e1s dif\u00edcil por sus lesiones y su estado de recuperaci\u00f3n.<\/p>\n<p><strong>Estamos aqu\u00ed para ayudarle.<\/strong><\/p>\n<p>El bufete de abogados Shariff Law Firm representa a v\u00edctimas de accidentes con la esperanza de hacer las cosas bien, recuperar una compensaci\u00f3n justa por sus problemas y ayudarles a volver a la vida cotidiana sin preocuparse por la carga financiera de sus lesiones.<\/p>\n<p>P\u00f3ngase en contacto con nuestras oficinas legales de Houston para programar una consulta inicial gratuita con un miembro del equipo legal con experiencia. Se trata de una consulta sin riesgos ni obligaciones.<\/p>\n<p>Estar\u00edamos orgullosos de servirle a usted y a su familia mientras intentamos ayudarles en este dif\u00edcil momento.<\/p>\n<p>Ll\u00e1menos al <a href=\"tel:+17138819739\">(713) 881-9739.<\/a><\/p>\n","protected":false},"excerpt":{"rendered":"<p>Abogados de accidentes de motocicleta que proporcionan representaci\u00f3n legal compasiva a las v\u00edctimas en Houston, Texas Por desgracia, las motocicletas tienen fama de ser m\u00e1quinas peligrosas y se han ganado una mala reputaci\u00f3n ante los ojos de las compa\u00f1\u00edas de seguros y los tribunales. Aunque un motociclista puede ser el conductor m\u00e1s seguro de la [&hellip;]<\/p>\n","protected":false},"author":2,"featured_media":0,"parent":0,"menu_order":0,"comment_status":"closed","ping_status":"closed","template":"","meta":{"inline_featured_image":false,"_genesis_hide_title":false,"_genesis_hide_breadcrumbs":false,"_genesis_hide_singular_image":false,"_genesis_hide_footer_widgets":false,"_genesis_custom_body_class":"","_genesis_custom_post_class":"","_genesis_layout":"","footnotes":""},"class_list":{"0":"post-817","1":"page","2":"type-page","3":"status-publish","5":"entry"},"yoast_head":"<!-- This site is optimized with the Yoast SEO plugin v27.4 - https:\/\/yoast.com\/product\/yoast-seo-wordpress\/ -->\n<title>Abogados especialistas en Accidentes de Motocicleta en Houston, Texas | The Shariff Law Firm, PLLC.<\/title>\n<meta name=\"description\" content=\"\u00bfHa sufrido lesiones graves o perdido a un ser querido en un accidente de moto? Si el otro conductor es declarado negligente o culpable, el motorizado lesionado o el pasajero de la motocicleta pueden recibir una indemnizaci\u00f3n. Programe una consulta gratuita con nuestros abogados de lesiones personales para revisar su caso y obtener la compensaci\u00f3n que se merece.\" \/>\n<meta name=\"robots\" content=\"noindex, follow, max-snippet:-1, max-image-preview:large, max-video-preview:-1\" \/>\n<meta property=\"og:locale\" content=\"es_ES\" \/>\n<meta property=\"og:type\" content=\"article\" \/>\n<meta property=\"og:title\" content=\"Abogados especialistas en Accidentes de Motocicleta en Houston, Texas | The Shariff Law Firm, PLLC.\" \/>\n<meta property=\"og:description\" content=\"\u00bfHa sufrido lesiones graves o perdido a un ser querido en un accidente de moto? Si el otro conductor es declarado negligente o culpable, el motorizado lesionado o el pasajero de la motocicleta pueden recibir una indemnizaci\u00f3n. Programe una consulta gratuita con nuestros abogados de lesiones personales para revisar su caso y obtener la compensaci\u00f3n que se merece.\" \/>\n<meta property=\"og:url\" content=\"https:\/\/q9s.5f0.myftpupload.com\/es\/accidentes-de-moto\/\" \/>\n<meta property=\"og:site_name\" content=\"The Shariff Law Firm, PLLC\" \/>\n<meta property=\"article:modified_time\" content=\"2023-10-25T02:02:22+00:00\" \/>\n<meta name=\"twitter:card\" content=\"summary_large_image\" \/>\n<meta name=\"twitter:label1\" content=\"Est. reading time\" \/>\n\t<meta name=\"twitter:data1\" content=\"11 minutes\" \/>\n<!-- \/ Yoast SEO plugin. -->","yoast_head_json":{"title":"Abogados especialistas en Accidentes de Motocicleta en Houston, Texas | The Shariff Law Firm, PLLC.","description":"\u00bfHa sufrido lesiones graves o perdido a un ser querido en un accidente de moto? Si el otro conductor es declarado negligente o culpable, el motorizado lesionado o el pasajero de la motocicleta pueden recibir una indemnizaci\u00f3n. Programe una consulta gratuita con nuestros abogados de lesiones personales para revisar su caso y obtener la compensaci\u00f3n que se merece.","robots":{"index":"noindex","follow":"follow","max-snippet":"max-snippet:-1","max-image-preview":"max-image-preview:large","max-video-preview":"max-video-preview:-1"},"og_locale":"es_ES","og_type":"article","og_title":"Abogados especialistas en Accidentes de Motocicleta en Houston, Texas | The Shariff Law Firm, PLLC.","og_description":"\u00bfHa sufrido lesiones graves o perdido a un ser querido en un accidente de moto? Si el otro conductor es declarado negligente o culpable, el motorizado lesionado o el pasajero de la motocicleta pueden recibir una indemnizaci\u00f3n. Programe una consulta gratuita con nuestros abogados de lesiones personales para revisar su caso y obtener la compensaci\u00f3n que se merece.","og_url":"https:\/\/q9s.5f0.myftpupload.com\/es\/accidentes-de-moto\/","og_site_name":"The Shariff Law Firm, PLLC","article_modified_time":"2023-10-25T02:02:22+00:00","twitter_card":"summary_large_image","twitter_misc":{"Est. reading time":"11 minutes"},"schema":{"@context":"https:\/\/schema.org","@graph":[{"@type":"WebPage","@id":"https:\/\/q9s.5f0.myftpupload.com\/es\/accidentes-de-moto\/","url":"https:\/\/q9s.5f0.myftpupload.com\/es\/accidentes-de-moto\/","name":"Abogados especialistas en Accidentes de Motocicleta en Houston, Texas | The Shariff Law Firm, PLLC.","isPartOf":{"@id":"https:\/\/q9s.5f0.myftpupload.com\/es\/#website"},"datePublished":"2023-01-11T12:46:47+00:00","dateModified":"2023-10-25T02:02:22+00:00","description":"\u00bfHa sufrido lesiones graves o perdido a un ser querido en un accidente de moto? Si el otro conductor es declarado negligente o culpable, el motorizado lesionado o el pasajero de la motocicleta pueden recibir una indemnizaci\u00f3n. Programe una consulta gratuita con nuestros abogados de lesiones personales para revisar su caso y obtener la compensaci\u00f3n que se merece.","breadcrumb":{"@id":"https:\/\/q9s.5f0.myftpupload.com\/es\/accidentes-de-moto\/#breadcrumb"},"inLanguage":"es-ES","potentialAction":[{"@type":"ReadAction","target":["https:\/\/q9s.5f0.myftpupload.com\/es\/accidentes-de-moto\/"]}]},{"@type":"BreadcrumbList","@id":"https:\/\/q9s.5f0.myftpupload.com\/es\/accidentes-de-moto\/#breadcrumb","itemListElement":[{"@type":"ListItem","position":1,"name":"Home","item":"https:\/\/q9s.5f0.myftpupload.com\/es\/"},{"@type":"ListItem","position":2,"name":"Accidentes de moto"}]},{"@type":"WebSite","@id":"https:\/\/q9s.5f0.myftpupload.com\/es\/#website","url":"https:\/\/q9s.5f0.myftpupload.com\/es\/","name":"The Shariff Law Firm, PLLC","description":"","potentialAction":[{"@type":"SearchAction","target":{"@type":"EntryPoint","urlTemplate":"https:\/\/q9s.5f0.myftpupload.com\/es\/?s={search_term_string}"},"query-input":{"@type":"PropertyValueSpecification","valueRequired":true,"valueName":"search_term_string"}}],"inLanguage":"es-ES"}]}},"_links":{"self":[{"href":"https:\/\/q9s.5f0.myftpupload.com\/es\/wp-json\/wp\/v2\/pages\/817","targetHints":{"allow":["GET"]}}],"collection":[{"href":"https:\/\/q9s.5f0.myftpupload.com\/es\/wp-json\/wp\/v2\/pages"}],"about":[{"href":"https:\/\/q9s.5f0.myftpupload.com\/es\/wp-json\/wp\/v2\/types\/page"}],"author":[{"embeddable":true,"href":"https:\/\/q9s.5f0.myftpupload.com\/es\/wp-json\/wp\/v2\/users\/2"}],"replies":[{"embeddable":true,"href":"https:\/\/q9s.5f0.myftpupload.com\/es\/wp-json\/wp\/v2\/comments?post=817"}],"version-history":[{"count":0,"href":"https:\/\/q9s.5f0.myftpupload.com\/es\/wp-json\/wp\/v2\/pages\/817\/revisions"}],"wp:attachment":[{"href":"https:\/\/q9s.5f0.myftpupload.com\/es\/wp-json\/wp\/v2\/media?parent=817"}],"curies":[{"name":"wp","href":"https:\/\/api.w.org\/{rel}","templated":true}]}}