{"id":818,"date":"2023-01-11T12:01:45","date_gmt":"2023-01-11T12:01:45","guid":{"rendered":"https:\/\/q9s.5f0.myftpupload.com\/accidentes-de-autobus\/"},"modified":"2024-05-14T20:16:29","modified_gmt":"2024-05-14T20:16:29","slug":"accidentes-de-autobus","status":"publish","type":"page","link":"https:\/\/q9s.5f0.myftpupload.com\/es\/accidentes-de-autobus\/","title":{"rendered":"Accidentes de autob\u00fas"},"content":{"rendered":"<h1>Houston Abogados de accidentes de autob\u00fas en busca de justicia para los clientes<\/h1>\n<p>Los usuarios del transporte p\u00fablico dependen de que el conductor del autob\u00fas est\u00e9 alerta y seguro cuando circulan por las concurridas calles de Houston. Sin embargo, estos trabajadores suelen estar cansados y pueden cometer un error que provoque un accidente de autob\u00fas. A veces, la compa\u00f1\u00eda de autobuses hace recortes en el mantenimiento de sus veh\u00edculos, lo que provoca que un autob\u00fas Greyhound o urbano funcione mal y provoque un accidente.<\/p>\n<p>Si usted es una v\u00edctima de un accidente de autob\u00fas, usted podr\u00eda recuperar los da\u00f1os y perjuicios por los gastos relacionados con su demanda de accidente de autob\u00fas. Puede tratarse de facturas de hospital, visitas al m\u00e9dico, intervenciones quir\u00fargicas, visitas a un especialista, p\u00e9rdida de salarios, p\u00e9rdida de vacaciones, p\u00e9rdida de beneficios, angustia emocional, desfiguraci\u00f3n, etc. Si usted estuvo en un accidente en un autob\u00fas de la MTA, un autob\u00fas charter, o un autob\u00fas escolar, usted podr\u00eda presentar una demanda que le consiga la compensaci\u00f3n financiera que se merece. Pero primero, debe ponerse en contacto con un <a href=\"https:\/\/www.google.com\/maps?cid=3735074471423390345\">abogado con experiencia en accidentes de autob\u00fas<\/a> familiarizado con la ley de Texas para obtener los resultados deseados.<\/p>\n<p>No conf\u00edes en que la compa\u00f1\u00eda de seguros cubra tus gastos cuando hayas sufrido un accidente de autob\u00fas. P\u00f3ngase en contacto con The Shariff Law Firm, PLLC para hablar con nuestro equipo legal bien informado sobre sus opciones en la b\u00fasqueda de la justicia. Le representaremos con confianza y buscaremos la m\u00e1xima indemnizaci\u00f3n en su nombre. Llame al 713-881-9739 hoy para una consulta para discutir sus opciones legales.<\/p>\n<h2>\u00bfQu\u00e9 debo hacer si he resultado herido en un accidente de autob\u00fas?<\/h2>\n<p>Si te has visto implicado en un accidente de autob\u00fas, tu prioridad debe ser ponerte a salvo y recibir la atenci\u00f3n m\u00e9dica que necesites. A menudo, el subid\u00f3n de adrenalina de la colisi\u00f3n puede enmascarar las lesiones, haci\u00e9ndote sentir que est\u00e1s bien. Pero incluso las heridas m\u00e1s simples pueden derivar en afecciones devastadoras si no se tratan de inmediato. Tambi\u00e9n debes alertar a las autoridades llamando al 911 si el conductor del autob\u00fas no lo ha hecho.<\/p>\n<p>La polic\u00eda y los param\u00e9dicos comprobar\u00e1n que todos los ocupantes del autob\u00fas reciben la atenci\u00f3n m\u00e9dica que necesitan y determinar\u00e1n la causa del accidente. Mientras est\u00e9 en el lugar del accidente, puede ayudar a su caso documentando el choque mediante fotograf\u00edas o v\u00eddeos desde distintos \u00e1ngulos. Tambi\u00e9n puedes recabar informaci\u00f3n de contacto de otros pasajeros y testigos.<\/p>\n<p>Una vez que le haya examinado un profesional m\u00e9dico de confianza, debe empezar a pensar en cobrar da\u00f1os y perjuicios por sus lesiones. Una de las claves para conseguir una indemnizaci\u00f3n adecuada por tus da\u00f1os es evitar comprometerte o llegar a acuerdos con la compa\u00f1\u00eda de seguros de la empresa de autobuses, hablando primero con un abogado para que te asesore sobre c\u00f3mo relacionarte con los agentes de seguros, ya que a menudo velan m\u00e1s por los intereses de su empresa que por los tuyos.<\/p>\n<p>Para obtener ayuda para saber c\u00f3mo obtener una compensaci\u00f3n justa por sus lesiones de accidente de autob\u00fas, por favor p\u00f3ngase en contacto con nuestro bufete de abogados de inmediato.<\/p>\n<h2>\u00bfCu\u00e1les son algunas causas comunes de accidentes de autob\u00fas en Houston?<\/h2>\n<p>Con las congestionadas carreteras de Houston, es esencial que los conductores de autobuses est\u00e9n alerta y atentos en todo momento. Los pasajeros dependen de un alto nivel de atenci\u00f3n cuando viajan en autob\u00fas para llegar sanos y salvos a su destino. Sin embargo, a veces los conductores y las empresas de autobuses cometen errores que pueden provocar accidentes graves, incluso mortales. La fatiga del conductor es una de las causas m\u00e1s comunes de los accidentes de autob\u00fas en Houston. Sin embargo, hay otros factores que tambi\u00e9n pueden provocar un accidente.<\/p>\n<p><strong>Algunas causas comunes de accidentes de autob\u00fas en Houston son:<\/strong><\/p>\n<ul>\n<li>Cansancio o sue\u00f1o del conductor del autob\u00fas<\/li>\n<li>Error del conductor<\/li>\n<li>Distracci\u00f3n del conductor<\/li>\n<li>Incumplimiento de las normas de tr\u00e1fico por parte del conductor<\/li>\n<li>Conducci\u00f3n en estado de embriaguez<\/li>\n<li>Exceso de velocidad<\/li>\n<li>Veh\u00edculos mal mantenidos<\/li>\n<li>Falta de inspecciones<\/li>\n<li>Autobuses da\u00f1ados<\/li>\n<li>Falta de formaci\u00f3n de los conductores<\/li>\n<li>Conductores con exceso de trabajo<\/li>\n<li>Paradas repentinas<\/li>\n<li>Violencia<\/li>\n<li>Condiciones inseguras, como asientos da\u00f1ados<\/li>\n<\/ul>\n<p>Como pasajero de autob\u00fas, usted conf\u00eda su seguridad al conductor, al fabricante del autob\u00fas y a la empresa de autobuses. Tanto si su accidente se produjo en un autob\u00fas privado como en uno p\u00fablico, debe recibir una indemnizaci\u00f3n por sus lesiones.<\/p>\n<p>P\u00f3ngase en contacto con nuestro bufete de abogados para obtener ayuda para poder recuperar los da\u00f1os por su accidente de autob\u00fas que fue causado por la negligencia de otra persona.<\/p>\n<h2>\u00bfQu\u00e9 lesiones pueden derivarse de un accidente de autob\u00fas?<\/h2>\n<p>Los pasajeros de autob\u00fas que se ven implicados en accidentes en un autob\u00fas pueden sufrir muchas lesiones diferentes causadas por el choque. Algunas de las lesiones m\u00e1s comunes son cortes, rasgu\u00f1os y contusiones por chocar con los laterales o las ventanillas del autob\u00fas. Si hay cristales rotos, tambi\u00e9n pueden producirse laceraciones y heridas profundas.<\/p>\n<p>Algunos pasajeros sufren latigazos cervicales, lesiones en la columna vertebral, fracturas \u00f3seas y lesiones cerebrales traum\u00e1ticas. Estas lesiones pueden ser bastante graves, requerir largos periodos de recuperaci\u00f3n e impedir a las v\u00edctimas volver al trabajo y disfrutar de su vida. Esto puede dificultar a\u00fan m\u00e1s la cobertura de los crecientes gastos m\u00e9dicos relacionados con el accidente. Algunas lesiones requieren costosas intervenciones quir\u00fargicas, hospitalizaci\u00f3n y visitas a especialistas m\u00e9dicos. Es posible que el seguro de responsabilidad civil no cubra muchos de estos gastos, lo que significa que podr\u00edas tener que pagar la factura t\u00fa solo.<\/p>\n<p>Sin embargo, usted podr\u00eda presentar una demanda contra la parte culpable y obtener ayuda para pagar los costes que no merec\u00eda. P\u00f3ngase en contacto con nuestro bufete de abogados hoy mismo para ver c\u00f3mo podemos ayudarle.<\/p>\n<h2>\u00bfCu\u00e1nta indemnizaci\u00f3n puedo recibir por mis lesiones causadas por un accidente de autob\u00fas?<\/h2>\n<p>Calcular la indemnizaci\u00f3n que le corresponder\u00e1 por sus lesiones puede ser dif\u00edcil sin hablar con usted en persona y revisar su caso particular. Sin embargo, las v\u00edctimas de accidentes de autob\u00fas en Houston normalmente pueden esperar recuperar tanto los da\u00f1os econ\u00f3micos y no econ\u00f3micos en una demanda exitosa por su accidente en un Metrobus.<\/p>\n<h3>Da\u00f1os econ\u00f3micos<\/h3>\n<p>Los da\u00f1os econ\u00f3micos se refieren al pago que se reserva por conceptos f\u00e1cilmente calculables.<\/p>\n<p><strong>Algunos da\u00f1os econ\u00f3micos que podr\u00edas cobrar tras un accidente en un autob\u00fas de tr\u00e1nsito son:<\/strong><\/p>\n<ul>\n<li>Facturas m\u00e9dicas pasadas y futuras<\/li>\n<li>P\u00e9rdida salarial pasada y futura durante la rehabilitaci\u00f3n<\/li>\n<li>Visitas de especialistas<\/li>\n<li>Equipamiento m\u00e9dico, como muletas<\/li>\n<li>Vacaciones y primas perdidas<\/li>\n<\/ul>\n<h3>Da\u00f1os no econ\u00f3micos<\/h3>\n<p><strong>Los da\u00f1os no econ\u00f3micos incluyen aquellos que son m\u00e1s dif\u00edciles de calcular, entre ellos:<\/strong><\/p>\n<ul>\n<li>Dolor y sufrimiento pasados y futuros<\/li>\n<li>Trauma emocional<\/li>\n<li>Desfiguraci\u00f3n<\/li>\n<li>P\u00e9rdida del disfrute de la vida<\/li>\n<li>P\u00e9rdida de consorcio (si la v\u00edctima era su c\u00f3nyuge)<\/li>\n<\/ul>\n<p>Tanto si su accidente se produjo en un autob\u00fas tur\u00edstico, urbano, privado o escolar, la parte culpable debe asumir la responsabilidad de sus lesiones. Esto incluye da\u00f1os monetarios e indemnizaci\u00f3n por da\u00f1os emocionales. P\u00f3ngase en contacto con nuestro bufete de abogados para una revisi\u00f3n gratuita de su caso, en la que podremos estimar la indemnizaci\u00f3n que podr\u00eda recibir.<\/p>\n<h3>\u00bfQu\u00e9 puede hacer por m\u00ed un abogado de accidentes de autob\u00fas?<\/h3>\n<p>Luchar contra una empresa de autobuses, el propietario de un autob\u00fas o el municipio responsable de sus lesiones puede ser una tarea desalentadora. Muchas personas que merecen justicia no obtienen la indemnizaci\u00f3n que buscan porque no acuden al recurso adecuado en busca de ayuda. Ya est\u00e1s en el buen camino porque est\u00e1s leyendo este art\u00edculo. Un representante legal de confianza como los de nuestro bufete de abogados puede ayudar a guiarle a trav\u00e9s del proceso de recuperaci\u00f3n de da\u00f1os y perjuicios por sus lesiones.<\/p>\n<p>Su abogado sabr\u00e1 c\u00f3mo investigar los detalles de su accidente para determinar qui\u00e9n tuvo la culpa. Presentar\u00e1n con confianza estas pruebas para demostrar que usted merece una indemnizaci\u00f3n total por sus lesiones. Su abogado tambi\u00e9n puede aconsejarle sobre c\u00f3mo interactuar con la compa\u00f1\u00eda de seguros para evitar aceptar malos tratos que no le beneficiar\u00edan.<\/p>\n<p>Por \u00faltimo, lo mejor ser\u00eda contar con un abogado experto de su lado, para no tener que cargar con el peso de una demanda al tiempo que intenta recuperarse del accidente. Con la experiencia de <a href=\"https:\/\/q9s.5f0.myftpupload.com\/\">abogados en lesiones personales dentro de Houston <\/a> en su esquina, usted puede descansar y sanar de sus lesiones sin preocuparse por el complejo proceso legal de una demanda. Ll\u00e1menos inmediatamente para una consulta con uno de nuestros talentosos abogados de lesiones personales.<\/p>\n<h2>\u00bfDebe contratar a nuestros abogados de accidentes de autob\u00fas de Houston?<\/h2>\n<p>Como v\u00edctima de un accidente de autob\u00fas, usted puede sentirse frustrado de que el conductor del autob\u00fas o la compa\u00f1\u00eda de autobuses no hicieron todo lo posible para mantenerlo a salvo. Sin embargo, puede que no te sientas capaz de buscar justicia por ti mismo. Cuando necesite ayuda para obtener la compensaci\u00f3n financiera que se merece, puede recurrir a The Shariff Law Firm, PLLC.<\/p>\n<p>En nuestro bufete de abogados, hemos pasado a\u00f1os ayudando a clientes como usted obtener resultados positivos de sus lesiones devastadoras, incluso de los accidentes de autob\u00fas. Prometemos aprovechar nuestro talento, experiencia y honestidad para encontrar el resultado correcto en su caso. Escucharemos compasivamente su historia y lucharemos agresivamente por sus mejores intereses.<\/p>\n<p>No pierdas m\u00e1s tiempo sinti\u00e9ndote estresado por los gastos ocasionados por tu accidente de autob\u00fas. Llame a The Shariff Law Firm, PLLC hoy para hablar con nuestro talentoso equipo legal. Nos reuniremos con usted y discutiremos los detalles de su caso para que podamos encontrar la soluci\u00f3n adecuada para usted y su familia. P\u00f3ngase en contacto con nosotros en el <a href=\"tel:+17138819739\">713-881-9739.<\/a><\/p>\n","protected":false},"excerpt":{"rendered":"<p>Houston Abogados de accidentes de autob\u00fas en busca de justicia para los clientes Los usuarios del transporte p\u00fablico dependen de que el conductor del autob\u00fas est\u00e9 alerta y seguro cuando circulan por las concurridas calles de Houston. Sin embargo, estos trabajadores suelen estar cansados y pueden cometer un error que provoque un accidente de autob\u00fas. [&hellip;]<\/p>\n","protected":false},"author":2,"featured_media":0,"parent":0,"menu_order":0,"comment_status":"closed","ping_status":"closed","template":"","meta":{"inline_featured_image":false,"_genesis_hide_title":false,"_genesis_hide_breadcrumbs":false,"_genesis_hide_singular_image":false,"_genesis_hide_footer_widgets":false,"_genesis_custom_body_class":"","_genesis_custom_post_class":"","_genesis_layout":"","footnotes":""},"class_list":{"0":"post-818","1":"page","2":"type-page","3":"status-publish","5":"entry"},"yoast_head":"<!-- This site is optimized with the Yoast SEO plugin v27.4 - https:\/\/yoast.com\/product\/yoast-seo-wordpress\/ -->\n<title>Abogados de Accidentes de Autob\u00fas - Texas - The Shariff Law Firm<\/title>\n<meta name=\"description\" content=\"\u00bfEst\u00e1 usted sufriendo de lesiones por un accidente de autob\u00fas en Houston? Podr\u00edas tener derecho a una indemnizaci\u00f3n por gastos m\u00e9dicos, p\u00e9rdida de ingresos y mucho m\u00e1s. P\u00f3ngase en contacto con The Shariff Law Firm, abogados expertos para ayudar con su caso de accidentes de autob\u00fas hoy mismo.\" \/>\n<meta name=\"robots\" content=\"noindex, follow, max-snippet:-1, max-image-preview:large, max-video-preview:-1\" \/>\n<meta property=\"og:locale\" content=\"es_ES\" \/>\n<meta property=\"og:type\" content=\"article\" \/>\n<meta property=\"og:title\" content=\"Abogados de Accidentes de Autob\u00fas - Texas - The Shariff Law Firm\" \/>\n<meta property=\"og:description\" content=\"\u00bfEst\u00e1 usted sufriendo de lesiones por un accidente de autob\u00fas en Houston? Podr\u00edas tener derecho a una indemnizaci\u00f3n por gastos m\u00e9dicos, p\u00e9rdida de ingresos y mucho m\u00e1s. P\u00f3ngase en contacto con The Shariff Law Firm, abogados expertos para ayudar con su caso de accidentes de autob\u00fas hoy mismo.\" \/>\n<meta property=\"og:url\" content=\"https:\/\/q9s.5f0.myftpupload.com\/es\/accidentes-de-autobus\/\" \/>\n<meta property=\"og:site_name\" content=\"The Shariff Law Firm, PLLC\" \/>\n<meta property=\"article:modified_time\" content=\"2024-05-14T20:16:29+00:00\" \/>\n<meta name=\"twitter:card\" content=\"summary_large_image\" \/>\n<meta name=\"twitter:label1\" content=\"Est. reading time\" \/>\n\t<meta name=\"twitter:data1\" content=\"7 minutes\" \/>\n<!-- \/ Yoast SEO plugin. -->","yoast_head_json":{"title":"Abogados de Accidentes de Autob\u00fas - Texas - The Shariff Law Firm","description":"\u00bfEst\u00e1 usted sufriendo de lesiones por un accidente de autob\u00fas en Houston? Podr\u00edas tener derecho a una indemnizaci\u00f3n por gastos m\u00e9dicos, p\u00e9rdida de ingresos y mucho m\u00e1s. P\u00f3ngase en contacto con The Shariff Law Firm, abogados expertos para ayudar con su caso de accidentes de autob\u00fas hoy mismo.","robots":{"index":"noindex","follow":"follow","max-snippet":"max-snippet:-1","max-image-preview":"max-image-preview:large","max-video-preview":"max-video-preview:-1"},"og_locale":"es_ES","og_type":"article","og_title":"Abogados de Accidentes de Autob\u00fas - Texas - The Shariff Law Firm","og_description":"\u00bfEst\u00e1 usted sufriendo de lesiones por un accidente de autob\u00fas en Houston? Podr\u00edas tener derecho a una indemnizaci\u00f3n por gastos m\u00e9dicos, p\u00e9rdida de ingresos y mucho m\u00e1s. P\u00f3ngase en contacto con The Shariff Law Firm, abogados expertos para ayudar con su caso de accidentes de autob\u00fas hoy mismo.","og_url":"https:\/\/q9s.5f0.myftpupload.com\/es\/accidentes-de-autobus\/","og_site_name":"The Shariff Law Firm, PLLC","article_modified_time":"2024-05-14T20:16:29+00:00","twitter_card":"summary_large_image","twitter_misc":{"Est. reading time":"7 minutes"},"schema":{"@context":"https:\/\/schema.org","@graph":[{"@type":"WebPage","@id":"https:\/\/q9s.5f0.myftpupload.com\/es\/accidentes-de-autobus\/","url":"https:\/\/q9s.5f0.myftpupload.com\/es\/accidentes-de-autobus\/","name":"Abogados de Accidentes de Autob\u00fas - Texas - The Shariff Law Firm","isPartOf":{"@id":"https:\/\/q9s.5f0.myftpupload.com\/es\/#website"},"datePublished":"2023-01-11T12:01:45+00:00","dateModified":"2024-05-14T20:16:29+00:00","description":"\u00bfEst\u00e1 usted sufriendo de lesiones por un accidente de autob\u00fas en Houston? Podr\u00edas tener derecho a una indemnizaci\u00f3n por gastos m\u00e9dicos, p\u00e9rdida de ingresos y mucho m\u00e1s. P\u00f3ngase en contacto con The Shariff Law Firm, abogados expertos para ayudar con su caso de accidentes de autob\u00fas hoy mismo.","breadcrumb":{"@id":"https:\/\/q9s.5f0.myftpupload.com\/es\/accidentes-de-autobus\/#breadcrumb"},"inLanguage":"es-ES","potentialAction":[{"@type":"ReadAction","target":["https:\/\/q9s.5f0.myftpupload.com\/es\/accidentes-de-autobus\/"]}]},{"@type":"BreadcrumbList","@id":"https:\/\/q9s.5f0.myftpupload.com\/es\/accidentes-de-autobus\/#breadcrumb","itemListElement":[{"@type":"ListItem","position":1,"name":"Home","item":"https:\/\/q9s.5f0.myftpupload.com\/es\/"},{"@type":"ListItem","position":2,"name":"Accidentes de autob\u00fas"}]},{"@type":"WebSite","@id":"https:\/\/q9s.5f0.myftpupload.com\/es\/#website","url":"https:\/\/q9s.5f0.myftpupload.com\/es\/","name":"The Shariff Law Firm, PLLC","description":"","potentialAction":[{"@type":"SearchAction","target":{"@type":"EntryPoint","urlTemplate":"https:\/\/q9s.5f0.myftpupload.com\/es\/?s={search_term_string}"},"query-input":{"@type":"PropertyValueSpecification","valueRequired":true,"valueName":"search_term_string"}}],"inLanguage":"es-ES"}]}},"_links":{"self":[{"href":"https:\/\/q9s.5f0.myftpupload.com\/es\/wp-json\/wp\/v2\/pages\/818","targetHints":{"allow":["GET"]}}],"collection":[{"href":"https:\/\/q9s.5f0.myftpupload.com\/es\/wp-json\/wp\/v2\/pages"}],"about":[{"href":"https:\/\/q9s.5f0.myftpupload.com\/es\/wp-json\/wp\/v2\/types\/page"}],"author":[{"embeddable":true,"href":"https:\/\/q9s.5f0.myftpupload.com\/es\/wp-json\/wp\/v2\/users\/2"}],"replies":[{"embeddable":true,"href":"https:\/\/q9s.5f0.myftpupload.com\/es\/wp-json\/wp\/v2\/comments?post=818"}],"version-history":[{"count":0,"href":"https:\/\/q9s.5f0.myftpupload.com\/es\/wp-json\/wp\/v2\/pages\/818\/revisions"}],"wp:attachment":[{"href":"https:\/\/q9s.5f0.myftpupload.com\/es\/wp-json\/wp\/v2\/media?parent=818"}],"curies":[{"name":"wp","href":"https:\/\/api.w.org\/{rel}","templated":true}]}}