{"id":823,"date":"2023-01-11T14:06:49","date_gmt":"2023-01-11T14:06:49","guid":{"rendered":"https:\/\/q9s.5f0.myftpupload.com\/condiciones-de-uso\/"},"modified":"2024-07-30T16:20:44","modified_gmt":"2024-07-30T16:20:44","slug":"condiciones-de-uso","status":"publish","type":"page","link":"https:\/\/q9s.5f0.myftpupload.com\/es\/condiciones-de-uso\/","title":{"rendered":"Condiciones de uso"},"content":{"rendered":"<h1>Condiciones de uso<\/h1>\n<p>\u00daltima actualizaci\u00f3n: Jul 30, 2024<\/p>\n<p>Lea atentamente las presentes Condiciones de uso (&#8220;Condiciones&#8221;, &#8220;Condiciones de uso&#8221;) antes de utilizar el sitio web https:\/\/q9s.5f0.myftpupload.com (el &#8220;Servicio&#8221;), gestionado por The Shariff Law Firm, PLLC (&#8220;nosotros&#8221;, &#8220;nos&#8221; o &#8220;nuestro&#8221;).<\/p>\n<p>Su acceso y uso del Servicio est\u00e1n condicionados a la aceptaci\u00f3n y cumplimiento de estas Condiciones. Estas Condiciones se aplican a todos los visitantes, usuarios y dem\u00e1s personas que accedan o utilicen el Servicio.<\/p>\n<p>Al acceder o utilizar el Servicio, usted acepta quedar vinculado por estas Condiciones. Si no est\u00e1 de acuerdo con alguna parte de las condiciones, no podr\u00e1 acceder al Servicio.<\/p>\n<h2>Propiedad intelectual<\/h2>\n<p>El Servicio y su contenido original, caracter\u00edsticas y funcionalidad son y seguir\u00e1n siendo propiedad exclusiva de The Shariff Law Firm, PLLC y sus licenciantes.<\/p>\n<h2>Enlaces a otros sitios web<\/h2>\n<p>Nuestro Servicio puede contener enlaces a sitios web o servicios de terceros que no son propiedad o no est\u00e1n controlados por The Shariff Law Firm, PLLC.<\/p>\n<p>The Shariff Law Firm, PLLC no tiene control alguno sobre el contenido, las pol\u00edticas de privacidad o las pr\u00e1cticas de los sitios web o servicios de terceros, ni asume responsabilidad alguna por los mismos. Asimismo, reconoce y acepta que The Shariff Law Firm, PLLC no ser\u00e1 responsable, directa o indirectamente, de ning\u00fan da\u00f1o o p\u00e9rdida causado o supuestamente causado por o en conexi\u00f3n con el uso o la confianza depositada en cualquier contenido, bien o servicio disponible en o a trav\u00e9s de cualquiera de dichos sitios web o servicios.<\/p>\n<p>Le recomendamos encarecidamente que lea las condiciones y pol\u00edticas de privacidad de los sitios web o servicios de terceros que visite.<\/p>\n<h2>Terminaci\u00f3n<\/h2>\n<p>Podemos terminar o suspender el acceso a nuestro Servicio inmediatamente, sin previo aviso ni responsabilidad, por cualquier motivo, incluyendo, sin limitaci\u00f3n, si usted incumple las Condiciones.<\/p>\n<p>Todas las disposiciones de las Condiciones que, por su naturaleza, deban subsistir tras la rescisi\u00f3n, subsistir\u00e1n tras la rescisi\u00f3n, incluidas, entre otras, las disposiciones sobre propiedad, exclusi\u00f3n de garant\u00edas, indemnizaciones y limitaciones de responsabilidad.<\/p>\n<h2>Descargo de responsabilidad<\/h2>\n<p>Usted utiliza el Servicio por su cuenta y riesgo. El Servicio se presta &#8220;TAL CUAL&#8221; y &#8220;SEG\u00daN DISPONIBILIDAD&#8221;. El Servicio se proporciona sin garant\u00edas de ning\u00fan tipo, ya sean expresas o impl\u00edcitas, incluidas, entre otras, las garant\u00edas impl\u00edcitas de comerciabilidad, adecuaci\u00f3n para un fin determinado, sin infracci\u00f3n o curso de ejecuci\u00f3n.<\/p>\n<h2>Derecho aplicable<\/h2>\n<p>Las presentes Condiciones se regir\u00e1n e interpretar\u00e1n de conformidad con la legislaci\u00f3n de Estados Unidos, sin tener en cuenta las disposiciones sobre conflicto de leyes.<\/p>\n<p>El hecho de que no hagamos valer cualquier derecho o disposici\u00f3n de estas Condiciones no se considerar\u00e1 una renuncia a dichos derechos. Si alguna disposici\u00f3n de estas Condiciones es declarada inv\u00e1lida o inaplicable por un tribunal, las restantes disposiciones de estas Condiciones seguir\u00e1n en vigor. Estas Condiciones constituyen el acuerdo completo entre nosotros en relaci\u00f3n con nuestro Servicio, sustituyen y reemplazan cualquier acuerdo anterior que pudi\u00e9ramos tener entre nosotros en relaci\u00f3n con el Servicio.<\/p>\n<h2>Cambios<\/h2>\n<p>Nos reservamos el derecho, a nuestra entera discreci\u00f3n, de modificar o sustituir estas Condiciones en cualquier momento. Si la revisi\u00f3n es sustancial, intentaremos avisar con al menos 30 d\u00edas de antelaci\u00f3n a la entrada en vigor de las nuevas condiciones. Lo que constituya un cambio material se determinar\u00e1 a nuestra entera discreci\u00f3n.<\/p>\n<p>Al continuar accediendo o utilizando nuestro Servicio despu\u00e9s de que dichas revisiones entren en vigor, usted acepta quedar vinculado por los t\u00e9rminos revisados. Si no est\u00e1 de acuerdo con las nuevas condiciones, deje de utilizar el Servicio.<\/p>\n<h2>Contacte con nosotros<\/h2>\n<p>Si tiene alguna pregunta sobre estas Condiciones, p\u00f3ngase en contacto con nosotros.<\/p>\n","protected":false},"excerpt":{"rendered":"<p>Condiciones de uso \u00daltima actualizaci\u00f3n: Lea atentamente las presentes Condiciones de uso (&#8220;Condiciones&#8221;, &#8220;Condiciones de uso&#8221;) antes de utilizar el sitio web (el &#8220;Servicio&#8221;), gestionado por (&#8220;nosotros&#8221;, &#8220;nos&#8221; o &#8220;nuestro&#8221;). Su acceso y uso del Servicio est\u00e1n condicionados a la aceptaci\u00f3n y cumplimiento de estas Condiciones. Estas Condiciones se aplican a todos los visitantes, usuarios [&hellip;]<\/p>\n","protected":false},"author":2,"featured_media":0,"parent":0,"menu_order":0,"comment_status":"closed","ping_status":"closed","template":"","meta":{"inline_featured_image":false,"_genesis_hide_title":false,"_genesis_hide_breadcrumbs":false,"_genesis_hide_singular_image":false,"_genesis_hide_footer_widgets":false,"_genesis_custom_body_class":"","_genesis_custom_post_class":"","_genesis_layout":"","footnotes":""},"class_list":{"0":"post-823","1":"page","2":"type-page","3":"status-publish","5":"entry"},"yoast_head":"<!-- This site is optimized with the Yoast SEO plugin v27.4 - https:\/\/yoast.com\/product\/yoast-seo-wordpress\/ -->\n<title>Condiciones del servicio | The Shariff Law Firm, PLLC. - Texas<\/title>\n<meta name=\"robots\" content=\"noindex, follow, max-snippet:-1, max-image-preview:large, max-video-preview:-1\" \/>\n<meta property=\"og:locale\" content=\"es_ES\" \/>\n<meta property=\"og:type\" content=\"article\" \/>\n<meta property=\"og:title\" content=\"Condiciones del servicio | The Shariff Law Firm, PLLC. - Texas\" \/>\n<meta property=\"og:description\" content=\"Condiciones de uso \u00daltima actualizaci\u00f3n: Lea atentamente las presentes Condiciones de uso (&#8220;Condiciones&#8221;, &#8220;Condiciones de uso&#8221;) antes de utilizar el sitio web (el &#8220;Servicio&#8221;), gestionado por (&#8220;nosotros&#8221;, &#8220;nos&#8221; o &#8220;nuestro&#8221;). Su acceso y uso del Servicio est\u00e1n condicionados a la aceptaci\u00f3n y cumplimiento de estas Condiciones. Estas Condiciones se aplican a todos los visitantes, usuarios [&hellip;]\" \/>\n<meta property=\"og:url\" content=\"https:\/\/q9s.5f0.myftpupload.com\/es\/condiciones-de-uso\/\" \/>\n<meta property=\"og:site_name\" content=\"The Shariff Law Firm, PLLC\" \/>\n<meta property=\"article:modified_time\" content=\"2024-07-30T16:20:44+00:00\" \/>\n<meta name=\"twitter:card\" content=\"summary_large_image\" \/>\n<meta name=\"twitter:label1\" content=\"Est. reading time\" \/>\n\t<meta name=\"twitter:data1\" content=\"3 minutes\" \/>\n<!-- \/ Yoast SEO plugin. -->","yoast_head_json":{"title":"Condiciones del servicio | The Shariff Law Firm, PLLC. - Texas","robots":{"index":"noindex","follow":"follow","max-snippet":"max-snippet:-1","max-image-preview":"max-image-preview:large","max-video-preview":"max-video-preview:-1"},"og_locale":"es_ES","og_type":"article","og_title":"Condiciones del servicio | The Shariff Law Firm, PLLC. - Texas","og_description":"Condiciones de uso \u00daltima actualizaci\u00f3n: Lea atentamente las presentes Condiciones de uso (&#8220;Condiciones&#8221;, &#8220;Condiciones de uso&#8221;) antes de utilizar el sitio web (el &#8220;Servicio&#8221;), gestionado por (&#8220;nosotros&#8221;, &#8220;nos&#8221; o &#8220;nuestro&#8221;). Su acceso y uso del Servicio est\u00e1n condicionados a la aceptaci\u00f3n y cumplimiento de estas Condiciones. Estas Condiciones se aplican a todos los visitantes, usuarios [&hellip;]","og_url":"https:\/\/q9s.5f0.myftpupload.com\/es\/condiciones-de-uso\/","og_site_name":"The Shariff Law Firm, PLLC","article_modified_time":"2024-07-30T16:20:44+00:00","twitter_card":"summary_large_image","twitter_misc":{"Est. reading time":"3 minutes"},"schema":{"@context":"https:\/\/schema.org","@graph":[{"@type":"WebPage","@id":"https:\/\/q9s.5f0.myftpupload.com\/es\/condiciones-de-uso\/","url":"https:\/\/q9s.5f0.myftpupload.com\/es\/condiciones-de-uso\/","name":"Condiciones del servicio | The Shariff Law Firm, PLLC. - Texas","isPartOf":{"@id":"https:\/\/q9s.5f0.myftpupload.com\/es\/#website"},"datePublished":"2023-01-11T14:06:49+00:00","dateModified":"2024-07-30T16:20:44+00:00","breadcrumb":{"@id":"https:\/\/q9s.5f0.myftpupload.com\/es\/condiciones-de-uso\/#breadcrumb"},"inLanguage":"es-ES","potentialAction":[{"@type":"ReadAction","target":["https:\/\/q9s.5f0.myftpupload.com\/es\/condiciones-de-uso\/"]}]},{"@type":"BreadcrumbList","@id":"https:\/\/q9s.5f0.myftpupload.com\/es\/condiciones-de-uso\/#breadcrumb","itemListElement":[{"@type":"ListItem","position":1,"name":"Home","item":"https:\/\/q9s.5f0.myftpupload.com\/es\/"},{"@type":"ListItem","position":2,"name":"Condiciones de uso"}]},{"@type":"WebSite","@id":"https:\/\/q9s.5f0.myftpupload.com\/es\/#website","url":"https:\/\/q9s.5f0.myftpupload.com\/es\/","name":"The Shariff Law Firm, PLLC","description":"","potentialAction":[{"@type":"SearchAction","target":{"@type":"EntryPoint","urlTemplate":"https:\/\/q9s.5f0.myftpupload.com\/es\/?s={search_term_string}"},"query-input":{"@type":"PropertyValueSpecification","valueRequired":true,"valueName":"search_term_string"}}],"inLanguage":"es-ES"}]}},"_links":{"self":[{"href":"https:\/\/q9s.5f0.myftpupload.com\/es\/wp-json\/wp\/v2\/pages\/823","targetHints":{"allow":["GET"]}}],"collection":[{"href":"https:\/\/q9s.5f0.myftpupload.com\/es\/wp-json\/wp\/v2\/pages"}],"about":[{"href":"https:\/\/q9s.5f0.myftpupload.com\/es\/wp-json\/wp\/v2\/types\/page"}],"author":[{"embeddable":true,"href":"https:\/\/q9s.5f0.myftpupload.com\/es\/wp-json\/wp\/v2\/users\/2"}],"replies":[{"embeddable":true,"href":"https:\/\/q9s.5f0.myftpupload.com\/es\/wp-json\/wp\/v2\/comments?post=823"}],"version-history":[{"count":0,"href":"https:\/\/q9s.5f0.myftpupload.com\/es\/wp-json\/wp\/v2\/pages\/823\/revisions"}],"wp:attachment":[{"href":"https:\/\/q9s.5f0.myftpupload.com\/es\/wp-json\/wp\/v2\/media?parent=823"}],"curies":[{"name":"wp","href":"https:\/\/api.w.org\/{rel}","templated":true}]}}