{"id":826,"date":"2023-01-11T12:32:24","date_gmt":"2023-01-11T12:32:24","guid":{"rendered":"https:\/\/q9s.5f0.myftpupload.com\/accidentes-de-bicicleta\/"},"modified":"2023-10-31T01:11:33","modified_gmt":"2023-10-31T01:11:33","slug":"accidentes-de-bicicleta","status":"publish","type":"page","link":"https:\/\/q9s.5f0.myftpupload.com\/es\/accidentes-de-bicicleta\/","title":{"rendered":"Accidentes de bicicleta"},"content":{"rendered":"<h1>Abogados de accidentes de bicicleta que proporcionan una mano de ayuda a las v\u00edctimas lesionadas en Houston, Texas<\/h1>\n<p>Tristemente, Texas se encuentra entre los estados m\u00e1s peligrosos para los ciclistas de todo el pa\u00eds. Entre 2010 y 2016, se produjeron m\u00e1s de 16.000 accidentes con ciclistas implicados en Texas. Estos accidentes se saldaron con 9.769 heridos notificados y visitas a urgencias, 5.646 posibles heridos y 362 ciclistas fallecidos. El 70% de los accidentes de bicicleta en Texas se producen en una intersecci\u00f3n. Los condados m\u00e1s peligrosos para los ciclistas son Harris, Travis, Dallas, Bexar y Tarrant.<\/p>\n<p>Como era de esperar, los ciclistas que no llevaban casco aumentaban dr\u00e1sticamente el riesgo de muerte. Cabe se\u00f1alar que Texas no obliga a los ciclistas a llevar casco. El estado puede recomendar el uso del casco en bicicleta, y algunas ciudades han promulgado nuevas leyes para los ni\u00f1os, pero en conjunto, el estado no tiene una ley universal sobre el uso del casco.<\/p>\n<p>En cualquier accidente de tr\u00e1fico existe la posibilidad de sufrir lesiones graves. Sin embargo, un conductor o pasajero de un veh\u00edculo de motor dispone de cinturones de seguridad, airbags y otras medidas de seguridad para protegerse en caso de colisi\u00f3n. Un ciclista o un peat\u00f3n tienen comparativamente poco para protegerse de lesiones potencialmente mortales. As\u00ed que, naturalmente, los accidentes de bicicleta suelen provocar lesiones catastr\u00f3ficas o algo peor, ya que el ciclista es atropellado por autom\u00f3viles pesados y queda volcado contra el parabrisas o arrojado a la acera en la trayectoria del tr\u00e1fico que circula en sentido contrario.<\/p>\n<p>La recuperaci\u00f3n de las lesiones de los ciclistas puede ser costosa. Si el accidente no ha sido culpa suya, no debe hacerse cargo de esos gastos m\u00e9dicos. Sin embargo, la indemnizaci\u00f3n ofrecida por una reclamaci\u00f3n al seguro suele ser insuficiente, pues s\u00f3lo proporciona un porcentaje de los fondos necesarios para el tratamiento m\u00e9dico necesario. <em>No es necesario<\/em> que acepte la oferta de la aseguradora del automovilista. Usted <em>puede<\/em> hacer mejor que lo que ofrece la p\u00f3liza de seguro de coche del conductor.<\/p>\n<p>Si ha sufrido lesiones -o si ha perdido tr\u00e1gicamente a un ser querido en un homicidio culposo- causadas por un accidente de bicicleta, puede tener derecho a reclamar una indemnizaci\u00f3n a las partes negligentes. Sin embargo, puede ser una tarea ardua, a\u00fan m\u00e1s dif\u00edcil si todav\u00eda se est\u00e1 recuperando de sus lesiones. <em>No<\/em> tiene por qu\u00e9 ir solo contra la compa\u00f1\u00eda de seguros. Los abogados especializados en accidentes de bicicleta de nuestro bufete est\u00e1n a <em>su disposici\u00f3n<\/em>.<\/p>\n<p>Llame The Shariff Law Firm, PLLC hoy al 713-881-9739 para programar una evaluaci\u00f3n gratuita de su caso con un miembro de nuestro equipo legal para discutir su demanda por accidente de bicicleta. Juntos le ayudaremos a determinar la mejor manera de conseguir un resultado satisfactorio para su caso.<\/p>\n<h2>\u00bfC\u00f3mo se determina la culpa en un caso de accidente de bicicleta?<\/h2>\n<p>La ley de lesiones personales en Texas opera con una comprensi\u00f3n modificada de &#8220;culpa comparativa&#8221;. Quien se determina que es culpable del accidente se llevar\u00e1 a cabo legal y financieramente responsable. El tribunal puede ordenar que efect\u00faen pagos a las partes perjudicadas, como salarios perdidos o facturas m\u00e9dicas pendientes.<\/p>\n<p>Si se considera culpable a m\u00e1s de una parte, la ley repartir\u00e1 la culpa como estime oportuno. Si el tribunal considera que el 60% de la culpa recae en una parte y el 40% en otra, entonces el acuerdo se dividir\u00e1 60\/40.<\/p>\n<p>En virtud de la culpa comparativa, es posible que la v\u00edctima del accidente sea considerada parcialmente responsable del accidente que caus\u00f3 sus lesiones. Si su nivel de culpabilidad es superior al 51%, no puede obtener una indemnizaci\u00f3n como demandante en los tribunales de Texas.<\/p>\n<p>Como sus abogados, examinaremos toda la evidencia referente a su caso del accidente de la bicicleta, repasaremos expedientes m\u00e9dicos, buscaremos testimonios del testigo ocular, y repasaremos informes policiales hasta que nos sintamos confiados que hemos elaborado un caso fuerte.<\/p>\n<h2>\u00bfCu\u00e1les son las lesiones m\u00e1s comunes en los accidentes de bicicleta?<\/h2>\n<p>Los accidentes de bicicleta pueden ser violentos, y algunos de ellos dejan en sus v\u00edctimas heridas que alteran para siempre la trayectoria de sus vidas.<\/p>\n<p><strong>Las lesiones m\u00e1s comunes en accidentes de bicicleta incluyen:<\/strong><\/p>\n<ul>\n<li>Huesos rotos y fracturas.<\/li>\n<li>Conmociones cerebrales<\/li>\n<li>Recortes.<\/li>\n<li>Lesiones dentales.<\/li>\n<li>Desfiguraci\u00f3n.<\/li>\n<li>Laceraciones.<\/li>\n<li>P\u00e9rdida de miembros.<\/li>\n<li>Par\u00e1lisis.<\/li>\n<li>Rotura de disco.<\/li>\n<li>Lesiones de tejidos blandos.<\/li>\n<li>Lesiones medulares.<\/li>\n<li>Lesiones cerebrales traum\u00e1ticas.<\/li>\n<li>Muerte por negligencia.<\/li>\n<\/ul>\n<p><strong>Las causas m\u00e1s comunes de los accidentes de bicicleta son<\/strong><\/p>\n<ul>\n<li>La puerta de un coche se abre al paso de un motorista.<\/li>\n<li>Ciclistas atropellados por un coche que se ha subido a la acera o al carril de bicicleta protegido.<\/li>\n<li>Bicicleta defectuosa.<\/li>\n<li>Conducci\u00f3n bajo los efectos del alcohol.<\/li>\n<li>Conducci\u00f3n temeraria.<\/li>\n<\/ul>\n<h2>\u00bfQu\u00e9 tipo de recuperaci\u00f3n econ\u00f3mica podr\u00eda conseguir con una demanda que prospere?<\/h2>\n<p>Si usted ha sido lesionado mientras montaba en bicicleta, un <a href=\"https:\/\/www.google.com\/maps?cid=3735074471423390345\">abogado de accidentes de bicicleta<\/a> puede ser capaz de ayudarle a recuperar la indemnizaci\u00f3n de las partes responsables. Su demanda por accidente de bicicleta, si prospera en los tribunales, podr\u00eda reportarle da\u00f1os econ\u00f3micos y no econ\u00f3micos.<\/p>\n<p><strong>Los da\u00f1os econ\u00f3micos que los ciclistas lesionados pueden recuperar incluyen:<\/strong><\/p>\n<ul>\n<li>P\u00e9rdida de ingresos futuros.<\/li>\n<li>Salarios perdidos.<\/li>\n<li>Gastos m\u00e9dicos.<\/li>\n<li>Fisioterapia.<\/li>\n<li>Da\u00f1os materiales.<\/li>\n<li>Muerte por negligencia.<\/li>\n<\/ul>\n<p><strong>Los da\u00f1os no econ\u00f3micos que el ciclista lesionado puede recuperar incluyen:<\/strong><\/p>\n<ul>\n<li>Compa\u00f1erismo perdido.<\/li>\n<li>P\u00e9rdida de calidad de vida.<\/li>\n<li>Dolor y sufrimiento.<\/li>\n<\/ul>\n<p>Si decide presentar una demanda, lo mejor ser\u00eda contratar a un abogado profesional.<\/p>\n<h2>Programe hoy mismo una consulta gratuita con abogados expertos en accidentes de bicicleta<\/h2>\n<p>La bicicleta es uno de los medios de transporte m\u00e1s saludables. Pero tambi\u00e9n son peligrosas para el ciclista, ya que los dem\u00e1s automovilistas de la carretera rara vez les respetan como es debido. Si te has lesionado montando en bicicleta, tienes derecho a reclamar una indemnizaci\u00f3n. Nuestros abogados pueden ayudarle a recuperarse de su lesi\u00f3n en bicicleta y, con suerte, volver a montar en bicicleta mucho m\u00e1s r\u00e1pido al levantar parte de esa carga financiera de sus hombros.<\/p>\n<p>No deber\u00edas tener que sacrificar tu futuro por haberte lesionado montando en bici. P\u00f3ngase en contacto con un abogado de accidentes de bicicleta en <a href=\"https:\/\/q9s.5f0.myftpupload.com\/\">The Shariff Law Firm, PLLC <\/a> hoy para programar una consulta inicial gratuita llamando al <a href=\"tel:+17138819739\">(713) 881-9739.<\/a><\/p>\n","protected":false},"excerpt":{"rendered":"<p>Abogados de accidentes de bicicleta que proporcionan una mano de ayuda a las v\u00edctimas lesionadas en Houston, Texas Tristemente, Texas se encuentra entre los estados m\u00e1s peligrosos para los ciclistas de todo el pa\u00eds. Entre 2010 y 2016, se produjeron m\u00e1s de 16.000 accidentes con ciclistas implicados en Texas. Estos accidentes se saldaron con 9.769 [&hellip;]<\/p>\n","protected":false},"author":2,"featured_media":0,"parent":0,"menu_order":0,"comment_status":"closed","ping_status":"closed","template":"","meta":{"inline_featured_image":false,"_genesis_hide_title":false,"_genesis_hide_breadcrumbs":false,"_genesis_hide_singular_image":false,"_genesis_hide_footer_widgets":false,"_genesis_custom_body_class":"","_genesis_custom_post_class":"","_genesis_layout":"","footnotes":""},"class_list":{"0":"post-826","1":"page","2":"type-page","3":"status-publish","5":"entry"},"yoast_head":"<!-- This site is optimized with the Yoast SEO plugin v27.4 - https:\/\/yoast.com\/product\/yoast-seo-wordpress\/ -->\n<title>Abogados especializados en Accidentes de Bicicleta en Houston, Texas | Texas | The Shariff Law Firm, PLLC<\/title>\n<meta name=\"description\" content=\"\u00bfHa sufrido usted o un ser querido lesiones en un accidente de bicicleta? Si usted puede que un conductor negligente fue responsable de su accidente de bicicleta lesi\u00f3n, usted puede ser capaz de recuperar una compensaci\u00f3n financiera por su dolor y sufrimiento. P\u00f3ngase en contacto con The Shariff Law Firm, PLLC para programar su consulta gratuita y discutir los detalles de su reclamaci\u00f3n con m\u00e1s detalle.\" \/>\n<meta name=\"robots\" content=\"noindex, follow, max-snippet:-1, max-image-preview:large, max-video-preview:-1\" \/>\n<meta property=\"og:locale\" content=\"es_ES\" \/>\n<meta property=\"og:type\" content=\"article\" \/>\n<meta property=\"og:title\" content=\"Abogados especializados en Accidentes de Bicicleta en Houston, Texas | Texas | The Shariff Law Firm, PLLC\" \/>\n<meta property=\"og:description\" content=\"\u00bfHa sufrido usted o un ser querido lesiones en un accidente de bicicleta? Si usted puede que un conductor negligente fue responsable de su accidente de bicicleta lesi\u00f3n, usted puede ser capaz de recuperar una compensaci\u00f3n financiera por su dolor y sufrimiento. P\u00f3ngase en contacto con The Shariff Law Firm, PLLC para programar su consulta gratuita y discutir los detalles de su reclamaci\u00f3n con m\u00e1s detalle.\" \/>\n<meta property=\"og:url\" content=\"https:\/\/q9s.5f0.myftpupload.com\/es\/accidentes-de-bicicleta\/\" \/>\n<meta property=\"og:site_name\" content=\"The Shariff Law Firm, PLLC\" \/>\n<meta property=\"article:modified_time\" content=\"2023-10-31T01:11:33+00:00\" \/>\n<meta name=\"twitter:card\" content=\"summary_large_image\" \/>\n<meta name=\"twitter:label1\" content=\"Est. reading time\" \/>\n\t<meta name=\"twitter:data1\" content=\"5 minutes\" \/>\n<!-- \/ Yoast SEO plugin. -->","yoast_head_json":{"title":"Abogados especializados en Accidentes de Bicicleta en Houston, Texas | Texas | The Shariff Law Firm, PLLC","description":"\u00bfHa sufrido usted o un ser querido lesiones en un accidente de bicicleta? Si usted puede que un conductor negligente fue responsable de su accidente de bicicleta lesi\u00f3n, usted puede ser capaz de recuperar una compensaci\u00f3n financiera por su dolor y sufrimiento. P\u00f3ngase en contacto con The Shariff Law Firm, PLLC para programar su consulta gratuita y discutir los detalles de su reclamaci\u00f3n con m\u00e1s detalle.","robots":{"index":"noindex","follow":"follow","max-snippet":"max-snippet:-1","max-image-preview":"max-image-preview:large","max-video-preview":"max-video-preview:-1"},"og_locale":"es_ES","og_type":"article","og_title":"Abogados especializados en Accidentes de Bicicleta en Houston, Texas | Texas | The Shariff Law Firm, PLLC","og_description":"\u00bfHa sufrido usted o un ser querido lesiones en un accidente de bicicleta? Si usted puede que un conductor negligente fue responsable de su accidente de bicicleta lesi\u00f3n, usted puede ser capaz de recuperar una compensaci\u00f3n financiera por su dolor y sufrimiento. P\u00f3ngase en contacto con The Shariff Law Firm, PLLC para programar su consulta gratuita y discutir los detalles de su reclamaci\u00f3n con m\u00e1s detalle.","og_url":"https:\/\/q9s.5f0.myftpupload.com\/es\/accidentes-de-bicicleta\/","og_site_name":"The Shariff Law Firm, PLLC","article_modified_time":"2023-10-31T01:11:33+00:00","twitter_card":"summary_large_image","twitter_misc":{"Est. reading time":"5 minutes"},"schema":{"@context":"https:\/\/schema.org","@graph":[{"@type":"WebPage","@id":"https:\/\/q9s.5f0.myftpupload.com\/es\/accidentes-de-bicicleta\/","url":"https:\/\/q9s.5f0.myftpupload.com\/es\/accidentes-de-bicicleta\/","name":"Abogados especializados en Accidentes de Bicicleta en Houston, Texas | Texas | The Shariff Law Firm, PLLC","isPartOf":{"@id":"https:\/\/q9s.5f0.myftpupload.com\/es\/#website"},"datePublished":"2023-01-11T12:32:24+00:00","dateModified":"2023-10-31T01:11:33+00:00","description":"\u00bfHa sufrido usted o un ser querido lesiones en un accidente de bicicleta? Si usted puede que un conductor negligente fue responsable de su accidente de bicicleta lesi\u00f3n, usted puede ser capaz de recuperar una compensaci\u00f3n financiera por su dolor y sufrimiento. P\u00f3ngase en contacto con The Shariff Law Firm, PLLC para programar su consulta gratuita y discutir los detalles de su reclamaci\u00f3n con m\u00e1s detalle.","breadcrumb":{"@id":"https:\/\/q9s.5f0.myftpupload.com\/es\/accidentes-de-bicicleta\/#breadcrumb"},"inLanguage":"es-ES","potentialAction":[{"@type":"ReadAction","target":["https:\/\/q9s.5f0.myftpupload.com\/es\/accidentes-de-bicicleta\/"]}]},{"@type":"BreadcrumbList","@id":"https:\/\/q9s.5f0.myftpupload.com\/es\/accidentes-de-bicicleta\/#breadcrumb","itemListElement":[{"@type":"ListItem","position":1,"name":"Home","item":"https:\/\/q9s.5f0.myftpupload.com\/es\/"},{"@type":"ListItem","position":2,"name":"Accidentes de bicicleta"}]},{"@type":"WebSite","@id":"https:\/\/q9s.5f0.myftpupload.com\/es\/#website","url":"https:\/\/q9s.5f0.myftpupload.com\/es\/","name":"The Shariff Law Firm, PLLC","description":"","potentialAction":[{"@type":"SearchAction","target":{"@type":"EntryPoint","urlTemplate":"https:\/\/q9s.5f0.myftpupload.com\/es\/?s={search_term_string}"},"query-input":{"@type":"PropertyValueSpecification","valueRequired":true,"valueName":"search_term_string"}}],"inLanguage":"es-ES"}]}},"_links":{"self":[{"href":"https:\/\/q9s.5f0.myftpupload.com\/es\/wp-json\/wp\/v2\/pages\/826","targetHints":{"allow":["GET"]}}],"collection":[{"href":"https:\/\/q9s.5f0.myftpupload.com\/es\/wp-json\/wp\/v2\/pages"}],"about":[{"href":"https:\/\/q9s.5f0.myftpupload.com\/es\/wp-json\/wp\/v2\/types\/page"}],"author":[{"embeddable":true,"href":"https:\/\/q9s.5f0.myftpupload.com\/es\/wp-json\/wp\/v2\/users\/2"}],"replies":[{"embeddable":true,"href":"https:\/\/q9s.5f0.myftpupload.com\/es\/wp-json\/wp\/v2\/comments?post=826"}],"version-history":[{"count":0,"href":"https:\/\/q9s.5f0.myftpupload.com\/es\/wp-json\/wp\/v2\/pages\/826\/revisions"}],"wp:attachment":[{"href":"https:\/\/q9s.5f0.myftpupload.com\/es\/wp-json\/wp\/v2\/media?parent=826"}],"curies":[{"name":"wp","href":"https:\/\/api.w.org\/{rel}","templated":true}]}}