{"id":827,"date":"2023-01-11T12:52:03","date_gmt":"2023-01-11T12:52:03","guid":{"rendered":"https:\/\/q9s.5f0.myftpupload.com\/accidentes-de-peatones\/"},"modified":"2024-05-14T20:17:48","modified_gmt":"2024-05-14T20:17:48","slug":"accidentes-de-peatones","status":"publish","type":"page","link":"https:\/\/q9s.5f0.myftpupload.com\/es\/accidentes-de-peatones\/","title":{"rendered":"Accidentes de peatones"},"content":{"rendered":"<h1>Abogados de accidentes de peatones en Houston, Texas, proporcionando representaci\u00f3n legal compasiva a las v\u00edctimas necesitadas.<\/h1>\n<p>Es la peor pesadilla de cualquier padre. Apartan los ojos de su hijo en el patio delantero de su casa durante un \u00fanico y solitario instante y luego levantan la vista para ver al ni\u00f1o cerca de la calle con un coche que se les echa encima. Con un poco de suerte, el conductor prestar\u00e1 atenci\u00f3n y se detendr\u00e1 a tiempo. Pero si se distraen, los resultados pueden ser catastr\u00f3ficos.<\/p>\n<p>Los peatones, ya sean adultos o ni\u00f1os peque\u00f1os, suelen sufrir lesiones graves cuando entran en contacto con veh\u00edculos de motor que circulan a gran velocidad. En las noticias o\u00edmos continuamente noticias sobre un reciente accidente mortal de peat\u00f3n en el que un conductor &#8220;no vio&#8221; a la v\u00edctima hasta que fue demasiado tarde.<\/p>\n<p>Si usted o un ser querido han sufrido lesiones en un accidente de peat\u00f3n o si ha perdido a un familiar en un caso de homicidio culposo, tiene derecho a solicitar una compensaci\u00f3n econ\u00f3mica por las facturas m\u00e9dicas, la p\u00e9rdida de ingresos, el dolor y sufrimiento emocional.<\/p>\n<p>En las oficinas con sede en Houston de The Shariff Law Firm, PLLC, nuestros <a href=\"https:\/\/q9s.5f0.myftpupload.com\/\">abogados de lesiones<\/a> personales son altamente experimentados en el trabajo en los casos que representan a las v\u00edctimas heridas en accidentes de tr\u00e1fico. Nuestro bufete de abogados ofrece una consulta inicial gratuita a cualquier posible nuevo cliente en busca de comprender mejor el potencial de su caso de accidente peatonal. Si desea orientaci\u00f3n legal para ayudarle a trav\u00e9s de este tiempo dif\u00edcil, por favor p\u00f3ngase en contacto con nuestra empresa de inmediato llamando al (713) 881-9739 para programar su consulta gratuita.<\/p>\n<h2>\u00bfCu\u00e1les son las causas m\u00e1s comunes de accidentes de peatones en la ciudad de Houston?<\/h2>\n<p>Los m\u00e9dicos nos animan a dar m\u00e1s paseos, correr y hacer footing. Sin embargo, muchos de nosotros vivimos en la ciudad o trabajamos hasta altas horas de la tarde, lo que significa que en los entornos urbanos nuestras mejores horas de actividad son cuando el sol empieza a ponerse por la tarde, las condiciones exactas en las que la mayor\u00eda de los peatones son atropellados por los coches. Incluso cuando intentamos hacer lo correcto por nuestra salud y bienestar, seguimos arriesgando nuestras vidas.<\/p>\n<p>Algunos peatones resultan heridos simplemente por estar en el lugar equivocado en el momento equivocado. \u00bfSe puede decir realmente que un conductor de autob\u00fas distra\u00eddo que atropella a un ni\u00f1o es culpa del ni\u00f1o? \u00bfO los padres del ni\u00f1o? Las tragedias ocurren. Y, si su equipo jur\u00eddico puede demostrar la responsabilidad, es posible que pueda obtener una indemnizaci\u00f3n de las partes culpables o de la compa\u00f1\u00eda de seguros del conductor.<\/p>\n<p><strong>Las causas m\u00e1s comunes de los accidentes de peatones son, entre otras, las siguientes:<\/strong><\/p>\n<ul>\n<li>Coches que no miran a los peatones en un paso de peatones o paso de peatones.<\/li>\n<li>Conducci\u00f3n distra\u00edda.<\/li>\n<li>Negligencia del conductor.<\/li>\n<li>Conducir bajo los efectos del alcohol o las drogas.<\/li>\n<li>No ceder el paso a un peat\u00f3n.<\/li>\n<li>Accidente con fuga.<\/li>\n<li>Cruzar la calle.<\/li>\n<li>Automovilistas que se suben al bordillo y circulan por la acera.<\/li>\n<li>Peatones que desaparecen en el \u00e1ngulo muerto del conductor.<\/li>\n<li>Malas condiciones meteorol\u00f3gicas.<\/li>\n<li>Exceso de velocidad en un aparcamiento.<\/li>\n<\/ul>\n<p>Para discutir los detalles de su demanda de accidente de peat\u00f3n \u00fanico, por favor p\u00f3ngase en contacto con nuestro bufete de abogados para programar una revisi\u00f3n gratuita de casos con un miembro de nuestro equipo legal de renombre.<\/p>\n<h2>\u00bfQu\u00e9 tipo de lesiones suelen sufrir las v\u00edctimas de accidentes de peatones?<\/h2>\n<p>Si un peat\u00f3n tiene la &#8220;suerte&#8221; de sobrevivir a la terrible experiencia de ser atropellado por un veh\u00edculo en marcha, es probable que sufra lesiones graves que pueden alterar su vida. Con toda probabilidad, estas lesiones requerir\u00e1n semanas de fisioterapia y rehabilitaci\u00f3n, si no meses o a\u00f1os. Sus vidas podr\u00edan cambiar irrevocable e irreversiblemente, todo por la negligencia de un conductor.<\/p>\n<p><strong>Las lesiones m\u00e1s comunes en los accidentes de peatones son:<\/strong><\/p>\n<ul>\n<li>Huesos rotos y fracturas.<\/li>\n<li>Conmociones cerebrales.<\/li>\n<li>Cortes profundos y laceraciones.<\/li>\n<li>Lesiones dentales.<\/li>\n<li>Desfiguraci\u00f3n facial.<\/li>\n<li>Incapacidad para caminar.<\/li>\n<li>Hemorragia interna.<\/li>\n<li>P\u00e9rdida de miembros.<\/li>\n<li>P\u00e9rdida de visi\u00f3n o p\u00e9rdida de audici\u00f3n.<\/li>\n<li>Da\u00f1o en los \u00f3rganos.<\/li>\n<li>Par\u00e1lisis parcial o total.<\/li>\n<li>Rotura de disco.<\/li>\n<li>Da\u00f1os en los tejidos blandos.<\/li>\n<li>Lesiones medulares.<\/li>\n<li>Lesiones cerebrales traum\u00e1ticas.<\/li>\n<li>Muerte por negligencia.<\/li>\n<\/ul>\n<h2>\u00bfY si nunca se identifica o detiene al conductor que se dio a la fuga?<\/h2>\n<p>Un accidente con fuga es un suceso tr\u00e1gico y frustrante. Es obligaci\u00f3n del conductor detenerse en caso de accidente, atender a los heridos y esperar a que lleguen las autoridades. El incumplimiento de esta norma puede constituir un delito. Si el conductor que se dio a la fuga hiri\u00f3 gravemente o mat\u00f3 a un peat\u00f3n, entonces podr\u00eda recibir a\u00f1os de prisi\u00f3n.<\/p>\n<p>En caso de atropello con fuga, es imperativo que cualquier superviviente o testigo intente documentar las caracter\u00edsticas identificativas tanto del conductor como de su veh\u00edculo de motor. Esta informaci\u00f3n ser\u00e1 vital para localizar al conductor y llevarlo ante la justicia. A menudo, un atropello con fuga lo comete un conductor ebrio o un individuo con condenas anteriores. Si alguien conduce ebrio, puede que ni siquiera se d\u00e9 cuenta del horrible error que ha cometido.<\/p>\n<p>Si no se puede identificar al conductor que se dio a la fuga, su abogado intentar\u00e1 obtener de su compa\u00f1\u00eda de seguros la m\u00e1xima indemnizaci\u00f3n para usted. Si esto resulta imposible o insuficiente, sus abogados intentar\u00e1n conseguir dinero del Estado.<\/p>\n<h2>\u00bfQu\u00e9 tipo de indemnizaci\u00f3n podr\u00eda obtener con una demanda por accidente de peat\u00f3n?<\/h2>\n<p>Con una demanda argumentada con \u00e9xito contra las partes responsables, es posible recuperar da\u00f1os financieros que pueden contribuir en gran medida a aliviar la carga de su recuperaci\u00f3n despu\u00e9s del accidente. Este acuerdo puede adoptar la forma de da\u00f1os econ\u00f3micos y no econ\u00f3micos.<\/p>\n<p><strong>Los da\u00f1os econ\u00f3micos que una v\u00edctima de un accidente de peat\u00f3n puede recuperar incluyen:<\/strong><\/p>\n<ul>\n<li>Beneficios perdidos.<\/li>\n<li>P\u00e9rdida de ingresos futuros por incapacidad laboral.<\/li>\n<li>Salarios perdidos.<\/li>\n<li>Gastos m\u00e9dicos.<\/li>\n<li>Fisioterapia.<\/li>\n<li>Da\u00f1os materiales.<\/li>\n<li>Terapia psicol\u00f3gica.<\/li>\n<li>Rehabilitaci\u00f3n<\/li>\n<li>Muerte por negligencia.<\/li>\n<\/ul>\n<p><strong>Los da\u00f1os no econ\u00f3micos que una demanda por accidente de peat\u00f3n podr\u00eda ayudarle a recuperar incluyen:<\/strong><\/p>\n<ul>\n<li>Angustia emocional.<\/li>\n<li>Compa\u00f1erismo perdido.<\/li>\n<li>Consorcio perdido.<\/li>\n<li>P\u00e9rdida de calidad de vida.<\/li>\n<li>Angustia mental.<\/li>\n<li>Dolor y sufrimiento.<\/li>\n<li>TEPT<\/li>\n<\/ul>\n<p>Aunque es posible obtener una indemnizaci\u00f3n econ\u00f3mica con una reclamaci\u00f3n al seguro, la mayor\u00eda de las v\u00edctimas se encuentran con que las compa\u00f1\u00edas de seguros no proporcionan el nivel de recuperaci\u00f3n econ\u00f3mica necesario para proporcionar el tratamiento m\u00e9dico adecuado. Para asegurarse de que su recuperaci\u00f3n no se vea obstaculizada por una aseguradora, hable con un abogado especializado en lesiones personales sobre las ventajas de presentar una posible demanda.<\/p>\n<p>Si no est\u00e1 seguro de tener un caso especialmente s\u00f3lido, p\u00f3ngase en contacto con nuestro bufete de abogados. Nuestro equipo legal ofrece una consulta inicial gratuita a todos los posibles nuevos clientes, y estaremos encantados de ayudarle a determinar la validez de su demanda por accidente peatonal.<\/p>\n<h2>Programe hoy mismo una evaluaci\u00f3n gratuita de su caso con un abogado experto en accidentes de peatones<\/h2>\n<p>Si ha sufrido un accidente como peat\u00f3n, es probable que haya sufrido lesiones graves. Navegar por el complejo sistema legal para obtener una indemnizaci\u00f3n por sus lesiones puede ser una tarea complicada, independientemente de las circunstancias. Si todav\u00eda est\u00e1 gravemente herido, luchando para mantener la cabeza fuera del agua con todas sus facturas m\u00e9dicas, y al mismo tiempo discutiendo con las compa\u00f1\u00edas de seguros, entonces esta tarea s\u00f3lo se vuelve a\u00fan m\u00e1s desalentadora.<\/p>\n<p>Del mismo modo, si ha perdido recientemente a un ser querido en un accidente mortal con un peat\u00f3n, debe disponer de tiempo para el duelo. Su duelo no debe verse interrumpido por las llamadas telef\u00f3nicas de la compa\u00f1\u00eda de seguros ni por la preocupaci\u00f3n de tener dinero para los gastos funerarios.<\/p>\n<p>La buena noticia es que no tiene por qu\u00e9 recorrer solo este dif\u00edcil camino.<\/p>\n<p>En el bufete de abogados Shariff Law Firm, PLLC en Houston, nuestros <a href=\"https:\/\/www.google.com\/maps?cid=3735074471423390345\">abogados de accidentes peatonales<\/a> tienen a\u00f1os de experiencia ayudando a los clientes y sus familiares a buscar acuerdos justos. Conocemos bien las leyes espec\u00edficas del estado de Texas y estamos familiarizados con los jueces y la din\u00e1mica de los tribunales. Estamos seguros de que podemos ofrecerle una representaci\u00f3n legal capaz en este dif\u00edcil asunto legal.<\/p>\n<p>Nuestras oficinas de abogados ofrecen consultas gratuitas a los nuevos clientes que buscan comprender mejor todas las implicaciones de sus casos legales. Esta consulta es gratuita y sin compromiso. Si no cree que nuestros abogados sean los adecuados para usted y sus objetivos, puede buscar en otra parte sin preocuparse de debernos honorarios legales. Para programar la evaluaci\u00f3n gratuita de su caso, por favor p\u00f3ngase en contacto con nuestras oficinas de Houston en <a href=\"tel:+17138819739\">(713) 881-9739.<\/a><\/p>\n","protected":false},"excerpt":{"rendered":"<p>Abogados de accidentes de peatones en Houston, Texas, proporcionando representaci\u00f3n legal compasiva a las v\u00edctimas necesitadas. Es la peor pesadilla de cualquier padre. Apartan los ojos de su hijo en el patio delantero de su casa durante un \u00fanico y solitario instante y luego levantan la vista para ver al ni\u00f1o cerca de la calle [&hellip;]<\/p>\n","protected":false},"author":2,"featured_media":0,"parent":0,"menu_order":0,"comment_status":"closed","ping_status":"closed","template":"","meta":{"inline_featured_image":false,"_genesis_hide_title":false,"_genesis_hide_breadcrumbs":false,"_genesis_hide_singular_image":false,"_genesis_hide_footer_widgets":false,"_genesis_custom_body_class":"","_genesis_custom_post_class":"","_genesis_layout":"","footnotes":""},"class_list":{"0":"post-827","1":"page","2":"type-page","3":"status-publish","5":"entry"},"yoast_head":"<!-- This site is optimized with the Yoast SEO plugin v27.4 - https:\/\/yoast.com\/product\/yoast-seo-wordpress\/ -->\n<title>Abogados de Accidentes de Peatones en Houston, Texas<\/title>\n<meta name=\"description\" content=\"\u00bfHa resultado herido en una colisi\u00f3n con un autom\u00f3vil o un ciclista mientras paseaba? Puede tener derecho a una indemnizaci\u00f3n por da\u00f1os y perjuicios si puede demostrar que la negligencia recae en la parte que le golpe\u00f3. P\u00f3ngase en contacto con nuestros abogados de accidentes de peatones para discutir sus opciones legales hoy.\" \/>\n<meta name=\"robots\" content=\"noindex, follow, max-snippet:-1, max-image-preview:large, max-video-preview:-1\" \/>\n<meta property=\"og:locale\" content=\"es_ES\" \/>\n<meta property=\"og:type\" content=\"article\" \/>\n<meta property=\"og:title\" content=\"Abogados de Accidentes de Peatones en Houston, Texas\" \/>\n<meta property=\"og:description\" content=\"\u00bfHa resultado herido en una colisi\u00f3n con un autom\u00f3vil o un ciclista mientras paseaba? Puede tener derecho a una indemnizaci\u00f3n por da\u00f1os y perjuicios si puede demostrar que la negligencia recae en la parte que le golpe\u00f3. P\u00f3ngase en contacto con nuestros abogados de accidentes de peatones para discutir sus opciones legales hoy.\" \/>\n<meta property=\"og:url\" content=\"https:\/\/q9s.5f0.myftpupload.com\/es\/accidentes-de-peatones\/\" \/>\n<meta property=\"og:site_name\" content=\"The Shariff Law Firm, PLLC\" \/>\n<meta property=\"article:modified_time\" content=\"2024-05-14T20:17:48+00:00\" \/>\n<meta name=\"twitter:card\" content=\"summary_large_image\" \/>\n<meta name=\"twitter:label1\" content=\"Est. reading time\" \/>\n\t<meta name=\"twitter:data1\" content=\"7 minutes\" \/>\n<!-- \/ Yoast SEO plugin. -->","yoast_head_json":{"title":"Abogados de Accidentes de Peatones en Houston, Texas","description":"\u00bfHa resultado herido en una colisi\u00f3n con un autom\u00f3vil o un ciclista mientras paseaba? Puede tener derecho a una indemnizaci\u00f3n por da\u00f1os y perjuicios si puede demostrar que la negligencia recae en la parte que le golpe\u00f3. P\u00f3ngase en contacto con nuestros abogados de accidentes de peatones para discutir sus opciones legales hoy.","robots":{"index":"noindex","follow":"follow","max-snippet":"max-snippet:-1","max-image-preview":"max-image-preview:large","max-video-preview":"max-video-preview:-1"},"og_locale":"es_ES","og_type":"article","og_title":"Abogados de Accidentes de Peatones en Houston, Texas","og_description":"\u00bfHa resultado herido en una colisi\u00f3n con un autom\u00f3vil o un ciclista mientras paseaba? Puede tener derecho a una indemnizaci\u00f3n por da\u00f1os y perjuicios si puede demostrar que la negligencia recae en la parte que le golpe\u00f3. P\u00f3ngase en contacto con nuestros abogados de accidentes de peatones para discutir sus opciones legales hoy.","og_url":"https:\/\/q9s.5f0.myftpupload.com\/es\/accidentes-de-peatones\/","og_site_name":"The Shariff Law Firm, PLLC","article_modified_time":"2024-05-14T20:17:48+00:00","twitter_card":"summary_large_image","twitter_misc":{"Est. reading time":"7 minutes"},"schema":{"@context":"https:\/\/schema.org","@graph":[{"@type":"WebPage","@id":"https:\/\/q9s.5f0.myftpupload.com\/es\/accidentes-de-peatones\/","url":"https:\/\/q9s.5f0.myftpupload.com\/es\/accidentes-de-peatones\/","name":"Abogados de Accidentes de Peatones en Houston, Texas","isPartOf":{"@id":"https:\/\/q9s.5f0.myftpupload.com\/es\/#website"},"datePublished":"2023-01-11T12:52:03+00:00","dateModified":"2024-05-14T20:17:48+00:00","description":"\u00bfHa resultado herido en una colisi\u00f3n con un autom\u00f3vil o un ciclista mientras paseaba? Puede tener derecho a una indemnizaci\u00f3n por da\u00f1os y perjuicios si puede demostrar que la negligencia recae en la parte que le golpe\u00f3. P\u00f3ngase en contacto con nuestros abogados de accidentes de peatones para discutir sus opciones legales hoy.","breadcrumb":{"@id":"https:\/\/q9s.5f0.myftpupload.com\/es\/accidentes-de-peatones\/#breadcrumb"},"inLanguage":"es-ES","potentialAction":[{"@type":"ReadAction","target":["https:\/\/q9s.5f0.myftpupload.com\/es\/accidentes-de-peatones\/"]}]},{"@type":"BreadcrumbList","@id":"https:\/\/q9s.5f0.myftpupload.com\/es\/accidentes-de-peatones\/#breadcrumb","itemListElement":[{"@type":"ListItem","position":1,"name":"Home","item":"https:\/\/q9s.5f0.myftpupload.com\/es\/"},{"@type":"ListItem","position":2,"name":"Accidentes de peatones"}]},{"@type":"WebSite","@id":"https:\/\/q9s.5f0.myftpupload.com\/es\/#website","url":"https:\/\/q9s.5f0.myftpupload.com\/es\/","name":"The Shariff Law Firm, PLLC","description":"","potentialAction":[{"@type":"SearchAction","target":{"@type":"EntryPoint","urlTemplate":"https:\/\/q9s.5f0.myftpupload.com\/es\/?s={search_term_string}"},"query-input":{"@type":"PropertyValueSpecification","valueRequired":true,"valueName":"search_term_string"}}],"inLanguage":"es-ES"}]}},"_links":{"self":[{"href":"https:\/\/q9s.5f0.myftpupload.com\/es\/wp-json\/wp\/v2\/pages\/827","targetHints":{"allow":["GET"]}}],"collection":[{"href":"https:\/\/q9s.5f0.myftpupload.com\/es\/wp-json\/wp\/v2\/pages"}],"about":[{"href":"https:\/\/q9s.5f0.myftpupload.com\/es\/wp-json\/wp\/v2\/types\/page"}],"author":[{"embeddable":true,"href":"https:\/\/q9s.5f0.myftpupload.com\/es\/wp-json\/wp\/v2\/users\/2"}],"replies":[{"embeddable":true,"href":"https:\/\/q9s.5f0.myftpupload.com\/es\/wp-json\/wp\/v2\/comments?post=827"}],"version-history":[{"count":0,"href":"https:\/\/q9s.5f0.myftpupload.com\/es\/wp-json\/wp\/v2\/pages\/827\/revisions"}],"wp:attachment":[{"href":"https:\/\/q9s.5f0.myftpupload.com\/es\/wp-json\/wp\/v2\/media?parent=827"}],"curies":[{"name":"wp","href":"https:\/\/api.w.org\/{rel}","templated":true}]}}