{"id":828,"date":"2023-01-11T12:06:39","date_gmt":"2023-01-11T12:06:39","guid":{"rendered":"https:\/\/q9s.5f0.myftpupload.com\/lesiones-catastroficas\/"},"modified":"2023-11-02T22:47:29","modified_gmt":"2023-11-02T22:47:29","slug":"lesiones-catastroficas","status":"publish","type":"page","link":"https:\/\/q9s.5f0.myftpupload.com\/es\/lesiones-catastroficas\/","title":{"rendered":"Lesiones catastr\u00f3ficas"},"content":{"rendered":"<h1>Abogados de lesiones catastr\u00f3ficas de Houston ayudan a los clientes a buscar justicia<\/h1>\n<p>Las v\u00edctimas de accidentes graves suelen sufrir lesiones catastr\u00f3ficas que afectan su vida cotidiana durante a\u00f1os. Estos da\u00f1os afectan a sus funciones cotidianas y pueden impedirles trabajar o disfrutar de su vida. Algunos ejemplos de lesiones catastr\u00f3ficas son las amputaciones, desfiguraciones, lesiones craneales, lesiones medulares, par\u00e1lisis, ceguera y quemaduras. El da\u00f1o puede considerarse catastr\u00f3fico si afecta a la vida de la persona durante al menos un a\u00f1o. Estas lesiones pueden ser consecuencia de un accidente de tr\u00e1fico, una negligencia m\u00e9dica, un abuso en una residencia de ancianos o un accidente laboral.<\/p>\n<p>Si usted o un ser querido sufre de dolor cr\u00f3nico o incapacidad para funcionar debido a una lesi\u00f3n devastadora, debe hablar con un representante legal de confianza inmediatamente. Usted podr\u00eda tener una reclamaci\u00f3n por lesiones catastr\u00f3ficas si las lesiones fueron causadas por el incumplimiento por parte de otra persona de un deber razonable de cuidado hacia usted o su ser querido.<\/p>\n<p>En The Shariff Law Firm, PLLC, creemos que cada persona lesionada merece justicia. Prometemos utilizar nuestra experiencia, conocimiento, y honestidad para darle la mejor oportunidad de una recuperaci\u00f3n financiera completa. P\u00f3ngase en contacto con nuestro talentoso equipo legal al 713-881-9739 para programar una consulta gratuita y ver c\u00f3mo nuestros <a href=\"https:\/\/www.google.com\/maps?cid=3735074471423390345\">abogados en lesiones catastr\u00f3ficas<\/a> pueden ayudarte.<\/p>\n<h2>\u00bfQu\u00e9 es una lesi\u00f3n catastr\u00f3fica?<\/h2>\n<p>Seg\u00fan la ley de Texas, una lesi\u00f3n catastr\u00f3fica interfiere en su vida diaria. Puede tener un impacto que cambie su vida por una de varias razones.<\/p>\n<p><strong>Una lesi\u00f3n puede considerarse catastr\u00f3fica si:<\/strong><\/p>\n<ul>\n<li><strong>Impide una funci\u00f3n corporal<\/strong> &#8211; Si la lesi\u00f3n impide a la persona utilizar su cuerpo de modo que las principales actividades vitales se ven obstaculizadas, podr\u00eda tratarse de una lesi\u00f3n catastr\u00f3fica. Algunos ejemplos son si la persona ya no puede caminar o cuidar de s\u00ed misma.<\/li>\n<li><strong>Desfigura el aspecto de la persona <\/strong>&#8211; Si el suceso caus\u00f3 graves cicatrices, como en el caso de quemaduras o la p\u00e9rdida de un miembro, podr\u00eda calificarse de lesi\u00f3n catastr\u00f3fica.<\/li>\n<li><strong>Implica la p\u00e9rdida de un \u00f3rgano en<\/strong> funcionamiento &#8211; La incapacidad permanente de un \u00f3rgano, como la ceguera o incluso un traumatismo craneal, puede dar lugar a una reclamaci\u00f3n legal por lesiones catastr\u00f3ficas.<\/li>\n<\/ul>\n<p>Cuando alguien sufre lesiones tan devastadoras, todos los aspectos de su vida se ven afectados. Pueden ser incapaces de trabajar y mantener a sus familias. Tambi\u00e9n pueden tener que adaptar sus condiciones de vida o encontrar cuidadores a tiempo completo. Esto puede suponer un gran reto, tanto emocional como econ\u00f3mico.<\/p>\n<h2>\u00bfCu\u00e1les son algunos ejemplos de lesiones catastr\u00f3ficas?<\/h2>\n<p>Las lesiones catastr\u00f3ficas no se limitan a una lista predefinida. Determinar si la lesi\u00f3n es catastr\u00f3fica se basa en la gravedad del da\u00f1o y en cu\u00e1nto afecta a la vida diaria de la persona. Sin embargo, algunas lesiones suelen considerarse catastr\u00f3ficas porque interfieren en las actividades cotidianas.<\/p>\n<p><strong>Su lesi\u00f3n puede ser catastr\u00f3fica si es una de las siguientes:<\/strong><\/p>\n<ul>\n<li>Amputaci\u00f3n o p\u00e9rdida de un miembro<\/li>\n<li>Par\u00e1lisis, incluidas paraplejia, tetraplejia y tetraplejia<\/li>\n<li>Lesi\u00f3n medular<\/li>\n<li>Lesi\u00f3n cerebral traum\u00e1tica (TBI), como una conmoci\u00f3n cerebral<\/li>\n<li>Desfiguraci\u00f3n, incluidas quemaduras, cicatrices, p\u00e9rdida de miembros, lesiones faciales y da\u00f1os ortop\u00e9dicos.<\/li>\n<li>Ceguera<\/li>\n<li>P\u00e9rdida de audici\u00f3n<\/li>\n<li>Fracturas de cr\u00e1neo<\/li>\n<\/ul>\n<p>Sea cual sea su lesi\u00f3n, si cree que afecta a su vida diaria, debe hablar con un abogado para ver si tiene un caso de lesi\u00f3n catastr\u00f3fica. Si usted est\u00e1 sufriendo de lesiones devastadoras debido a la negligencia grave de otra persona, podemos ayudarle a cobrar una indemnizaci\u00f3n por gastos m\u00e9dicos, salarios perdidos, angustia emocional, y m\u00e1s. P\u00f3ngase en contacto con nosotros para ver c\u00f3mo podemos ayudarle.<\/p>\n<h2>\u00bfCu\u00e1les son algunas de las causas comunes de lesiones catastr\u00f3ficas en Houston?<\/h2>\n<p>Las demandas por lesiones catastr\u00f3ficas suelen ser casos complejos de lesiones personales. Para que una demanda por lesiones catastr\u00f3ficas tenga \u00e9xito, debe demostrar que la parte culpable le deb\u00eda un deber de cuidado. Tambi\u00e9n debe demostrarse que su incumplimiento del deber provoc\u00f3 lesiones devastadoras, causando graves perjuicios econ\u00f3micos. Estos casos pueden basarse en muchos escenarios diferentes.<\/p>\n<p><strong>Algunas de las causas m\u00e1s comunes de lesiones catastr\u00f3ficas en Houston incluyen:<\/strong><\/p>\n<ul>\n<li>Accidente en la construcci\u00f3n<\/li>\n<li>Negligencia m\u00e9dica, incluido el diagn\u00f3stico err\u00f3neo<\/li>\n<li>Accidente de tr\u00e1fico<\/li>\n<li>Accidente de cami\u00f3n<\/li>\n<li>Accidente laboral<\/li>\n<li>Mordeduras de perro<\/li>\n<li>Accidente por resbal\u00f3n y ca\u00edda<\/li>\n<li>Ca\u00edda de objetos<\/li>\n<li>Accidente con conductor ebrio<\/li>\n<\/ul>\n<p>Su abogado investigar\u00e1 los detalles de su caso para ayudar a determinar qui\u00e9n tuvo la culpa. Reunir\u00e1n pruebas para demostrar al tribunal que usted merece una indemnizaci\u00f3n total por sus lesiones, incluidas las repercusiones en su vida cotidiana. No debe confiar en que la compa\u00f1\u00eda de seguros cubra sus crecientes gastos. P\u00f3ngase en contacto con nuestro bufete de abogados hoy para una excelente asesor\u00eda legal y representaci\u00f3n en su demanda por lesiones personales.<\/p>\n<h2>\u00bfQu\u00e9 debo hacer si soy v\u00edctima de una lesi\u00f3n catastr\u00f3fica?<\/h2>\n<p>Las v\u00edctimas de accidentes deben actuar con rapidez para buscar atenci\u00f3n m\u00e9dica. Incluso las heridas m\u00e1s simples pueden poner en peligro la vida si no se tratan, as\u00ed que acuda a un profesional m\u00e9dico lo antes posible tras un accidente grave.<\/p>\n<p>Tambi\u00e9n puede recopilar toda la informaci\u00f3n posible sobre el accidente. Esto incluye hacer fotos del lugar del accidente, obtener la informaci\u00f3n de contacto de testigos y partes implicadas, y guardar documentos importantes relacionados con los gastos ocasionados por tus lesiones. Otro paso fundamental es avisar a las fuerzas del orden cuando sea necesario. Esto es extremadamente importante en los accidentes de autom\u00f3vil u otros casos en los que puedan cobrarse da\u00f1os punitivos.<\/p>\n<p>Por \u00faltimo, es esencial hablar con un representante legal poco despu\u00e9s del accidente. Muchos lugares tienen una ley de prescripci\u00f3n que impide cobrar la indemnizaci\u00f3n si ha pasado demasiado tiempo desde que se produjo el incidente. Hablar con un abogado es la mejor manera de determinar si tiene una posible demanda por lesiones personales. Su abogado puede ayudarle investigando los detalles del accidente y defendiendo sus derechos ante los tribunales si es necesario. Confiar \u00fanicamente en la cobertura del seguro puede no ser suficiente para cubrir sus futuros gastos m\u00e9dicos. Sin embargo, estos costes podr\u00edan recuperarse mediante una demanda judicial. Si tiene alguna pregunta, no dude en llamar a nuestro compasivo equipo jur\u00eddico para obtener m\u00e1s detalles.<\/p>\n<h2>\u00bfCu\u00e1nta indemnizaci\u00f3n puedo recibir por mis lesiones?<\/h2>\n<p>Cada caso es diferente, por lo que es imposible saber exactamente cu\u00e1nto dinero recibir\u00e1 por su situaci\u00f3n particular. Sin embargo, las demandas por lesiones personales que prosperan en Texas suelen recuperar dos tipos de da\u00f1os: econ\u00f3micos y no econ\u00f3micos.<\/p>\n<h2>Da\u00f1os econ\u00f3micos<\/h2>\n<p>Los da\u00f1os econ\u00f3micos son conceptos que tienen una cuant\u00eda monetaria exacta. Estos da\u00f1os son f\u00e1ciles de contabilizar e incluso pueden rastrearse a trav\u00e9s de los recibos.<\/p>\n<p><strong>Algunos ejemplos de da\u00f1os econ\u00f3micos concedidos por lesiones catastr\u00f3ficas son:<\/strong><\/p>\n<ul>\n<li>Facturas hospitalarias<\/li>\n<li>Fisioterapia<\/li>\n<li>Visitas de especialistas<\/li>\n<li>Visitas al m\u00e9dico<\/li>\n<li>Equipamiento m\u00e9dico, como muletas<\/li>\n<li>Remodelaci\u00f3n de la vivienda para hacerla m\u00e1s accesible, como una rampa para sillas de ruedas<\/li>\n<li>P\u00e9rdida de ingresos<\/li>\n<li>Vacaciones y primas perdidas<\/li>\n<li>Reducci\u00f3n de la capacidad de generar ingresos<\/li>\n<\/ul>\n<h3>Da\u00f1os no econ\u00f3micos<\/h3>\n<p>Los da\u00f1os no econ\u00f3micos son m\u00e1s dif\u00edciles de valorar monetariamente. Incluyen art\u00edculos que no tienen un valor f\u00e1cilmente cuantificable. Sin embargo, estos da\u00f1os son una parte esencial de una demanda por lesiones personales y pueden dar lugar a una compensaci\u00f3n econ\u00f3mica.<\/p>\n<p><strong>Los da\u00f1os no econ\u00f3micos para una demanda por lesiones personales en Texas incluyen:<\/strong><\/p>\n<ul>\n<li>Trauma mental<\/li>\n<li>Desfiguraci\u00f3n<\/li>\n<li>P\u00e9rdida de compa\u00f1\u00eda<\/li>\n<li>P\u00e9rdida de consorcio<\/li>\n<li>P\u00e9rdida del disfrute de la vida<\/li>\n<li>Dolor y sufrimiento<\/li>\n<li>Trauma emocional, incluida la depresi\u00f3n, la ansiedad y el TEPT<\/li>\n<\/ul>\n<h2>\u00bfC\u00f3mo puede ayudarme un abogado especializado en lesiones catastr\u00f3ficas?<\/h2>\n<p><strong> <\/strong>Su abogado especializado en lesiones catastr\u00f3ficas ser\u00e1 un activo indispensable para recuperar los da\u00f1os y perjuicios que se le deben por sus lesiones. Contratar a un abogado es una de las mejores maneras de asegurarse de maximizar los da\u00f1os que reciba despu\u00e9s de su accidente. Su abogado debe tener un profundo conocimiento de la ley de Texas, lo que les permite identificar las formas de obtener la compensaci\u00f3n total que se merece. Tambi\u00e9n tendr\u00e1n experiencia en descubrir detalles sobre el accidente que demuestren que no fue culpa suya.<\/p>\n<p>Un experimentado <a href=\"https:\/\/q9s.5f0.myftpupload.com\/\">abogado de lesiones personales de Houston<\/a> tambi\u00e9n puede aconsejarle sobre c\u00f3mo interactuar con las compa\u00f1\u00edas de seguros para evitar ser aprovechado. La desafortunada verdad es que los agentes de seguros suelen velar por los intereses de la compa\u00f1\u00eda, no por los de la v\u00edctima. Confiar en que la indemnizaci\u00f3n del seguro cubra sus gastos m\u00e9dicos y otros da\u00f1os puede no ser suficiente. La mejor manera de responsabilizar a las partes negligentes es contratando a un equipo legal con talento para defender sus intereses en un juicio.<\/p>\n<p>Por \u00faltimo, s\u00f3lo tiene sentido contratar a un abogado para ayudar con un asunto tan complicado como una lesi\u00f3n catastr\u00f3fica. El impacto de estas lesiones en su vida a veces no es evidente. En tales casos, el abogado debe aportar pruebas de que usted merece una indemnizaci\u00f3n total por sus p\u00e9rdidas. Tambi\u00e9n le conviene contratar a un representante legal que pueda llevar el peso de la carga legal, permiti\u00e9ndole descansar y recuperarse de sus lesiones. Si est\u00e1 sufriendo un accidente causado por la negligencia de otra persona, no dude en ponerse en contacto con nosotros y encontrar alivio.<\/p>\n<h2>\u00bfDeber\u00eda contratar a nuestros abogados de lesiones personales?<\/h2>\n<p>Nadie espera sufrir un accidente devastador que afecte a su vida cotidiana. Sin embargo, cuando se produce un suceso de este tipo, es esencial que un profesional del Derecho revise su caso para determinar si debe seguir adelante con una demanda. Muchas personas dudan en presentar una demanda porque creen que &#8220;no son ese tipo de personas&#8221;. Sin embargo, usted y su familia no se merec\u00edan estos gastos, y es justo que se haga justicia obteniendo la compensaci\u00f3n econ\u00f3mica que se le debe.<\/p>\n<p>Usted puede buscar justicia hoy contactando al talentoso equipo legal de The Shariff Law Firm, PLLC. Hemos ayudado a innumerables clientes como usted a recuperar una indemnizaci\u00f3n total por sus lesiones catastr\u00f3ficas. Estamos profundamente familiarizados con la ley de Texas y sabemos c\u00f3mo trabajar con las compa\u00f1\u00edas de seguros y los tribunales para obtener resultados positivos. Nos comprometemos a investigar cada detalle de su caso y a aportar pruebas de sus numerosos gastos para que recupere la cantidad total que se merece. Conf\u00ede en nuestra experiencia y conocimientos para obtener el resultado positivo que desea. Ll\u00e1menos hoy mismo al <a href=\"tel:+17138819739\">713-881-9739<\/a> para una consulta gratuita.<\/p>\n","protected":false},"excerpt":{"rendered":"<p>Abogados de lesiones catastr\u00f3ficas de Houston ayudan a los clientes a buscar justicia Las v\u00edctimas de accidentes graves suelen sufrir lesiones catastr\u00f3ficas que afectan su vida cotidiana durante a\u00f1os. Estos da\u00f1os afectan a sus funciones cotidianas y pueden impedirles trabajar o disfrutar de su vida. Algunos ejemplos de lesiones catastr\u00f3ficas son las amputaciones, desfiguraciones, lesiones [&hellip;]<\/p>\n","protected":false},"author":2,"featured_media":0,"parent":0,"menu_order":0,"comment_status":"closed","ping_status":"closed","template":"","meta":{"inline_featured_image":false,"_genesis_hide_title":false,"_genesis_hide_breadcrumbs":false,"_genesis_hide_singular_image":false,"_genesis_hide_footer_widgets":false,"_genesis_custom_body_class":"","_genesis_custom_post_class":"","_genesis_layout":"","footnotes":""},"class_list":{"0":"post-828","1":"page","2":"type-page","3":"status-publish","5":"entry"},"yoast_head":"<!-- This site is optimized with the Yoast SEO plugin v27.4 - https:\/\/yoast.com\/product\/yoast-seo-wordpress\/ -->\n<title>Abogados de Lesiones Catastr\u00f3ficas - Texas - The Shariff Law Firm, PLLC.<\/title>\n<meta name=\"description\" content=\"\u00bfHa sufrido usted o un ser querido lesiones catastr\u00f3ficas por negligencia o mala conducta de otra persona? Es posible que pueda percibir una indemnizaci\u00f3n econ\u00f3mica por los da\u00f1os sufridos, incluidos el dolor y el sufrimiento. P\u00f3ngase en contacto con The Shariff Law Firm, PLLC, para abogados con experiencia que pueden ayudarle a obtener la compensaci\u00f3n que se merece.\" \/>\n<meta name=\"robots\" content=\"noindex, follow, max-snippet:-1, max-image-preview:large, max-video-preview:-1\" \/>\n<meta property=\"og:locale\" content=\"es_ES\" \/>\n<meta property=\"og:type\" content=\"article\" \/>\n<meta property=\"og:title\" content=\"Abogados de Lesiones Catastr\u00f3ficas - Texas - The Shariff Law Firm, PLLC.\" \/>\n<meta property=\"og:description\" content=\"\u00bfHa sufrido usted o un ser querido lesiones catastr\u00f3ficas por negligencia o mala conducta de otra persona? Es posible que pueda percibir una indemnizaci\u00f3n econ\u00f3mica por los da\u00f1os sufridos, incluidos el dolor y el sufrimiento. P\u00f3ngase en contacto con The Shariff Law Firm, PLLC, para abogados con experiencia que pueden ayudarle a obtener la compensaci\u00f3n que se merece.\" \/>\n<meta property=\"og:url\" content=\"https:\/\/q9s.5f0.myftpupload.com\/es\/lesiones-catastroficas\/\" \/>\n<meta property=\"og:site_name\" content=\"The Shariff Law Firm, PLLC\" \/>\n<meta property=\"article:modified_time\" content=\"2023-11-02T22:47:29+00:00\" \/>\n<meta name=\"twitter:card\" content=\"summary_large_image\" \/>\n<meta name=\"twitter:label1\" content=\"Est. reading time\" \/>\n\t<meta name=\"twitter:data1\" content=\"10 minutes\" \/>\n<!-- \/ Yoast SEO plugin. -->","yoast_head_json":{"title":"Abogados de Lesiones Catastr\u00f3ficas - Texas - The Shariff Law Firm, PLLC.","description":"\u00bfHa sufrido usted o un ser querido lesiones catastr\u00f3ficas por negligencia o mala conducta de otra persona? Es posible que pueda percibir una indemnizaci\u00f3n econ\u00f3mica por los da\u00f1os sufridos, incluidos el dolor y el sufrimiento. P\u00f3ngase en contacto con The Shariff Law Firm, PLLC, para abogados con experiencia que pueden ayudarle a obtener la compensaci\u00f3n que se merece.","robots":{"index":"noindex","follow":"follow","max-snippet":"max-snippet:-1","max-image-preview":"max-image-preview:large","max-video-preview":"max-video-preview:-1"},"og_locale":"es_ES","og_type":"article","og_title":"Abogados de Lesiones Catastr\u00f3ficas - Texas - The Shariff Law Firm, PLLC.","og_description":"\u00bfHa sufrido usted o un ser querido lesiones catastr\u00f3ficas por negligencia o mala conducta de otra persona? Es posible que pueda percibir una indemnizaci\u00f3n econ\u00f3mica por los da\u00f1os sufridos, incluidos el dolor y el sufrimiento. P\u00f3ngase en contacto con The Shariff Law Firm, PLLC, para abogados con experiencia que pueden ayudarle a obtener la compensaci\u00f3n que se merece.","og_url":"https:\/\/q9s.5f0.myftpupload.com\/es\/lesiones-catastroficas\/","og_site_name":"The Shariff Law Firm, PLLC","article_modified_time":"2023-11-02T22:47:29+00:00","twitter_card":"summary_large_image","twitter_misc":{"Est. reading time":"10 minutes"},"schema":{"@context":"https:\/\/schema.org","@graph":[{"@type":"WebPage","@id":"https:\/\/q9s.5f0.myftpupload.com\/es\/lesiones-catastroficas\/","url":"https:\/\/q9s.5f0.myftpupload.com\/es\/lesiones-catastroficas\/","name":"Abogados de Lesiones Catastr\u00f3ficas - Texas - The Shariff Law Firm, PLLC.","isPartOf":{"@id":"https:\/\/q9s.5f0.myftpupload.com\/es\/#website"},"datePublished":"2023-01-11T12:06:39+00:00","dateModified":"2023-11-02T22:47:29+00:00","description":"\u00bfHa sufrido usted o un ser querido lesiones catastr\u00f3ficas por negligencia o mala conducta de otra persona? Es posible que pueda percibir una indemnizaci\u00f3n econ\u00f3mica por los da\u00f1os sufridos, incluidos el dolor y el sufrimiento. P\u00f3ngase en contacto con The Shariff Law Firm, PLLC, para abogados con experiencia que pueden ayudarle a obtener la compensaci\u00f3n que se merece.","breadcrumb":{"@id":"https:\/\/q9s.5f0.myftpupload.com\/es\/lesiones-catastroficas\/#breadcrumb"},"inLanguage":"es-ES","potentialAction":[{"@type":"ReadAction","target":["https:\/\/q9s.5f0.myftpupload.com\/es\/lesiones-catastroficas\/"]}]},{"@type":"BreadcrumbList","@id":"https:\/\/q9s.5f0.myftpupload.com\/es\/lesiones-catastroficas\/#breadcrumb","itemListElement":[{"@type":"ListItem","position":1,"name":"Home","item":"https:\/\/q9s.5f0.myftpupload.com\/es\/"},{"@type":"ListItem","position":2,"name":"Lesiones catastr\u00f3ficas"}]},{"@type":"WebSite","@id":"https:\/\/q9s.5f0.myftpupload.com\/es\/#website","url":"https:\/\/q9s.5f0.myftpupload.com\/es\/","name":"The Shariff Law Firm, PLLC","description":"","potentialAction":[{"@type":"SearchAction","target":{"@type":"EntryPoint","urlTemplate":"https:\/\/q9s.5f0.myftpupload.com\/es\/?s={search_term_string}"},"query-input":{"@type":"PropertyValueSpecification","valueRequired":true,"valueName":"search_term_string"}}],"inLanguage":"es-ES"}]}},"_links":{"self":[{"href":"https:\/\/q9s.5f0.myftpupload.com\/es\/wp-json\/wp\/v2\/pages\/828","targetHints":{"allow":["GET"]}}],"collection":[{"href":"https:\/\/q9s.5f0.myftpupload.com\/es\/wp-json\/wp\/v2\/pages"}],"about":[{"href":"https:\/\/q9s.5f0.myftpupload.com\/es\/wp-json\/wp\/v2\/types\/page"}],"author":[{"embeddable":true,"href":"https:\/\/q9s.5f0.myftpupload.com\/es\/wp-json\/wp\/v2\/users\/2"}],"replies":[{"embeddable":true,"href":"https:\/\/q9s.5f0.myftpupload.com\/es\/wp-json\/wp\/v2\/comments?post=828"}],"version-history":[{"count":0,"href":"https:\/\/q9s.5f0.myftpupload.com\/es\/wp-json\/wp\/v2\/pages\/828\/revisions"}],"wp:attachment":[{"href":"https:\/\/q9s.5f0.myftpupload.com\/es\/wp-json\/wp\/v2\/media?parent=828"}],"curies":[{"name":"wp","href":"https:\/\/api.w.org\/{rel}","templated":true}]}}