{"id":829,"date":"2023-01-11T14:13:06","date_gmt":"2023-01-11T14:13:06","guid":{"rendered":"https:\/\/q9s.5f0.myftpupload.com\/mapa-del-sitio\/"},"modified":"2024-07-30T16:17:52","modified_gmt":"2024-07-30T16:17:52","slug":"mapa-del-sitio","status":"publish","type":"page","link":"https:\/\/q9s.5f0.myftpupload.com\/es\/mapa-del-sitio\/","title":{"rendered":"Mapa del sitio"},"content":{"rendered":"<h1>Mapa del sitio<\/h1>\n<ul>\n<li id=\"menu-item-42\" class=\"menu-item menu-item-type-post_type menu-item-object-page menu-item-home current-menu-item page_item page-item-14 current_page_item menu-item-42\"><a href=\"https:\/\/q9s.5f0.myftpupload.com\/\" aria-current=\"page\">Inicio<\/a><\/li>\n<li id=\"menu-item-41\" class=\"menu-item menu-item-type-post_type menu-item-object-page menu-item-has-children menu-item-41\"><a class=\"\" href=\"https:\/\/q9s.5f0.myftpupload.com\/about-us\/\">Qui\u00e9nes somos<\/a>\n<ul class=\"sub-menu\">\n<li id=\"menu-item-96\" class=\"menu-item menu-item-type-post_type menu-item-object-page menu-item-has-children menu-item-96\"><a class=\"\" href=\"https:\/\/q9s.5f0.myftpupload.com\/our-team\/\">Nuestro equipo<\/a>\n<ul class=\"sub-menu\">\n<li id=\"menu-item-322\" class=\"menu-item menu-item-type-post_type menu-item-object-page menu-item-322\"><a href=\"https:\/\/q9s.5f0.myftpupload.com\/m-obaid-shariff-j-d\/\">M. Obaid Shariff, J.D.<\/a><\/li>\n<li id=\"menu-item-321\" class=\"menu-item menu-item-type-post_type menu-item-object-page menu-item-321\"><a href=\"https:\/\/q9s.5f0.myftpupload.com\/russell-ross-j-d-m-b-a\/\">Russell Ross, J.D., M.B.A.<\/a><\/li>\n<\/ul>\n<\/li>\n<\/ul>\n<\/li>\n<li id=\"menu-item-103\" class=\"menu-item menu-item-type-custom menu-item-object-custom menu-item-has-children menu-item-103\"><a class=\"\" href=\"#\">Nuestros servicios<\/a>\n<ul class=\"sub-menu\">\n<li id=\"menu-item-224\" class=\"menu-item menu-item-type-post_type menu-item-object-page menu-item-224\"><a href=\"https:\/\/q9s.5f0.myftpupload.com\/bicycle-accidents\/\">Accidentes de bicicleta<\/a><\/li>\n<li id=\"menu-item-225\" class=\"menu-item menu-item-type-post_type menu-item-object-page menu-item-225\"><a href=\"https:\/\/q9s.5f0.myftpupload.com\/bus-accident\/\">Accidentes de autob\u00fas<\/a><\/li>\n<li id=\"menu-item-226\" class=\"menu-item menu-item-type-post_type menu-item-object-page menu-item-226\"><a href=\"https:\/\/q9s.5f0.myftpupload.com\/business-dispute\/\">Disputa comercial<\/a><\/li>\n<li id=\"menu-item-227\" class=\"menu-item menu-item-type-post_type menu-item-object-page menu-item-227\"><a href=\"https:\/\/q9s.5f0.myftpupload.com\/car-accidents\/\">Accidentes de tr\u00e1fico<\/a><\/li>\n<li id=\"menu-item-228\" class=\"menu-item menu-item-type-post_type menu-item-object-page menu-item-228\"><a href=\"https:\/\/q9s.5f0.myftpupload.com\/catastrophic-injury\/\">Lesiones catastr\u00f3ficas<\/a><\/li>\n<li id=\"menu-item-229\" class=\"menu-item menu-item-type-post_type menu-item-object-page menu-item-229\"><a href=\"https:\/\/q9s.5f0.myftpupload.com\/head-on-collision\/\">Colisi\u00f3n frontal<\/a><\/li>\n<li id=\"menu-item-230\" class=\"menu-item menu-item-type-post_type menu-item-object-page menu-item-230\"><a href=\"https:\/\/q9s.5f0.myftpupload.com\/motorcycle-accidents\/\">Accidentes de moto<\/a><\/li>\n<li id=\"menu-item-231\" class=\"menu-item menu-item-type-post_type menu-item-object-page menu-item-231\"><a href=\"https:\/\/q9s.5f0.myftpupload.com\/pedestrian-accidents\/\">Accidentes de peatones<\/a><\/li>\n<li id=\"menu-item-232\" class=\"menu-item menu-item-type-post_type menu-item-object-page menu-item-232\"><a href=\"https:\/\/q9s.5f0.myftpupload.com\/rear-end-collision\/\">Colisi\u00f3n trasera<\/a><\/li>\n<li id=\"menu-item-233\" class=\"menu-item menu-item-type-post_type menu-item-object-page menu-item-233\"><a href=\"https:\/\/q9s.5f0.myftpupload.com\/rideshare-accidents\/\">Accidentes de tr\u00e1fico<\/a><\/li>\n<li id=\"menu-item-234\" class=\"menu-item menu-item-type-post_type menu-item-object-page menu-item-234\"><a href=\"https:\/\/q9s.5f0.myftpupload.com\/slip-and-fall\/\">Resbalones y ca\u00eddas<\/a><\/li>\n<li id=\"menu-item-235\" class=\"menu-item menu-item-type-post_type menu-item-object-page menu-item-235\"><a href=\"https:\/\/q9s.5f0.myftpupload.com\/truck-accidents\/\">Accidentes de camiones<\/a><\/li>\n<li id=\"menu-item-236\" class=\"menu-item menu-item-type-post_type menu-item-object-page menu-item-236\"><a href=\"https:\/\/q9s.5f0.myftpupload.com\/work-injury\/\">Lesiones laborales<\/a><\/li>\n<li id=\"menu-item-237\" class=\"menu-item menu-item-type-post_type menu-item-object-page menu-item-237\"><a href=\"https:\/\/q9s.5f0.myftpupload.com\/wrongful-death\/\">Muerte por negligencia<\/a><\/li>\n<\/ul>\n<\/li>\n<li id=\"menu-item-39\" class=\"menu-item menu-item-type-post_type menu-item-object-page menu-item-39\"><a href=\"https:\/\/q9s.5f0.myftpupload.com\/reviews\/\">Rese\u00f1as<\/a><\/li>\n<li id=\"menu-item-38\" class=\"menu-item menu-item-type-post_type menu-item-object-page menu-item-38\"><a href=\"https:\/\/q9s.5f0.myftpupload.com\/blog\/\">\u00daltimas noticias<\/a><\/li>\n<li id=\"menu-item-37\" class=\"menu-item menu-item-type-post_type menu-item-object-page menu-item-37\"><a href=\"https:\/\/q9s.5f0.myftpupload.com\/contact-us\/\">Contacte con nosotros<\/a><\/li>\n<\/ul>\n","protected":false},"excerpt":{"rendered":"<p>Mapa del sitio Inicio Qui\u00e9nes somos Nuestro equipo M. Obaid Shariff, J.D. Russell Ross, J.D., M.B.A. Nuestros servicios Accidentes de bicicleta Accidentes de autob\u00fas Disputa comercial Accidentes de tr\u00e1fico Lesiones catastr\u00f3ficas Colisi\u00f3n frontal Accidentes de moto Accidentes de peatones Colisi\u00f3n trasera Accidentes de tr\u00e1fico Resbalones y ca\u00eddas Accidentes de camiones Lesiones laborales Muerte por negligencia [&hellip;]<\/p>\n","protected":false},"author":2,"featured_media":0,"parent":0,"menu_order":0,"comment_status":"closed","ping_status":"closed","template":"","meta":{"inline_featured_image":false,"_genesis_hide_title":false,"_genesis_hide_breadcrumbs":false,"_genesis_hide_singular_image":false,"_genesis_hide_footer_widgets":false,"_genesis_custom_body_class":"","_genesis_custom_post_class":"","_genesis_layout":"","footnotes":""},"class_list":{"0":"post-829","1":"page","2":"type-page","3":"status-publish","5":"entry"},"yoast_head":"<!-- This site is optimized with the Yoast SEO plugin v27.4 - https:\/\/yoast.com\/product\/yoast-seo-wordpress\/ -->\n<title>Mapa del sitio | The Shariff Law Firm, PLLC. - Texas<\/title>\n<meta name=\"robots\" content=\"noindex, follow, max-snippet:-1, max-image-preview:large, max-video-preview:-1\" \/>\n<meta property=\"og:locale\" content=\"es_ES\" \/>\n<meta property=\"og:type\" content=\"article\" \/>\n<meta property=\"og:title\" content=\"Mapa del sitio | The Shariff Law Firm, PLLC. - Texas\" \/>\n<meta property=\"og:description\" content=\"Mapa del sitio Inicio Qui\u00e9nes somos Nuestro equipo M. Obaid Shariff, J.D. Russell Ross, J.D., M.B.A. Nuestros servicios Accidentes de bicicleta Accidentes de autob\u00fas Disputa comercial Accidentes de tr\u00e1fico Lesiones catastr\u00f3ficas Colisi\u00f3n frontal Accidentes de moto Accidentes de peatones Colisi\u00f3n trasera Accidentes de tr\u00e1fico Resbalones y ca\u00eddas Accidentes de camiones Lesiones laborales Muerte por negligencia [&hellip;]\" \/>\n<meta property=\"og:url\" content=\"https:\/\/q9s.5f0.myftpupload.com\/es\/mapa-del-sitio\/\" \/>\n<meta property=\"og:site_name\" content=\"The Shariff Law Firm, PLLC\" \/>\n<meta property=\"article:modified_time\" content=\"2024-07-30T16:17:52+00:00\" \/>\n<meta name=\"twitter:card\" content=\"summary_large_image\" \/>\n<meta name=\"twitter:label1\" content=\"Est. reading time\" \/>\n\t<meta name=\"twitter:data1\" content=\"1 minute\" \/>\n<!-- \/ Yoast SEO plugin. -->","yoast_head_json":{"title":"Mapa del sitio | The Shariff Law Firm, PLLC. - Texas","robots":{"index":"noindex","follow":"follow","max-snippet":"max-snippet:-1","max-image-preview":"max-image-preview:large","max-video-preview":"max-video-preview:-1"},"og_locale":"es_ES","og_type":"article","og_title":"Mapa del sitio | The Shariff Law Firm, PLLC. - Texas","og_description":"Mapa del sitio Inicio Qui\u00e9nes somos Nuestro equipo M. Obaid Shariff, J.D. Russell Ross, J.D., M.B.A. Nuestros servicios Accidentes de bicicleta Accidentes de autob\u00fas Disputa comercial Accidentes de tr\u00e1fico Lesiones catastr\u00f3ficas Colisi\u00f3n frontal Accidentes de moto Accidentes de peatones Colisi\u00f3n trasera Accidentes de tr\u00e1fico Resbalones y ca\u00eddas Accidentes de camiones Lesiones laborales Muerte por negligencia [&hellip;]","og_url":"https:\/\/q9s.5f0.myftpupload.com\/es\/mapa-del-sitio\/","og_site_name":"The Shariff Law Firm, PLLC","article_modified_time":"2024-07-30T16:17:52+00:00","twitter_card":"summary_large_image","twitter_misc":{"Est. reading time":"1 minute"},"schema":{"@context":"https:\/\/schema.org","@graph":[{"@type":"WebPage","@id":"https:\/\/q9s.5f0.myftpupload.com\/es\/mapa-del-sitio\/","url":"https:\/\/q9s.5f0.myftpupload.com\/es\/mapa-del-sitio\/","name":"Mapa del sitio | The Shariff Law Firm, PLLC. - Texas","isPartOf":{"@id":"https:\/\/q9s.5f0.myftpupload.com\/es\/#website"},"datePublished":"2023-01-11T14:13:06+00:00","dateModified":"2024-07-30T16:17:52+00:00","breadcrumb":{"@id":"https:\/\/q9s.5f0.myftpupload.com\/es\/mapa-del-sitio\/#breadcrumb"},"inLanguage":"es-ES","potentialAction":[{"@type":"ReadAction","target":["https:\/\/q9s.5f0.myftpupload.com\/es\/mapa-del-sitio\/"]}]},{"@type":"BreadcrumbList","@id":"https:\/\/q9s.5f0.myftpupload.com\/es\/mapa-del-sitio\/#breadcrumb","itemListElement":[{"@type":"ListItem","position":1,"name":"Home","item":"https:\/\/q9s.5f0.myftpupload.com\/es\/"},{"@type":"ListItem","position":2,"name":"Mapa del sitio"}]},{"@type":"WebSite","@id":"https:\/\/q9s.5f0.myftpupload.com\/es\/#website","url":"https:\/\/q9s.5f0.myftpupload.com\/es\/","name":"The Shariff Law Firm, PLLC","description":"","potentialAction":[{"@type":"SearchAction","target":{"@type":"EntryPoint","urlTemplate":"https:\/\/q9s.5f0.myftpupload.com\/es\/?s={search_term_string}"},"query-input":{"@type":"PropertyValueSpecification","valueRequired":true,"valueName":"search_term_string"}}],"inLanguage":"es-ES"}]}},"_links":{"self":[{"href":"https:\/\/q9s.5f0.myftpupload.com\/es\/wp-json\/wp\/v2\/pages\/829","targetHints":{"allow":["GET"]}}],"collection":[{"href":"https:\/\/q9s.5f0.myftpupload.com\/es\/wp-json\/wp\/v2\/pages"}],"about":[{"href":"https:\/\/q9s.5f0.myftpupload.com\/es\/wp-json\/wp\/v2\/types\/page"}],"author":[{"embeddable":true,"href":"https:\/\/q9s.5f0.myftpupload.com\/es\/wp-json\/wp\/v2\/users\/2"}],"replies":[{"embeddable":true,"href":"https:\/\/q9s.5f0.myftpupload.com\/es\/wp-json\/wp\/v2\/comments?post=829"}],"version-history":[{"count":0,"href":"https:\/\/q9s.5f0.myftpupload.com\/es\/wp-json\/wp\/v2\/pages\/829\/revisions"}],"wp:attachment":[{"href":"https:\/\/q9s.5f0.myftpupload.com\/es\/wp-json\/wp\/v2\/media?parent=829"}],"curies":[{"name":"wp","href":"https:\/\/api.w.org\/{rel}","templated":true}]}}