{"id":836,"date":"2023-01-11T12:09:17","date_gmt":"2023-01-11T12:09:17","guid":{"rendered":"https:\/\/q9s.5f0.myftpupload.com\/colision-frontal\/"},"modified":"2023-11-02T22:33:00","modified_gmt":"2023-11-02T22:33:00","slug":"colision-frontal","status":"publish","type":"page","link":"https:\/\/q9s.5f0.myftpupload.com\/es\/colision-frontal\/","title":{"rendered":"Colisi\u00f3n frontal"},"content":{"rendered":"<h1>Houston Colisi\u00f3n Frontal Abogados ayudar a los clientes a obtener una indemnizaci\u00f3n completa<\/h1>\n<p>Las colisiones frontales son algunos de los accidentes de tr\u00e1fico m\u00e1s graves. En un accidente frontal, chocan dos veh\u00edculos que van en direcciones opuestas. En estos casos, la fuerza del impacto es muy elevada, lo que provoca lesiones y da\u00f1os catastr\u00f3ficos. Estas colisiones tambi\u00e9n suelen ser mortales.<\/p>\n<p>Tanto si era usted conductor, pasajero del asiento delantero, otro pasajero o un ser querido de alguien afectado por un accidente frontal, puede que le cueste seguir adelante tras esta traum\u00e1tica experiencia. Desde el aumento de las facturas m\u00e9dicas hasta la p\u00e9rdida de ingresos por la incapacidad para trabajar, puede ser dif\u00edcil volver a la vida cotidiana despu\u00e9s de un accidente de transito tan grave. Muchas personas se preguntan si merece la pena interponer una demanda por su choque frontal. Sin embargo, en estos casos es esencial obtener una indemnizaci\u00f3n total conforme a la ley. Una demanda que prospere puede dar a su familia la ayuda financiera que necesita para seguir adelante con confianza.<\/p>\n<p>Cuando usted necesita asesoramiento legal o representaci\u00f3n para su caso de accidente de coche, usted puede buscar a The Shariff Law Firm, PLLC. Hemos ayudado a muchos clientes a recuperar da\u00f1os y perjuicios por reclamaciones de lesiones personales. Sabemos lo que se necesita para obtener resultados positivos en Houston y trabajaremos incansablemente para encontrar justicia para usted. P\u00f3ngase en contacto con nuestro equipo legal de talento hoy para ver c\u00f3mo podemos ayudarle al 713-881-9739.<\/p>\n<h2>\u00bfCu\u00e1les son las causas m\u00e1s comunes de las colisiones frontales?<\/h2>\n<p>La mayor\u00eda de los conductores comprenden que las colisiones frontales son peligrosas. Una colisi\u00f3n frontal se produce cuando un veh\u00edculo que cruza la l\u00ednea central o conduce en sentido contrario colisiona con el tr\u00e1fico que circula en sentido contrario. Sin embargo, estos accidentes siguen ocurriendo en las carreteras de Houston. Lamentablemente, muchos de estos accidentes podr\u00edan haberse evitado si el conductor culpable hubiera tenido m\u00e1s cuidado al volante.<\/p>\n<p><strong>Algunas causas comunes de colisiones frontales en Houston son:<\/strong><\/p>\n<ul>\n<li>Conducir bajo los efectos de las drogas o el alcohol<\/li>\n<li>Conducci\u00f3n distra\u00edda, como el uso del tel\u00e9fono m\u00f3vil<\/li>\n<li>Condiciones adversas, como carreteras heladas<\/li>\n<li>Exceso de velocidad<\/li>\n<li>Conducci\u00f3n temeraria, como carreras<\/li>\n<li>Fatiga del conductor<\/li>\n<li>Conducci\u00f3n en sentido contrario, por ejemplo, ir en direcci\u00f3n contraria en una calle de sentido \u00fanico o en una salida de autopista.<\/li>\n<li>No prestar atenci\u00f3n en zonas en obras o con un nuevo patr\u00f3n de tr\u00e1fico<\/li>\n<\/ul>\n<p>Sea cual sea el motivo de su accidente frontal, es posible que tenga motivos para interponer una demanda por lesiones personales. Si otro conductor provoc\u00f3 su accidente, la parte negligente debe responder de las consecuencias de sus actos. P\u00f3ngase en contacto con nuestro bufete de abogados inmediatamente si ha resultado herido o su ser querido ha fallecido en un choque frontal.<\/p>\n<h2>\u00bfQu\u00e9 lesiones suelen causar las colisiones frontales?<\/h2>\n<p>Cualquier accidente de tr\u00e1fico puede causar lesiones devastadoras, pero el impacto de las colisiones frontales suele provocar da\u00f1os catastr\u00f3ficos. Muchas v\u00edctimas de estos accidentes pierden la vida. Para los que sobreviven, las lesiones pueden tardar semanas o incluso meses en recuperarse, lo que se traduce en costosas facturas m\u00e9dicas y p\u00e9rdida de salarios.<\/p>\n<p><strong>Las siguientes son algunas de las lesiones mas comunes encontradas en v\u00edctimas de choques frontales en Houston:<\/strong><\/p>\n<ul>\n<li>Fracturas \u00f3seas<\/li>\n<li>Lesiones cerebrales traum\u00e1ticas (TBI), como las conmociones cerebrales<\/li>\n<li>Lesiones de tejidos blandos, como esguinces musculares y roturas ligamentosas<\/li>\n<li>Contusiones y cortes<\/li>\n<li>Quemaduras por incendio del motor o despliegue del airbag<\/li>\n<li>Lesiones de la m\u00e9dula espinal, como latigazo cervical o fractura vertebral<\/li>\n<li>Lesiones internas, incluidas heridas en \u00f3rganos principales<\/li>\n<\/ul>\n<p>Es importante se\u00f1alar que, si bien las lesiones f\u00edsicas de una colisi\u00f3n frontal pueden ser devastadoras, el trauma emocional puede ser igualmente dif\u00edcil de superar. Muchas v\u00edctimas de accidentes sufren ansiedad, depresi\u00f3n o trastorno de estr\u00e9s postraum\u00e1tico (TEPT), por lo que necesitan asesoramiento.<\/p>\n<p>Si usted o un ser querido sufre un accidente grave, como un choque frontal, no sienta que debe pasar por esta dif\u00edcil experiencia solo. P\u00f3ngase en contacto con nuestros abogados compasivos y capaces de inmediato. Un abogado especializado en colisiones frontales puede ayudarle a presentar una demanda por lesiones personales que le proporcione la ayuda econ\u00f3mica necesaria para que usted y su familia puedan seguir adelante con confianza. Llame hoy mismo para que descubrea lo que nuestros abogados expertos pueden hacer por usted.<\/p>\n<h2>\u00bfCu\u00e1nto puedo recuperar en da\u00f1os por mi colisi\u00f3n frontal?<\/h2>\n<p>En un caso exitoso de colisi\u00f3n frontal, la v\u00edctima recibe una indemnizaci\u00f3n por los gastos ocasionados por el choque. Llevar un control minucioso de sus gastos m\u00e9dicos, salarios perdidos y otras cargas financieras es sumamente importante. P\u00f3ngase en contacto con un representante legal de confianza inmediatamente para obtener m\u00e1s informaci\u00f3n sobre c\u00f3mo puede maximizar la compensaci\u00f3n que se le debe bajo la ley de Texas por su choque frontal.<\/p>\n<p><strong>Si usted es v\u00edctima de una colisi\u00f3n frontal, es posible que pueda cobrar da\u00f1os y perjuicios por:<\/strong><\/p>\n<ul>\n<li>Visitas al m\u00e9dico<\/li>\n<li>Gastos hospitalarios<\/li>\n<li>Intervenciones quir\u00fargicas<\/li>\n<li>Visitas de especialistas<\/li>\n<li>Equipamiento m\u00e9dico<\/li>\n<li>P\u00e9rdida de ingresos, sueldos, salarios<\/li>\n<li>Vacaciones perdidas<\/li>\n<li>Bonificaciones perdidas<\/li>\n<li>P\u00e9rdida de capacidad para obtener ingresos<\/li>\n<li>Dolor y sufrimiento<\/li>\n<li>Ansiedad<\/li>\n<li>Depresi\u00f3n<\/li>\n<li>Desfiguraci\u00f3n<\/li>\n<li>P\u00e9rdida de compa\u00f1\u00eda<\/li>\n<li>Trauma emocional<\/li>\n<li>Da\u00f1os punitivos, si la parte culpable infringi\u00f3 la ley, como conducir ebria.<\/li>\n<\/ul>\n<p>P\u00f3ngase en contacto con nuestro bufete de abogados de inmediato para discutir los detalles de su caso y ver c\u00f3mo podemos ayudarle a obtener una compensaci\u00f3n total por las lesiones de su choque frontal.<\/p>\n<h2>\u00bfQu\u00e9 debo hacer si he sufrido una colisi\u00f3n frontal?<\/h2>\n<p>Si has sufrido una colisi\u00f3n frontal, lo primero que debes hacer es ponerte a salvo y recibir tratamiento m\u00e9dico. Aunque no crea que est\u00e1 lesionado, debe ser examinado por un profesional m\u00e9dico de confianza para evitar las devastadoras consecuencias de una herida no tratada que podr\u00eda pasar desapercibida en un primer momento. Debe documentar el lugar del accidente haciendo fotos o v\u00eddeos del mismo. Tambi\u00e9n debes recabar los datos de contacto del otro conductor y de los testigos que hayan visto el accidente.<\/p>\n<p>Otra cosa fundamental que hay que hacer tras un accidente de coche es informar del accidente a las autoridades. Los agentes de la ley presentar\u00e1n un informe que puede ser crucial para cualquier demanda que desee interponer contra la parte culpable. Recuerde que incluso las personas que parecen cooperativas y amistosas en el lugar del accidente pueden convertirse en adversarios ac\u00e9rrimos en el tribunal. Contar con pruebas de los agentes de polic\u00eda es esencial en estos casos. Ponerse en contacto con un abogado especializado en lesiones personales es otro paso fundamental para protegerse y obtener la indemnizaci\u00f3n que le corresponde por ley.<\/p>\n<h2>\u00bfDeber\u00eda contratar a nuestros abogados de colisiones frontales?<\/h2>\n<p>Si usted o un miembro de su familia ha sufrido una lesi\u00f3n grave a causa de un accidente frontal, tiene nuestro m\u00e1s sentido p\u00e9same. Sabemos que ninguna cantidad de dinero puede revertir los da\u00f1os del accidente ni devolverle a su ser querido. Sin embargo, creemos que todas las v\u00edctimas merecen una indemnizaci\u00f3n por los gastos que les ha ocasionado la negligencia o la mala conducta de otra persona.<\/p>\n<p>En <a href=\"https:\/\/q9s.5f0.myftpupload.com\/\">The Shariff Law Firm, PLLC<\/a>, nos comprometemos a luchar incansablemente por sus mejores intereses a lo largo de su caso de colisi\u00f3n frontal. Investigaremos los detalles del accidente para encontrar pruebas que demuestren que usted merece el total de los da\u00f1os que se le deben. P\u00f3ngase en contacto con nosotros de inmediato para una consulta gratuita con nuestros <a href=\"https:\/\/www.google.com\/maps?cid=3735074471423390345\">abogados expertos<\/a>. Puede ponerse en contacto con nosotros en el <a href=\"tel:+17138819739\">713-881-9739.<\/a> Llame hoy mismo.<\/p>\n","protected":false},"excerpt":{"rendered":"<p>Houston Colisi\u00f3n Frontal Abogados ayudar a los clientes a obtener una indemnizaci\u00f3n completa Las colisiones frontales son algunos de los accidentes de tr\u00e1fico m\u00e1s graves. En un accidente frontal, chocan dos veh\u00edculos que van en direcciones opuestas. En estos casos, la fuerza del impacto es muy elevada, lo que provoca lesiones y da\u00f1os catastr\u00f3ficos. Estas [&hellip;]<\/p>\n","protected":false},"author":2,"featured_media":0,"parent":0,"menu_order":0,"comment_status":"closed","ping_status":"closed","template":"","meta":{"inline_featured_image":false,"_genesis_hide_title":false,"_genesis_hide_breadcrumbs":false,"_genesis_hide_singular_image":false,"_genesis_hide_footer_widgets":false,"_genesis_custom_body_class":"","_genesis_custom_post_class":"","_genesis_layout":"","footnotes":""},"class_list":{"0":"post-836","1":"page","2":"type-page","3":"status-publish","5":"entry"},"yoast_head":"<!-- This site is optimized with the Yoast SEO plugin v27.4 - https:\/\/yoast.com\/product\/yoast-seo-wordpress\/ -->\n<title>Head On Collision Abogados - Texas - The Shariff Law Firm, PLLC.<\/title>\n<meta name=\"description\" content=\"\u00bfSufri\u00f3 lesiones o la p\u00e9rdida de un ser querido a causa de un choque frontal? Puede optar a una indemnizaci\u00f3n. P\u00f3ngase en contacto con The Shariff Law Firm, PLLC, hoy para obtener m\u00e1s informaci\u00f3n sobre c\u00f3mo nuestros experimentados abogados pueden ayudarle a buscar justicia.\" \/>\n<meta name=\"robots\" content=\"noindex, follow, max-snippet:-1, max-image-preview:large, max-video-preview:-1\" \/>\n<meta property=\"og:locale\" content=\"es_ES\" \/>\n<meta property=\"og:type\" content=\"article\" \/>\n<meta property=\"og:title\" content=\"Head On Collision Abogados - Texas - The Shariff Law Firm, PLLC.\" \/>\n<meta property=\"og:description\" content=\"\u00bfSufri\u00f3 lesiones o la p\u00e9rdida de un ser querido a causa de un choque frontal? Puede optar a una indemnizaci\u00f3n. P\u00f3ngase en contacto con The Shariff Law Firm, PLLC, hoy para obtener m\u00e1s informaci\u00f3n sobre c\u00f3mo nuestros experimentados abogados pueden ayudarle a buscar justicia.\" \/>\n<meta property=\"og:url\" content=\"https:\/\/q9s.5f0.myftpupload.com\/es\/colision-frontal\/\" \/>\n<meta property=\"og:site_name\" content=\"The Shariff Law Firm, PLLC\" \/>\n<meta property=\"article:modified_time\" content=\"2023-11-02T22:33:00+00:00\" \/>\n<meta name=\"twitter:card\" content=\"summary_large_image\" \/>\n<meta name=\"twitter:label1\" content=\"Est. reading time\" \/>\n\t<meta name=\"twitter:data1\" content=\"7 minutes\" \/>\n<!-- \/ Yoast SEO plugin. -->","yoast_head_json":{"title":"Head On Collision Abogados - Texas - The Shariff Law Firm, PLLC.","description":"\u00bfSufri\u00f3 lesiones o la p\u00e9rdida de un ser querido a causa de un choque frontal? Puede optar a una indemnizaci\u00f3n. P\u00f3ngase en contacto con The Shariff Law Firm, PLLC, hoy para obtener m\u00e1s informaci\u00f3n sobre c\u00f3mo nuestros experimentados abogados pueden ayudarle a buscar justicia.","robots":{"index":"noindex","follow":"follow","max-snippet":"max-snippet:-1","max-image-preview":"max-image-preview:large","max-video-preview":"max-video-preview:-1"},"og_locale":"es_ES","og_type":"article","og_title":"Head On Collision Abogados - Texas - The Shariff Law Firm, PLLC.","og_description":"\u00bfSufri\u00f3 lesiones o la p\u00e9rdida de un ser querido a causa de un choque frontal? Puede optar a una indemnizaci\u00f3n. P\u00f3ngase en contacto con The Shariff Law Firm, PLLC, hoy para obtener m\u00e1s informaci\u00f3n sobre c\u00f3mo nuestros experimentados abogados pueden ayudarle a buscar justicia.","og_url":"https:\/\/q9s.5f0.myftpupload.com\/es\/colision-frontal\/","og_site_name":"The Shariff Law Firm, PLLC","article_modified_time":"2023-11-02T22:33:00+00:00","twitter_card":"summary_large_image","twitter_misc":{"Est. reading time":"7 minutes"},"schema":{"@context":"https:\/\/schema.org","@graph":[{"@type":"WebPage","@id":"https:\/\/q9s.5f0.myftpupload.com\/es\/colision-frontal\/","url":"https:\/\/q9s.5f0.myftpupload.com\/es\/colision-frontal\/","name":"Head On Collision Abogados - Texas - The Shariff Law Firm, PLLC.","isPartOf":{"@id":"https:\/\/q9s.5f0.myftpupload.com\/es\/#website"},"datePublished":"2023-01-11T12:09:17+00:00","dateModified":"2023-11-02T22:33:00+00:00","description":"\u00bfSufri\u00f3 lesiones o la p\u00e9rdida de un ser querido a causa de un choque frontal? Puede optar a una indemnizaci\u00f3n. P\u00f3ngase en contacto con The Shariff Law Firm, PLLC, hoy para obtener m\u00e1s informaci\u00f3n sobre c\u00f3mo nuestros experimentados abogados pueden ayudarle a buscar justicia.","breadcrumb":{"@id":"https:\/\/q9s.5f0.myftpupload.com\/es\/colision-frontal\/#breadcrumb"},"inLanguage":"es-ES","potentialAction":[{"@type":"ReadAction","target":["https:\/\/q9s.5f0.myftpupload.com\/es\/colision-frontal\/"]}]},{"@type":"BreadcrumbList","@id":"https:\/\/q9s.5f0.myftpupload.com\/es\/colision-frontal\/#breadcrumb","itemListElement":[{"@type":"ListItem","position":1,"name":"Home","item":"https:\/\/q9s.5f0.myftpupload.com\/es\/"},{"@type":"ListItem","position":2,"name":"Colisi\u00f3n frontal"}]},{"@type":"WebSite","@id":"https:\/\/q9s.5f0.myftpupload.com\/es\/#website","url":"https:\/\/q9s.5f0.myftpupload.com\/es\/","name":"The Shariff Law Firm, PLLC","description":"","potentialAction":[{"@type":"SearchAction","target":{"@type":"EntryPoint","urlTemplate":"https:\/\/q9s.5f0.myftpupload.com\/es\/?s={search_term_string}"},"query-input":{"@type":"PropertyValueSpecification","valueRequired":true,"valueName":"search_term_string"}}],"inLanguage":"es-ES"}]}},"_links":{"self":[{"href":"https:\/\/q9s.5f0.myftpupload.com\/es\/wp-json\/wp\/v2\/pages\/836","targetHints":{"allow":["GET"]}}],"collection":[{"href":"https:\/\/q9s.5f0.myftpupload.com\/es\/wp-json\/wp\/v2\/pages"}],"about":[{"href":"https:\/\/q9s.5f0.myftpupload.com\/es\/wp-json\/wp\/v2\/types\/page"}],"author":[{"embeddable":true,"href":"https:\/\/q9s.5f0.myftpupload.com\/es\/wp-json\/wp\/v2\/users\/2"}],"replies":[{"embeddable":true,"href":"https:\/\/q9s.5f0.myftpupload.com\/es\/wp-json\/wp\/v2\/comments?post=836"}],"version-history":[{"count":0,"href":"https:\/\/q9s.5f0.myftpupload.com\/es\/wp-json\/wp\/v2\/pages\/836\/revisions"}],"wp:attachment":[{"href":"https:\/\/q9s.5f0.myftpupload.com\/es\/wp-json\/wp\/v2\/media?parent=836"}],"curies":[{"name":"wp","href":"https:\/\/api.w.org\/{rel}","templated":true}]}}