{"id":837,"date":"2023-01-11T12:55:46","date_gmt":"2023-01-11T12:55:46","guid":{"rendered":"https:\/\/q9s.5f0.myftpupload.com\/accidentes-de-trafico-2\/"},"modified":"2023-10-24T01:12:22","modified_gmt":"2023-10-24T01:12:22","slug":"accidentes-de-trafico-2","status":"publish","type":"page","link":"https:\/\/q9s.5f0.myftpupload.com\/es\/accidentes-de-trafico-2\/","title":{"rendered":"Accidentes de tr\u00e1fico"},"content":{"rendered":"<h1>Rideshare Accidentes Abogados Proporcionar atenci\u00f3n jur\u00eddica de recursos a las v\u00edctimas lesionadas en Houston, Texas<\/h1>\n<p>Aparte de la conducci\u00f3n bajo los efectos del alcohol, algunas de las causas m\u00e1s comunes de accidentes de tr\u00e1fico en nuestras carreteras hoy en d\u00eda son la distracci\u00f3n y la fatiga del conductor. Por eso es lamentable que, durante el auge de Uber y Lyft, muchos de nosotros no reconozcamos que los conductores de veh\u00edculos compartidos suelen ser v\u00edctimas de ambos por su propia naturaleza. Casi todos los conductores de Lyft o Uber tienen otro trabajo y se apuntan a una empresa de transporte compartido para ganar unos d\u00f3lares extra. As\u00ed pues, es l\u00f3gico que muchos conductores de Uber o Lyft est\u00e9n a menudo cansados, quiz\u00e1 incluso agotados, cuando aparcan en la acera para recoger a un nuevo pasajero. Del mismo modo, un conductor de Uber o Lyft debe utilizar su tel\u00e9fono y su dispositivo GPS para llegar a los puntos de recogida y entrega previstos, por lo que su atenci\u00f3n se divide con frecuencia entre la carretera y una o dos pantallas digitales. Esta combinaci\u00f3n hace que el conductor est\u00e9 distra\u00eddo y agotado, lo que provoca h\u00e1bitos de conducci\u00f3n peligrosos y accidentes evitables.<\/p>\n<p>Si usted era un pasajero en un veh\u00edculo de viaje compartido que result\u00f3 herido, el conductor de otro coche golpeado por un veh\u00edculo de viaje compartido, o el conductor del veh\u00edculo de viaje compartido a ti mismo, tienes derechos legales que deben ser defendidos agresivamente.<\/p>\n<p>Un accidente de Uber o Lyft es diferente de otros accidentes automovil\u00edsticos civiles. Ni siquiera es lo mismo que un accidente de taxi o autob\u00fas. Uber y Lyft no son propietarios de los coches que utilizan sus conductores para recoger a los clientes. Ni siquiera consideran al conductor como un empleado, sino como un contratista independiente. Y aunque las empresas de viajes compartidos ofrecen cobertura de responsabilidad civil, esta p\u00f3liza de seguros suele ser m\u00ednima e interesada. Dependiendo de las particularidades del accidente, el seguro de viaje compartido puede cubrir todos o la mayor\u00eda de los gastos m\u00e9dicos. Aun as\u00ed, es posible que no cubran nada, dejando la liquidaci\u00f3n a cargo del conductor.<\/p>\n<p>Si has recibido una peque\u00f1a oferta de liquidaci\u00f3n del proveedor de seguros de la empresa de transporte compartido o si han denegado totalmente tus reclamaciones, debes comprender que no tienes por qu\u00e9 aceptar sin m\u00e1s este resultado. Un abogado de lesiones personales puede ayudarle a presentar una demanda por accidente de Uber o Lyft para recuperar la m\u00e1xima compensaci\u00f3n por sus lesiones, salarios perdidos y da\u00f1os a la propiedad.<\/p>\n<p>En Houston Shariff Law Firm, PLLC, nuestro equipo legal tiene experiencia en el manejo de casos complejos de accidentes de viaje compartido. Aunque no hay dos casos iguales, podemos ofrecerle el alto nivel de atenci\u00f3n jur\u00eddica necesaria para ayudarle a obtener un resultado satisfactorio para su caso.<\/p>\n<p>Por favor, p\u00f3ngase en contacto con nuestras oficinas en cualquier momento para programar su consulta inicial gratuita con un <a href=\"https:\/\/www.google.com\/maps?cid=3735074471423390345\">abogado de accidente de Lyft \/ Uber<\/a> llamando al (713) 881-9739.<\/p>\n<h2>\u00bfQu\u00e9 tipos de Ridesharing casos de accidentes de coche hace nuestra firma de abogados representan?<\/h2>\n<p><a href=\"https:\/\/q9s.5f0.myftpupload.com\/\">El Shariff Law Firm, PLLC<\/a> est\u00e1 bien versado en el manejo de varios tipos de casos de accidentes automovil\u00edsticos para las v\u00edctimas lesionadas en Houston. En lo que respecta a los accidentes de transporte compartido, proporcionamos representaci\u00f3n legal a una serie de diferentes tipos de clientes y casos.<\/p>\n<p>Si usted era el pasajero de un veh\u00edculo Uber o Lyft en el momento de un accidente, podr\u00edamos proporcionarle servicios legales. Estos accidentes suelen ser consecuencia de la negligencia de un conductor. Tanto si se trata del conductor de su veh\u00edculo compartido como del conductor de otro veh\u00edculo en la carretera, depende de los hechos concretos relacionados con su caso.<\/p>\n<p>Si usted era el conductor o pasajero de otro veh\u00edculo que fue golpeado por un veh\u00edculo de viaje compartido, tambi\u00e9n podr\u00edamos proporcionarle representaci\u00f3n legal. Lo mismo ocurre si usted es un peat\u00f3n o un ciclista atropellado por un conductor de veh\u00edculo compartido. Siempre que el accidente haya sido causado por un conductor negligente que conduc\u00eda otro veh\u00edculo, usted deber\u00eda poder recuperarse econ\u00f3micamente con una demanda por lesiones personales bien elaborada.<\/p>\n<p>Si usted era el conductor de un veh\u00edculo Uber o Lyft, tambi\u00e9n podr\u00edamos proporcionarle representaci\u00f3n legal. Es injusto que Lyft y Uber a veces dejan a sus conductores a su suerte despu\u00e9s de un accidente, y nos gustar\u00eda dar un paso adelante para defender sus derechos.<\/p>\n<p><strong>Como todos los accidentes automovil\u00edsticos, un accidente de coche compartido puede estar causado por cualquiera de las siguientes causas:<\/strong><\/p>\n<ul>\n<li>Alcohol.<\/li>\n<li>Condiciones meteorol\u00f3gicas peligrosas.<\/li>\n<li>Equipos defectuosos.<\/li>\n<li>Distracci\u00f3n.<\/li>\n<li>Error de controlador.<\/li>\n<li>Fatiga del conductor.<\/li>\n<li>Drogas.<\/li>\n<li>Falta de atenci\u00f3n.<\/li>\n<li>Mantenimiento deficiente.<\/li>\n<li>Carreteras en mal estado.<\/li>\n<li>Saltarse sem\u00e1foros en rojo.<\/li>\n<li>Exceso de velocidad.<\/li>\n<\/ul>\n<h2>\u00bfQui\u00e9n paga las facturas m\u00e9dicas de sus lesiones por accidente de coche compartido?<\/h2>\n<p>\u00bfQui\u00e9n paga los errores de un conductor de Uber? \u00bfQui\u00e9n paga la factura de la desgracia de un contratista de Lyft? \u00bfQui\u00e9n tiene la culpa de las pr\u00e1cticas de una empresa de viajes compartidos? Depende.<\/p>\n<p>Aunque Uber, Lyft y otras empresas de este tipo realizan comprobaciones de los antecedentes de sus conductores, siguen cometiendo errores y a veces contratan a hombres peligrosos o a malos conductores. Del mismo modo, aunque todos los conductores deben tener carn\u00e9 de conducir, no est\u00e1n obligados a obtener el carn\u00e9 de conducir comercial o CDL. Tampoco es prudente suponer que el seguro de una empresa de viajes compartidos siempre te cubrir\u00e1 si resultas herido en un accidente en el que est\u00e9 implicado uno de sus conductores. Lamentablemente, no siempre es as\u00ed.<\/p>\n<p>Si te ha lesionado un conductor de coche compartido en servicio, su empresa debe cubrir parte de las facturas m\u00e9dicas asociadas a tu lesi\u00f3n. Sin embargo, si hay alguna duda sobre qui\u00e9n era el responsable, puede que no lo sea. En cualquier caso, es aconsejable consultar a un abogado con experiencia Lyft \/ Uber accidente de asistencia.<\/p>\n<h2>\u00bfQu\u00e9 tipo de cobertura de seguro ofrece Lyft o Uber a sus conductores?<\/h2>\n<p>En los casos en que el seguro primario haya agotado su cobertura para un accidente espec\u00edfico y denegado las reclamaciones en busca de asistencia adicional, un conductor de Uber o Lyft puede recurrir a la cobertura secundaria proporcionada por las empresas. El conductor no cobra dos veces por el mismo accidente, sino que permite que la p\u00f3liza secundaria cubra los gastos restantes no cubiertos por la p\u00f3liza principal. Uber y Lyft proporcionar\u00e1n cobertura a sus conductores en caso de que sus conductores sean culpables de lesionar a otra persona.<\/p>\n<p>La cantidad de dinero que las compa\u00f1\u00edas proporcionar\u00e1n o no en cobertura de responsabilidad civil depende de si hab\u00eda un pasajero en el coche en el momento de la colisi\u00f3n, si estaban en ruta para recoger a un pasajero, si estaban entre pasajeros y si estaban conduciendo su veh\u00edculo fuera de horario en tiempo personal.<\/p>\n<h2>\u00bfQu\u00e9 pasar\u00eda si sufriera un accidente con un conductor de coche compartido &#8220;fuera de servicio&#8221;?<\/h2>\n<p>En el caso de que hayas sido lesionado por un conductor de Uber o Lyft que estaba fuera de servicio y operaba su veh\u00edculo como medio de transporte personal, la empresa de viajes compartidos no es responsable de proporcionar una compensaci\u00f3n por tus lesiones. Como el conductor es considerado un contratista independiente y no un empleado, puede conducir su coche en su tiempo libre sin supervisi\u00f3n ni cobertura de Uber o Lyft.<\/p>\n<p>En tales casos, usted perseguir\u00eda la compensaci\u00f3n de las partes culpables de la misma manera que lo har\u00eda en cualquier otro accidente de coche, sin la preocupaci\u00f3n adicional de la participaci\u00f3n de Lyft o Uber en el caso.<\/p>\n<h2>\u00bfNecesita un abogado de accidentes de coche para presentar una demanda contra una empresa de viajes compartidos?<\/h2>\n<p>Usted puede perseguir una demanda sin la ayuda de un abogado de accidentes de Uber o Lyft. Sin embargo, debemos desaconsejarlo. Estas empresas disponen de amplios recursos y utilizar\u00e1n una defensa jur\u00eddica agresiva para proteger sus resultados y su reputaci\u00f3n.<\/p>\n<p>Se recomienda encarecidamente a las v\u00edctimas de accidentes con Uber y Lyft que contraten a representantes legales profesionales para supervisar sus casos de principio a fin.<\/p>\n<h2>\u00bfQu\u00e9 tipos de da\u00f1os y perjuicios podr\u00eda recuperar como indemnizaci\u00f3n por su accidente de transporte compartido?<\/h2>\n<p>Con un caso bien elaborado, su abogado de accidentes de Uber\/Lyft puede ayudarle a obtener da\u00f1os que van mucho m\u00e1s all\u00e1 de la m\u00edsera indemnizaci\u00f3n que las empresas de transporte compartido ofrecieron inicialmente.<\/p>\n<p><strong>Los da\u00f1os econ\u00f3micos que puede recuperar incluyen:<\/strong><\/p>\n<ul>\n<li>Salarios perdidos.<\/li>\n<li>Gastos m\u00e9dicos.<\/li>\n<li>Fisioterapia.<\/li>\n<li>Da\u00f1os materiales.<\/li>\n<li>Muerte por negligencia.<\/li>\n<\/ul>\n<p><strong>Los da\u00f1os no econ\u00f3micos que puede recuperar incluyen:<\/strong><\/p>\n<ul>\n<li>Angustia emocional.<\/li>\n<li>Compa\u00f1erismo perdido.<\/li>\n<li>Consorcio perdido.<\/li>\n<li>P\u00e9rdida de calidad de vida.<\/li>\n<li>Dolor y sufrimiento.<\/li>\n<\/ul>\n<h2>Programe hoy mismo una consulta gratuita con un abogado experto en accidentes de transporte compartido<\/h2>\n<p>Es importante entender que un accidente de coche compartido es diferente de cualquier otro accidente de coche. Las grandes empresas, las complicadas p\u00f3lizas de seguro y los contratistas independientes sobrecargados de trabajo est\u00e1n en el centro de casi todos los accidentes de Uber y Lyft. Para la ayuda en traer una demanda acertada y recuperar la remuneraci\u00f3n para sus lesiones, considere por favor el contratar de los abogados experimentados de los da\u00f1os corporales en el bufete de abogados de Shariff de Houston, PLLC. Programe una evaluaci\u00f3n gratuita de su caso llam\u00e1ndonos al <a href=\"tel:+17138819739\">(713) 881-9739.<\/a> Esperamos con inter\u00e9s escuchar de usted.<\/p>\n","protected":false},"excerpt":{"rendered":"<p>Rideshare Accidentes Abogados Proporcionar atenci\u00f3n jur\u00eddica de recursos a las v\u00edctimas lesionadas en Houston, Texas Aparte de la conducci\u00f3n bajo los efectos del alcohol, algunas de las causas m\u00e1s comunes de accidentes de tr\u00e1fico en nuestras carreteras hoy en d\u00eda son la distracci\u00f3n y la fatiga del conductor. Por eso es lamentable que, durante el [&hellip;]<\/p>\n","protected":false},"author":2,"featured_media":0,"parent":0,"menu_order":0,"comment_status":"closed","ping_status":"closed","template":"","meta":{"inline_featured_image":false,"_genesis_hide_title":false,"_genesis_hide_breadcrumbs":false,"_genesis_hide_singular_image":false,"_genesis_hide_footer_widgets":false,"_genesis_custom_body_class":"","_genesis_custom_post_class":"","_genesis_layout":"","footnotes":""},"class_list":{"0":"post-837","1":"page","2":"type-page","3":"status-publish","5":"entry"},"yoast_head":"<!-- This site is optimized with the Yoast SEO plugin v27.4 - https:\/\/yoast.com\/product\/yoast-seo-wordpress\/ -->\n<title>Abogados de Accidente de Rideshare en Houston, Texas | The Shariff Law Firm, PLLC.<\/title>\n<meta name=\"description\" content=\"\u00bfHa sufrido lesiones graves en un accidente de coche compartido? Las empresas como Uber y Lyft est\u00e1n en su propio beneficio y pagar\u00e1n lo m\u00ednimo por su reclamaci\u00f3n de da\u00f1os personales. Programe una consulta gratuita con un bufete de abogados de lesiones personales con sede en Houston para obtener asesoramiento legal sobre c\u00f3mo llegar a un acuerdo justo para su dolor y sufrimiento.\" \/>\n<meta name=\"robots\" content=\"noindex, follow, max-snippet:-1, max-image-preview:large, max-video-preview:-1\" \/>\n<meta property=\"og:locale\" content=\"es_ES\" \/>\n<meta property=\"og:type\" content=\"article\" \/>\n<meta property=\"og:title\" content=\"Abogados de Accidente de Rideshare en Houston, Texas | The Shariff Law Firm, PLLC.\" \/>\n<meta property=\"og:description\" content=\"\u00bfHa sufrido lesiones graves en un accidente de coche compartido? Las empresas como Uber y Lyft est\u00e1n en su propio beneficio y pagar\u00e1n lo m\u00ednimo por su reclamaci\u00f3n de da\u00f1os personales. Programe una consulta gratuita con un bufete de abogados de lesiones personales con sede en Houston para obtener asesoramiento legal sobre c\u00f3mo llegar a un acuerdo justo para su dolor y sufrimiento.\" \/>\n<meta property=\"og:url\" content=\"https:\/\/q9s.5f0.myftpupload.com\/es\/accidentes-de-trafico-2\/\" \/>\n<meta property=\"og:site_name\" content=\"The Shariff Law Firm, PLLC\" \/>\n<meta property=\"article:modified_time\" content=\"2023-10-24T01:12:22+00:00\" \/>\n<meta name=\"twitter:card\" content=\"summary_large_image\" \/>\n<meta name=\"twitter:label1\" content=\"Est. reading time\" \/>\n\t<meta name=\"twitter:data1\" content=\"8 minutes\" \/>\n<!-- \/ Yoast SEO plugin. -->","yoast_head_json":{"title":"Abogados de Accidente de Rideshare en Houston, Texas | The Shariff Law Firm, PLLC.","description":"\u00bfHa sufrido lesiones graves en un accidente de coche compartido? Las empresas como Uber y Lyft est\u00e1n en su propio beneficio y pagar\u00e1n lo m\u00ednimo por su reclamaci\u00f3n de da\u00f1os personales. Programe una consulta gratuita con un bufete de abogados de lesiones personales con sede en Houston para obtener asesoramiento legal sobre c\u00f3mo llegar a un acuerdo justo para su dolor y sufrimiento.","robots":{"index":"noindex","follow":"follow","max-snippet":"max-snippet:-1","max-image-preview":"max-image-preview:large","max-video-preview":"max-video-preview:-1"},"og_locale":"es_ES","og_type":"article","og_title":"Abogados de Accidente de Rideshare en Houston, Texas | The Shariff Law Firm, PLLC.","og_description":"\u00bfHa sufrido lesiones graves en un accidente de coche compartido? Las empresas como Uber y Lyft est\u00e1n en su propio beneficio y pagar\u00e1n lo m\u00ednimo por su reclamaci\u00f3n de da\u00f1os personales. Programe una consulta gratuita con un bufete de abogados de lesiones personales con sede en Houston para obtener asesoramiento legal sobre c\u00f3mo llegar a un acuerdo justo para su dolor y sufrimiento.","og_url":"https:\/\/q9s.5f0.myftpupload.com\/es\/accidentes-de-trafico-2\/","og_site_name":"The Shariff Law Firm, PLLC","article_modified_time":"2023-10-24T01:12:22+00:00","twitter_card":"summary_large_image","twitter_misc":{"Est. reading time":"8 minutes"},"schema":{"@context":"https:\/\/schema.org","@graph":[{"@type":"WebPage","@id":"https:\/\/q9s.5f0.myftpupload.com\/es\/accidentes-de-trafico-2\/","url":"https:\/\/q9s.5f0.myftpupload.com\/es\/accidentes-de-trafico-2\/","name":"Abogados de Accidente de Rideshare en Houston, Texas | The Shariff Law Firm, PLLC.","isPartOf":{"@id":"https:\/\/q9s.5f0.myftpupload.com\/es\/#website"},"datePublished":"2023-01-11T12:55:46+00:00","dateModified":"2023-10-24T01:12:22+00:00","description":"\u00bfHa sufrido lesiones graves en un accidente de coche compartido? Las empresas como Uber y Lyft est\u00e1n en su propio beneficio y pagar\u00e1n lo m\u00ednimo por su reclamaci\u00f3n de da\u00f1os personales. Programe una consulta gratuita con un bufete de abogados de lesiones personales con sede en Houston para obtener asesoramiento legal sobre c\u00f3mo llegar a un acuerdo justo para su dolor y sufrimiento.","breadcrumb":{"@id":"https:\/\/q9s.5f0.myftpupload.com\/es\/accidentes-de-trafico-2\/#breadcrumb"},"inLanguage":"es-ES","potentialAction":[{"@type":"ReadAction","target":["https:\/\/q9s.5f0.myftpupload.com\/es\/accidentes-de-trafico-2\/"]}]},{"@type":"BreadcrumbList","@id":"https:\/\/q9s.5f0.myftpupload.com\/es\/accidentes-de-trafico-2\/#breadcrumb","itemListElement":[{"@type":"ListItem","position":1,"name":"Home","item":"https:\/\/q9s.5f0.myftpupload.com\/es\/"},{"@type":"ListItem","position":2,"name":"Accidentes de tr\u00e1fico"}]},{"@type":"WebSite","@id":"https:\/\/q9s.5f0.myftpupload.com\/es\/#website","url":"https:\/\/q9s.5f0.myftpupload.com\/es\/","name":"The Shariff Law Firm, PLLC","description":"","potentialAction":[{"@type":"SearchAction","target":{"@type":"EntryPoint","urlTemplate":"https:\/\/q9s.5f0.myftpupload.com\/es\/?s={search_term_string}"},"query-input":{"@type":"PropertyValueSpecification","valueRequired":true,"valueName":"search_term_string"}}],"inLanguage":"es-ES"}]}},"_links":{"self":[{"href":"https:\/\/q9s.5f0.myftpupload.com\/es\/wp-json\/wp\/v2\/pages\/837","targetHints":{"allow":["GET"]}}],"collection":[{"href":"https:\/\/q9s.5f0.myftpupload.com\/es\/wp-json\/wp\/v2\/pages"}],"about":[{"href":"https:\/\/q9s.5f0.myftpupload.com\/es\/wp-json\/wp\/v2\/types\/page"}],"author":[{"embeddable":true,"href":"https:\/\/q9s.5f0.myftpupload.com\/es\/wp-json\/wp\/v2\/users\/2"}],"replies":[{"embeddable":true,"href":"https:\/\/q9s.5f0.myftpupload.com\/es\/wp-json\/wp\/v2\/comments?post=837"}],"version-history":[{"count":0,"href":"https:\/\/q9s.5f0.myftpupload.com\/es\/wp-json\/wp\/v2\/pages\/837\/revisions"}],"wp:attachment":[{"href":"https:\/\/q9s.5f0.myftpupload.com\/es\/wp-json\/wp\/v2\/media?parent=837"}],"curies":[{"name":"wp","href":"https:\/\/api.w.org\/{rel}","templated":true}]}}