{"id":842,"date":"2021-03-01T05:58:24","date_gmt":"2021-03-01T05:58:24","guid":{"rendered":"https:\/\/q9s.5f0.myftpupload.com\/quienes-somos\/"},"modified":"2024-07-30T16:21:27","modified_gmt":"2024-07-30T16:21:27","slug":"quienes-somos","status":"publish","type":"page","link":"https:\/\/q9s.5f0.myftpupload.com\/es\/quienes-somos\/","title":{"rendered":"Qui\u00e9nes somos"},"content":{"rendered":"<h1>Con experiencia. Agresivo. Honesto.<\/h1>\n<h2>Representando con \u00e9xito casos en el gran estado de Texas<\/h2>\n<p>El bufete de abogados Shariff centra su tiempo y esfuerzo en luchar por los clientes que han sufrido lesiones graves o catastr\u00f3ficas, o est\u00e1n inmersos en disputas comerciales. Nuestro bufete de abogados en Houston ha establecido un legado de representaci\u00f3n atenta y altamente eficaz en asuntos de todos los niveles de complejidad.<\/p>\n<div class=\"Team-Page-Row\">\n<div class=\"Attorney_Div\">\n<div class=\"Image-Div\"><img decoding=\"async\" src=\"https:\/\/q9s.5f0.myftpupload.com\/wp-content\/uploads\/2023\/12\/att-im.jpg\" alt=\"\" \/><\/div>\n<div class=\"Text-Div\">\n<div class=\"Title\">M. Obaid Shariff, J.D.<\/div>\n<p class=\"P12\">Abogado gerente<\/p>\n<div class=\"Button-Div\"><a href=\"https:\/\/q9s.5f0.myftpupload.com\/m-obaid-shariff-j-d\/\">Ver biograf\u00eda<\/a><\/div>\n<\/div>\n<\/div>\n<div class=\"Attorney_Div\">\n<div class=\"Image-Div\"><img decoding=\"async\" src=\"https:\/\/q9s.5f0.myftpupload.com\/wp-content\/uploads\/2023\/02\/ATTONEY-IAMGE-2.jpg\" alt=\"\" \/><\/div>\n<div class=\"Text-Div\">\n<div class=\"Title\">Russell Ross, J.D., M.B.A.<\/div>\n<p class=\"P12\">Abogado asociado<\/p>\n<div class=\"Button-Div\"><a href=\"https:\/\/q9s.5f0.myftpupload.com\/russell-ross-j-d-m-b-a\/\">Ver biograf\u00eda<\/a><\/div>\n<\/div>\n<\/div>\n<\/div>\n","protected":false},"excerpt":{"rendered":"<p>Con experiencia. Agresivo. Honesto. Representando con \u00e9xito casos en el gran estado de Texas El bufete de abogados Shariff centra su tiempo y esfuerzo en luchar por los clientes que han sufrido lesiones graves o catastr\u00f3ficas, o est\u00e1n inmersos en disputas comerciales. Nuestro bufete de abogados en Houston ha establecido un legado de representaci\u00f3n atenta [&hellip;]<\/p>\n","protected":false},"author":2,"featured_media":0,"parent":0,"menu_order":0,"comment_status":"closed","ping_status":"closed","template":"","meta":{"inline_featured_image":false,"_genesis_hide_title":false,"_genesis_hide_breadcrumbs":false,"_genesis_hide_singular_image":false,"_genesis_hide_footer_widgets":false,"_genesis_custom_body_class":"","_genesis_custom_post_class":"","_genesis_layout":"","footnotes":""},"class_list":{"0":"post-842","1":"page","2":"type-page","3":"status-publish","5":"entry"},"yoast_head":"<!-- This site is optimized with the Yoast SEO plugin v27.4 - https:\/\/yoast.com\/product\/yoast-seo-wordpress\/ -->\n<title>Sobre nosotros | The Shariff Law Firm, PLLC. - Texas<\/title>\n<meta name=\"robots\" content=\"noindex, follow, max-snippet:-1, max-image-preview:large, max-video-preview:-1\" \/>\n<meta property=\"og:locale\" content=\"es_ES\" \/>\n<meta property=\"og:type\" content=\"article\" \/>\n<meta property=\"og:title\" content=\"Sobre nosotros | The Shariff Law Firm, PLLC. - Texas\" \/>\n<meta property=\"og:description\" content=\"Con experiencia. Agresivo. Honesto. Representando con \u00e9xito casos en el gran estado de Texas El bufete de abogados Shariff centra su tiempo y esfuerzo en luchar por los clientes que han sufrido lesiones graves o catastr\u00f3ficas, o est\u00e1n inmersos en disputas comerciales. Nuestro bufete de abogados en Houston ha establecido un legado de representaci\u00f3n atenta [&hellip;]\" \/>\n<meta property=\"og:url\" content=\"https:\/\/q9s.5f0.myftpupload.com\/es\/quienes-somos\/\" \/>\n<meta property=\"og:site_name\" content=\"The Shariff Law Firm, PLLC\" \/>\n<meta property=\"article:modified_time\" content=\"2024-07-30T16:21:27+00:00\" \/>\n<meta property=\"og:image\" content=\"https:\/\/q9s.5f0.myftpupload.com\/wp-content\/uploads\/2023\/12\/att-im.jpg\" \/>\n<meta name=\"twitter:card\" content=\"summary_large_image\" \/>\n<meta name=\"twitter:label1\" content=\"Est. reading time\" \/>\n\t<meta name=\"twitter:data1\" content=\"1 minute\" \/>\n<!-- \/ Yoast SEO plugin. -->","yoast_head_json":{"title":"Sobre nosotros | The Shariff Law Firm, PLLC. - Texas","robots":{"index":"noindex","follow":"follow","max-snippet":"max-snippet:-1","max-image-preview":"max-image-preview:large","max-video-preview":"max-video-preview:-1"},"og_locale":"es_ES","og_type":"article","og_title":"Sobre nosotros | The Shariff Law Firm, PLLC. - Texas","og_description":"Con experiencia. Agresivo. Honesto. Representando con \u00e9xito casos en el gran estado de Texas El bufete de abogados Shariff centra su tiempo y esfuerzo en luchar por los clientes que han sufrido lesiones graves o catastr\u00f3ficas, o est\u00e1n inmersos en disputas comerciales. Nuestro bufete de abogados en Houston ha establecido un legado de representaci\u00f3n atenta [&hellip;]","og_url":"https:\/\/q9s.5f0.myftpupload.com\/es\/quienes-somos\/","og_site_name":"The Shariff Law Firm, PLLC","article_modified_time":"2024-07-30T16:21:27+00:00","og_image":[{"url":"https:\/\/q9s.5f0.myftpupload.com\/wp-content\/uploads\/2023\/12\/att-im.jpg","type":"","width":"","height":""}],"twitter_card":"summary_large_image","twitter_misc":{"Est. reading time":"1 minute"},"schema":{"@context":"https:\/\/schema.org","@graph":[{"@type":"WebPage","@id":"https:\/\/q9s.5f0.myftpupload.com\/es\/quienes-somos\/","url":"https:\/\/q9s.5f0.myftpupload.com\/es\/quienes-somos\/","name":"Sobre nosotros | The Shariff Law Firm, PLLC. - Texas","isPartOf":{"@id":"https:\/\/q9s.5f0.myftpupload.com\/es\/#website"},"primaryImageOfPage":{"@id":"https:\/\/q9s.5f0.myftpupload.com\/es\/quienes-somos\/#primaryimage"},"image":{"@id":"https:\/\/q9s.5f0.myftpupload.com\/es\/quienes-somos\/#primaryimage"},"thumbnailUrl":"https:\/\/q9s.5f0.myftpupload.com\/wp-content\/uploads\/2023\/12\/att-im.jpg","datePublished":"2021-03-01T05:58:24+00:00","dateModified":"2024-07-30T16:21:27+00:00","breadcrumb":{"@id":"https:\/\/q9s.5f0.myftpupload.com\/es\/quienes-somos\/#breadcrumb"},"inLanguage":"es-ES","potentialAction":[{"@type":"ReadAction","target":["https:\/\/q9s.5f0.myftpupload.com\/es\/quienes-somos\/"]}]},{"@type":"ImageObject","inLanguage":"es-ES","@id":"https:\/\/q9s.5f0.myftpupload.com\/es\/quienes-somos\/#primaryimage","url":"https:\/\/q9s.5f0.myftpupload.com\/wp-content\/uploads\/2023\/12\/att-im.jpg","contentUrl":"https:\/\/q9s.5f0.myftpupload.com\/wp-content\/uploads\/2023\/12\/att-im.jpg"},{"@type":"BreadcrumbList","@id":"https:\/\/q9s.5f0.myftpupload.com\/es\/quienes-somos\/#breadcrumb","itemListElement":[{"@type":"ListItem","position":1,"name":"Home","item":"https:\/\/q9s.5f0.myftpupload.com\/es\/"},{"@type":"ListItem","position":2,"name":"Qui\u00e9nes somos"}]},{"@type":"WebSite","@id":"https:\/\/q9s.5f0.myftpupload.com\/es\/#website","url":"https:\/\/q9s.5f0.myftpupload.com\/es\/","name":"The Shariff Law Firm, PLLC","description":"","potentialAction":[{"@type":"SearchAction","target":{"@type":"EntryPoint","urlTemplate":"https:\/\/q9s.5f0.myftpupload.com\/es\/?s={search_term_string}"},"query-input":{"@type":"PropertyValueSpecification","valueRequired":true,"valueName":"search_term_string"}}],"inLanguage":"es-ES"}]}},"_links":{"self":[{"href":"https:\/\/q9s.5f0.myftpupload.com\/es\/wp-json\/wp\/v2\/pages\/842","targetHints":{"allow":["GET"]}}],"collection":[{"href":"https:\/\/q9s.5f0.myftpupload.com\/es\/wp-json\/wp\/v2\/pages"}],"about":[{"href":"https:\/\/q9s.5f0.myftpupload.com\/es\/wp-json\/wp\/v2\/types\/page"}],"author":[{"embeddable":true,"href":"https:\/\/q9s.5f0.myftpupload.com\/es\/wp-json\/wp\/v2\/users\/2"}],"replies":[{"embeddable":true,"href":"https:\/\/q9s.5f0.myftpupload.com\/es\/wp-json\/wp\/v2\/comments?post=842"}],"version-history":[{"count":0,"href":"https:\/\/q9s.5f0.myftpupload.com\/es\/wp-json\/wp\/v2\/pages\/842\/revisions"}],"wp:attachment":[{"href":"https:\/\/q9s.5f0.myftpupload.com\/es\/wp-json\/wp\/v2\/media?parent=842"}],"curies":[{"name":"wp","href":"https:\/\/api.w.org\/{rel}","templated":true}]}}